{"id":18425,"date":"2018-10-03T15:29:52","date_gmt":"2018-10-03T11:29:52","guid":{"rendered":"http:\/\/www.editorialjuventud.es\/pies-en-polvorosa-9788426145406\/"},"modified":"2025-01-22T12:57:20","modified_gmt":"2025-01-22T11:57:20","slug":"pies-en-polvorosa-9788426145406","status":"publish","type":"product","link":"https:\/\/www.editorialjuventud.es\/ca\/pies-en-polvorosa-9788426145406\/","title":{"rendered":"Pies en polvorosa"},"content":{"rendered":"<p>Este c\u00f3mic de gran formato nos narra las aventuras de un grupo de amigos que, mientras buscan un lugar lejano al que escapar, vivir\u00e1n una situaci\u00f3n inesperada que les har\u00e1 cambiar de opini\u00f3n. Un libro que, con sutileza, humor y en el formato de aventuras preferido por los ni\u00f1os, sirve para hablar de la empat\u00eda, de encontrar el sitio de uno mismo y para darse cuenta que, a veces, tan s\u00f3lo con cambiar un poco de perspectiva las cosas se ven de una manera muy distinta. Al final del libro hay un juego final con el que construir la balsa de la historia gracias a una maqueta recortable y las instrucciones para montarla.<\/p>\n","protected":false},"excerpt":{"rendered":"Este c\u00f3mic de gran formato nos narra las aventuras de un grupo de amigos que, mientras buscan un lugar lejano al que escapar, vivir\u00e1n una situaci\u00f3n inesperada que les har\u00e1 cambiar de opini\u00f3n. Un libro que, con sutileza, humor y [&hellip;]","protected":false},"featured_media":18426,"template":"","meta":{"_acf_changed":false,"_exactmetrics_skip_tracking":false,"_exactmetrics_sitenote_active":false,"_exactmetrics_sitenote_note":"","_exactmetrics_sitenote_category":0},"product_brand":[],"product_cat":[902,1136,1142,1143,1127,1156,1291,1192,1126],"product_tag":[],"coleccion":[935],"class_list":{"0":"post-18425","1":"product","2":"type-product","3":"status-publish","4":"has-post-thumbnail","6":"product_cat-a-partir-de-7-anos","7":"product_cat-amistad","8":"product_cat-aventura","9":"product_cat-barcos","10":"product_cat-comic","11":"product_cat-cooperacion","12":"product_cat-libro-juego","13":"product_cat-manualidades-tematica","14":"product_cat-manualidades","15":"coleccion-juventud-comic","17":"first","18":"instock","19":"taxable","20":"shipping-taxable","21":"purchasable","22":"product-type-simple"},"acf":{"indice":"","autor":"Cruchaudet, Chole","codart":"4540","ediciones":"1","encuadernacion":"Carton\u00e9","fecha_de_publicacion":"01\/10\/2018","novedad":"0","paginas":"28","subtitulo":"","texto_web_adicional":"","autores-libros":[18441],"ilustradores-libros":[18441],"texto_web_novedad":"","orden":"999","portada":"0","texto_web_resaltado":"","traductores-libros":[18265],"descripcion_corta":"","recomendamos":"","mas_vendido":"","titulo-fr":"","texto-fr":"","color":false,"formato":"","mas_informacion_del_producto":false,"premios":false,"texto_enlace_cubierta":"Cubierta","enlace_cubierta":{"ID":18618,"id":18618,"title":"cover PIES EN POLVOROSA.indd","filename":"Cover-Pies-en-polvorosa.jpg","filesize":819653,"url":"https:\/\/www.editorialjuventud.es\/wp-content\/uploads\/Cover-Pies-en-polvorosa.jpg","link":"https:\/\/www.editorialjuventud.es\/ca\/?attachment_id=18618","alt":"","author":"47","description":"","caption":"","name":"cover-pies-en-polvorosa-indd-2","status":"inherit","uploaded_to":18425,"date":"2018-10-17 11:52:38","modified":"2018-10-17 11:52:38","menu_order":0,"mime_type":"image\/jpeg","type":"image","subtype":"jpeg","icon":"https:\/\/www.editorialjuventud.es\/wp-includes\/images\/media\/default.png","width":1543,"height":2023,"sizes":{"thumbnail":"https:\/\/www.editorialjuventud.es\/wp-content\/uploads\/Cover-Pies-en-polvorosa-200x200.jpg","thumbnail-width":200,"thumbnail-height":200,"medium":"https:\/\/www.editorialjuventud.es\/wp-content\/uploads\/Cover-Pies-en-polvorosa.jpg","medium-width":1543,"medium-height":2023,"medium_large":"https:\/\/www.editorialjuventud.es\/wp-content\/uploads\/Cover-Pies-en-polvorosa-768x1007.jpg","medium_large-width":768,"medium_large-height":1007,"large":"https:\/\/www.editorialjuventud.es\/wp-content\/uploads\/Cover-Pies-en-polvorosa.jpg","large-width":1543,"large-height":2023,"1536x1536":"https:\/\/www.editorialjuventud.es\/wp-content\/uploads\/Cover-Pies-en-polvorosa.jpg","1536x1536-width":1172,"1536x1536-height":1536,"2048x2048":"https:\/\/www.editorialjuventud.es\/wp-content\/uploads\/Cover-Pies-en-polvorosa.jpg","2048x2048-width":1543,"2048x2048-height":2023,"woocommerce_thumbnail":"https:\/\/www.editorialjuventud.es\/wp-content\/uploads\/Cover-Pies-en-polvorosa-350x459.jpg","woocommerce_thumbnail-width":350,"woocommerce_thumbnail-height":459,"woocommerce_single":"https:\/\/www.editorialjuventud.es\/wp-content\/uploads\/Cover-Pies-en-polvorosa-900x1180.jpg","woocommerce_single-width":900,"woocommerce_single-height":1180,"woocommerce_gallery_thumbnail":"https:\/\/www.editorialjuventud.es\/wp-content\/uploads\/Cover-Pies-en-polvorosa-100x100.jpg","woocommerce_gallery_thumbnail-width":100,"woocommerce_gallery_thumbnail-height":100,"ppec_logo_image_size":"https:\/\/www.editorialjuventud.es\/wp-content\/uploads\/Cover-Pies-en-polvorosa.jpg","ppec_logo_image_size-width":46,"ppec_logo_image_size-height":60,"ppec_header_image_size":"https:\/\/www.editorialjuventud.es\/wp-content\/uploads\/Cover-Pies-en-polvorosa.jpg","ppec_header_image_size-width":69,"ppec_header_image_size-height":90}},"texto_enlace_ficha_tecnica":"Ficha t\u00e9cnica","enlace_ficha_tecnica":{"ID":18778,"id":18778,"title":"ficha Pies en polvorosa CAST","filename":"ficha-Pies-en-polvorosa-CAST.pdf","filesize":278231,"url":"https:\/\/www.editorialjuventud.es\/wp-content\/uploads\/ficha-Pies-en-polvorosa-CAST.pdf","link":"https:\/\/www.editorialjuventud.es\/ca\/?attachment_id=18778","alt":"","author":"47","description":"","caption":"","name":"ficha-pies-en-polvorosa-cast","status":"inherit","uploaded_to":18410,"date":"2018-10-23 11:43:15","modified":"2018-10-23 11:43:15","menu_order":0,"mime_type":"application\/pdf","type":"application","subtype":"pdf","icon":"https:\/\/www.editorialjuventud.es\/wp-includes\/images\/media\/document.png"},"ficheros":false},"yoast_head":"<!-- This site is optimized with the Yoast SEO plugin v27.3 - https:\/\/yoast.com\/product\/yoast-seo-wordpress\/ -->\n<title>Pies en polvorosa - Editorial Juventud<\/title>\n<meta name=\"description\" content=\"Este c\u00f3mic de gran formato nos narra las aventuras de un grupo de amigos que, mientras buscan un lugar lejano al que escapar, vivir\u00e1n una situaci\u00f3n\" \/>\n<meta name=\"robots\" content=\"index, follow, max-snippet:-1, max-image-preview:large, max-video-preview:-1\" \/>\n<link rel=\"canonical\" href=\"https:\/\/www.editorialjuventud.es\/pies-en-polvorosa-9788426145406\/\" \/>\n<meta property=\"og:locale\" content=\"ca_ES\" \/>\n<meta property=\"og:type\" content=\"article\" \/>\n<meta property=\"og:title\" content=\"Pies en polvorosa - Editorial Juventud\" \/>\n<meta property=\"og:description\" content=\"Este c\u00f3mic de gran formato nos narra las aventuras de un grupo de amigos que, mientras buscan un lugar lejano al que escapar, vivir\u00e1n una situaci\u00f3n\" \/>\n<meta property=\"og:url\" content=\"https:\/\/www.editorialjuventud.es\/pies-en-polvorosa-9788426145406\/\" \/>\n<meta property=\"og:site_name\" content=\"Editorial Juventud\" \/>\n<meta property=\"article:modified_time\" content=\"2025-01-22T11:57:20+00:00\" \/>\n<meta property=\"og:image\" content=\"https:\/\/www.editorialjuventud.es\/wp-content\/uploads\/4540.jpg\" \/>\n\t<meta property=\"og:image:width\" content=\"3214\" \/>\n\t<meta property=\"og:image:height\" content=\"4215\" \/>\n\t<meta property=\"og:image:type\" content=\"image\/jpeg\" \/>\n<meta name=\"twitter:card\" content=\"summary_large_image\" \/>\n<meta name=\"twitter:label1\" content=\"Temps estimat de lectura\" \/>\n\t<meta name=\"twitter:data1\" content=\"1 minut\" \/>\n<script type=\"application\/ld+json\" class=\"yoast-schema-graph\">{\"@context\":\"https:\\\/\\\/schema.org\",\"@graph\":[{\"@type\":\"WebPage\",\"@id\":\"https:\\\/\\\/www.editorialjuventud.es\\\/pies-en-polvorosa-9788426145406\\\/\",\"url\":\"https:\\\/\\\/www.editorialjuventud.es\\\/pies-en-polvorosa-9788426145406\\\/\",\"name\":\"Pies en polvorosa - Editorial Juventud\",\"isPartOf\":{\"@id\":\"https:\\\/\\\/www.editorialjuventud.es\\\/#website\"},\"primaryImageOfPage\":{\"@id\":\"https:\\\/\\\/www.editorialjuventud.es\\\/pies-en-polvorosa-9788426145406\\\/#primaryimage\"},\"image\":{\"@id\":\"https:\\\/\\\/www.editorialjuventud.es\\\/pies-en-polvorosa-9788426145406\\\/#primaryimage\"},\"thumbnailUrl\":\"https:\\\/\\\/www.editorialjuventud.es\\\/wp-content\\\/uploads\\\/4540.jpg\",\"datePublished\":\"2018-10-03T11:29:52+00:00\",\"dateModified\":\"2025-01-22T11:57:20+00:00\",\"description\":\"Este c\u00f3mic de gran formato nos narra las aventuras de un grupo de amigos que, mientras buscan un lugar lejano al que escapar, vivir\u00e1n una situaci\u00f3n\",\"breadcrumb\":{\"@id\":\"https:\\\/\\\/www.editorialjuventud.es\\\/pies-en-polvorosa-9788426145406\\\/#breadcrumb\"},\"inLanguage\":\"ca\",\"potentialAction\":[{\"@type\":\"ReadAction\",\"target\":[\"https:\\\/\\\/www.editorialjuventud.es\\\/pies-en-polvorosa-9788426145406\\\/\"]}]},{\"@type\":\"ImageObject\",\"inLanguage\":\"ca\",\"@id\":\"https:\\\/\\\/www.editorialjuventud.es\\\/pies-en-polvorosa-9788426145406\\\/#primaryimage\",\"url\":\"https:\\\/\\\/www.editorialjuventud.es\\\/wp-content\\\/uploads\\\/4540.jpg\",\"contentUrl\":\"https:\\\/\\\/www.editorialjuventud.es\\\/wp-content\\\/uploads\\\/4540.jpg\",\"width\":3214,\"height\":4215,\"caption\":\"4540.jpg\"},{\"@type\":\"BreadcrumbList\",\"@id\":\"https:\\\/\\\/www.editorialjuventud.es\\\/pies-en-polvorosa-9788426145406\\\/#breadcrumb\",\"itemListElement\":[{\"@type\":\"ListItem\",\"position\":1,\"name\":\"Portada\",\"item\":\"https:\\\/\\\/www.editorialjuventud.es\\\/\"},{\"@type\":\"ListItem\",\"position\":2,\"name\":\"cat\u00e1logo\",\"item\":\"https:\\\/\\\/www.editorialjuventud.es\\\/coleccion\\\/catalogo\\\/\"},{\"@type\":\"ListItem\",\"position\":3,\"name\":\"castellano\",\"item\":\"https:\\\/\\\/www.editorialjuventud.es\\\/coleccion\\\/castellano\\\/\"},{\"@type\":\"ListItem\",\"position\":4,\"name\":\"Juventud C\u00f3mic\",\"item\":\"https:\\\/\\\/www.editorialjuventud.es\\\/coleccion\\\/juventud-comic\\\/\"},{\"@type\":\"ListItem\",\"position\":5,\"name\":\"Pies en polvorosa\"}]},{\"@type\":\"WebSite\",\"@id\":\"https:\\\/\\\/www.editorialjuventud.es\\\/#website\",\"url\":\"https:\\\/\\\/www.editorialjuventud.es\\\/\",\"name\":\"Editorial Juventud\",\"description\":\"\",\"potentialAction\":[{\"@type\":\"SearchAction\",\"target\":{\"@type\":\"EntryPoint\",\"urlTemplate\":\"https:\\\/\\\/www.editorialjuventud.es\\\/?s={search_term_string}\"},\"query-input\":{\"@type\":\"PropertyValueSpecification\",\"valueRequired\":true,\"valueName\":\"search_term_string\"}}],\"inLanguage\":\"ca\"}]}<\/script>\n<!-- \/ Yoast SEO plugin. -->","yoast_head_json":{"title":"Pies en polvorosa - Editorial Juventud","description":"Este c\u00f3mic de gran formato nos narra las aventuras de un grupo de amigos que, mientras buscan un lugar lejano al que escapar, vivir\u00e1n una situaci\u00f3n","robots":{"index":"index","follow":"follow","max-snippet":"max-snippet:-1","max-image-preview":"max-image-preview:large","max-video-preview":"max-video-preview:-1"},"canonical":"https:\/\/www.editorialjuventud.es\/pies-en-polvorosa-9788426145406\/","og_locale":"ca_ES","og_type":"article","og_title":"Pies en polvorosa - Editorial Juventud","og_description":"Este c\u00f3mic de gran formato nos narra las aventuras de un grupo de amigos que, mientras buscan un lugar lejano al que escapar, vivir\u00e1n una situaci\u00f3n","og_url":"https:\/\/www.editorialjuventud.es\/pies-en-polvorosa-9788426145406\/","og_site_name":"Editorial Juventud","article_modified_time":"2025-01-22T11:57:20+00:00","og_image":[{"url":"https:\/\/www.editorialjuventud.es\/wp-content\/uploads\/4540.jpg","width":3214,"height":4215,"type":"image\/jpeg"}],"twitter_card":"summary_large_image","twitter_misc":{"Temps estimat de lectura":"1 minut"},"schema":{"@context":"https:\/\/schema.org","@graph":[{"@type":"WebPage","@id":"https:\/\/www.editorialjuventud.es\/pies-en-polvorosa-9788426145406\/","url":"https:\/\/www.editorialjuventud.es\/pies-en-polvorosa-9788426145406\/","name":"Pies en polvorosa - Editorial Juventud","isPartOf":{"@id":"https:\/\/www.editorialjuventud.es\/#website"},"primaryImageOfPage":{"@id":"https:\/\/www.editorialjuventud.es\/pies-en-polvorosa-9788426145406\/#primaryimage"},"image":{"@id":"https:\/\/www.editorialjuventud.es\/pies-en-polvorosa-9788426145406\/#primaryimage"},"thumbnailUrl":"https:\/\/www.editorialjuventud.es\/wp-content\/uploads\/4540.jpg","datePublished":"2018-10-03T11:29:52+00:00","dateModified":"2025-01-22T11:57:20+00:00","description":"Este c\u00f3mic de gran formato nos narra las aventuras de un grupo de amigos que, mientras buscan un lugar lejano al que escapar, vivir\u00e1n una situaci\u00f3n","breadcrumb":{"@id":"https:\/\/www.editorialjuventud.es\/pies-en-polvorosa-9788426145406\/#breadcrumb"},"inLanguage":"ca","potentialAction":[{"@type":"ReadAction","target":["https:\/\/www.editorialjuventud.es\/pies-en-polvorosa-9788426145406\/"]}]},{"@type":"ImageObject","inLanguage":"ca","@id":"https:\/\/www.editorialjuventud.es\/pies-en-polvorosa-9788426145406\/#primaryimage","url":"https:\/\/www.editorialjuventud.es\/wp-content\/uploads\/4540.jpg","contentUrl":"https:\/\/www.editorialjuventud.es\/wp-content\/uploads\/4540.jpg","width":3214,"height":4215,"caption":"4540.jpg"},{"@type":"BreadcrumbList","@id":"https:\/\/www.editorialjuventud.es\/pies-en-polvorosa-9788426145406\/#breadcrumb","itemListElement":[{"@type":"ListItem","position":1,"name":"Portada","item":"https:\/\/www.editorialjuventud.es\/"},{"@type":"ListItem","position":2,"name":"cat\u00e1logo","item":"https:\/\/www.editorialjuventud.es\/coleccion\/catalogo\/"},{"@type":"ListItem","position":3,"name":"castellano","item":"https:\/\/www.editorialjuventud.es\/coleccion\/castellano\/"},{"@type":"ListItem","position":4,"name":"Juventud C\u00f3mic","item":"https:\/\/www.editorialjuventud.es\/coleccion\/juventud-comic\/"},{"@type":"ListItem","position":5,"name":"Pies en polvorosa"}]},{"@type":"WebSite","@id":"https:\/\/www.editorialjuventud.es\/#website","url":"https:\/\/www.editorialjuventud.es\/","name":"Editorial Juventud","description":"","potentialAction":[{"@type":"SearchAction","target":{"@type":"EntryPoint","urlTemplate":"https:\/\/www.editorialjuventud.es\/?s={search_term_string}"},"query-input":{"@type":"PropertyValueSpecification","valueRequired":true,"valueName":"search_term_string"}}],"inLanguage":"ca"}]}},"_links":{"self":[{"href":"https:\/\/www.editorialjuventud.es\/ca\/wp-json\/wp\/v2\/product\/18425","targetHints":{"allow":["GET"]}}],"collection":[{"href":"https:\/\/www.editorialjuventud.es\/ca\/wp-json\/wp\/v2\/product"}],"about":[{"href":"https:\/\/www.editorialjuventud.es\/ca\/wp-json\/wp\/v2\/types\/product"}],"wp:featuredmedia":[{"embeddable":true,"href":"https:\/\/www.editorialjuventud.es\/ca\/wp-json\/wp\/v2\/media\/18426"}],"wp:attachment":[{"href":"https:\/\/www.editorialjuventud.es\/ca\/wp-json\/wp\/v2\/media?parent=18425"}],"wp:term":[{"taxonomy":"product_brand","embeddable":true,"href":"https:\/\/www.editorialjuventud.es\/ca\/wp-json\/wp\/v2\/product_brand?post=18425"},{"taxonomy":"product_cat","embeddable":true,"href":"https:\/\/www.editorialjuventud.es\/ca\/wp-json\/wp\/v2\/product_cat?post=18425"},{"taxonomy":"product_tag","embeddable":true,"href":"https:\/\/www.editorialjuventud.es\/ca\/wp-json\/wp\/v2\/product_tag?post=18425"},{"taxonomy":"coleccion","embeddable":true,"href":"https:\/\/www.editorialjuventud.es\/ca\/wp-json\/wp\/v2\/coleccion?post=18425"}],"curies":[{"name":"wp","href":"https:\/\/api.w.org\/{rel}","templated":true}]}}