{"id":18422,"date":"2018-10-03T13:29:19","date_gmt":"2018-10-03T11:29:19","guid":{"rendered":"http:\/\/www.editorialjuventud.es\/la-gallinita-kika-y-el-elefante-sorpresa-9788426145130\/"},"modified":"2019-11-27T11:25:44","modified_gmt":"2019-11-27T10:25:44","slug":"la-gallinita-kika-y-el-elefante-sorpresa-9788426145130","status":"publish","type":"product","link":"https:\/\/www.editorialjuventud.es\/ca\/la-gallinita-kika-y-el-elefante-sorpresa-9788426145130\/","title":{"rendered":"La gallinita Kika y el elefante sorpresa"},"content":{"rendered":"<p>Es la hora de hacer los deberes para la gallinita Kika, que justo acaba de aprender en la escuela que todos los buenos cuentos tienen una cosa en com\u00fan: un elefante sorpresa. \u00bfO se trata, como le sugiere su padre, de un elemento sorpresa? Mientras se sumergen en un cuento tras otro, buscando aquellos fragmentos que te hacen decir \u00a1Uala! No me imaginaba que iba a suceder esto!, el pap\u00e1 de Kika est\u00e1 seguro de poder convencer a su hija de que \u00e9l tiene raz\u00f3n. Despu\u00e9s de todo, no hay elefantes en El patito feo, Rapunzel, o La sirenita?, \u00bfo s\u00ed? \u00a0Sea un elefante o un elemento, en cada cuento les aguarda una buena sorpresa a la gallinita Kika y a su pap\u00e1. Este delicioso libro seguro que encantar\u00e1 a quienes aman los cuentos, las sorpresas y los elefantes por igual.<\/p>\n","protected":false},"excerpt":{"rendered":"Es la hora de hacer los deberes para la gallinita Kika, que justo acaba de aprender en la escuela que todos los buenos cuentos tienen una cosa en com\u00fan: un elefante sorpresa. \u00bfO se trata, como le sugiere su padre, [&hellip;]","protected":false},"featured_media":18423,"template":"","meta":{"_acf_changed":false,"_exactmetrics_skip_tracking":false,"_exactmetrics_sitenote_active":false,"_exactmetrics_sitenote_note":"","_exactmetrics_sitenote_category":0},"product_brand":[],"product_cat":[899,1121,1144,892,1115,1184,1128],"product_tag":[],"coleccion":[928,916,1233],"class_list":{"0":"post-18422","1":"product","2":"type-product","3":"status-publish","4":"has-post-thumbnail","6":"product_cat-a-partir-de-3-anos","7":"product_cat-albumes-ilustrados","8":"product_cat-bibliotecas-libros-sobre-libros","9":"product_cat-edades","10":"product_cat-generos","11":"product_cat-humor","12":"product_cat-tematica","13":"coleccion-albumes-ilustrados","14":"coleccion-castellano","15":"coleccion-libros-y-bibliotecas-albumes-ilustrados","17":"first","18":"instock","19":"taxable","20":"shipping-taxable","21":"purchasable","22":"product-type-simple"},"acf":{"indice":"","autor":"EZRA STEIN, DAVID","codart":"4513","ediciones":"0","encuadernacion":"Carton\u00e9","fecha_de_publicacion":"01\/10\/2018","novedad":"0","paginas":"40","subtitulo":"","texto_web_adicional":"","autores-libros":[16352],"ilustradores-libros":[16352],"texto_web_novedad":"","orden":"999","portada":"0","texto_web_resaltado":"","traductores-libros":[18265],"descripcion_corta":"","recomendamos":"","mas_vendido":"","titulo-fr":"","texto-fr":"","color":false,"formato":"","mas_informacion_del_producto":false,"premios":false,"texto_enlace_cubierta":"","enlace_cubierta":{"ID":18620,"id":18620,"title":"Exterior Interrupting Chicken Elephant v3.indd","filename":"Cover-la-gallinita-kika-web-CAST.jpg","filesize":493709,"url":"https:\/\/www.editorialjuventud.es\/wp-content\/uploads\/Cover-la-gallinita-kika-web-CAST.jpg","link":"https:\/\/www.editorialjuventud.es\/ca\/?attachment_id=18620","alt":"","author":"47","description":"","caption":"","name":"exterior-interrupting-chicken-elephant-v3-indd","status":"inherit","uploaded_to":18422,"date":"2018-10-17 12:28:31","modified":"2018-10-17 12:28:31","menu_order":0,"mime_type":"image\/jpeg","type":"image","subtype":"jpeg","icon":"https:\/\/www.editorialjuventud.es\/wp-includes\/images\/media\/default.png","width":1558,"height":1299,"sizes":{"thumbnail":"https:\/\/www.editorialjuventud.es\/wp-content\/uploads\/Cover-la-gallinita-kika-web-CAST-200x200.jpg","thumbnail-width":200,"thumbnail-height":200,"medium":"https:\/\/www.editorialjuventud.es\/wp-content\/uploads\/Cover-la-gallinita-kika-web-CAST.jpg","medium-width":1558,"medium-height":1299,"medium_large":"https:\/\/www.editorialjuventud.es\/wp-content\/uploads\/Cover-la-gallinita-kika-web-CAST-768x640.jpg","medium_large-width":768,"medium_large-height":640,"large":"https:\/\/www.editorialjuventud.es\/wp-content\/uploads\/Cover-la-gallinita-kika-web-CAST.jpg","large-width":1558,"large-height":1299,"1536x1536":"https:\/\/www.editorialjuventud.es\/wp-content\/uploads\/Cover-la-gallinita-kika-web-CAST.jpg","1536x1536-width":1536,"1536x1536-height":1281,"2048x2048":"https:\/\/www.editorialjuventud.es\/wp-content\/uploads\/Cover-la-gallinita-kika-web-CAST.jpg","2048x2048-width":1558,"2048x2048-height":1299,"woocommerce_thumbnail":"https:\/\/www.editorialjuventud.es\/wp-content\/uploads\/Cover-la-gallinita-kika-web-CAST-350x292.jpg","woocommerce_thumbnail-width":350,"woocommerce_thumbnail-height":292,"woocommerce_single":"https:\/\/www.editorialjuventud.es\/wp-content\/uploads\/Cover-la-gallinita-kika-web-CAST-900x750.jpg","woocommerce_single-width":900,"woocommerce_single-height":750,"woocommerce_gallery_thumbnail":"https:\/\/www.editorialjuventud.es\/wp-content\/uploads\/Cover-la-gallinita-kika-web-CAST-100x100.jpg","woocommerce_gallery_thumbnail-width":100,"woocommerce_gallery_thumbnail-height":100,"ppec_logo_image_size":"https:\/\/www.editorialjuventud.es\/wp-content\/uploads\/Cover-la-gallinita-kika-web-CAST.jpg","ppec_logo_image_size-width":72,"ppec_logo_image_size-height":60,"ppec_header_image_size":"https:\/\/www.editorialjuventud.es\/wp-content\/uploads\/Cover-la-gallinita-kika-web-CAST.jpg","ppec_header_image_size-width":108,"ppec_header_image_size-height":90}},"texto_enlace_ficha_tecnica":"Ficha t\u00e9cnica","enlace_ficha_tecnica":{"ID":18766,"id":18766,"title":"ficha la Gallinita Kika CAST","filename":"ficha-la-Gallinita-Kika-CAST.pdf","filesize":199688,"url":"https:\/\/www.editorialjuventud.es\/wp-content\/uploads\/ficha-la-Gallinita-Kika-CAST.pdf","link":"https:\/\/www.editorialjuventud.es\/ca\/?attachment_id=18766","alt":"","author":"47","description":"","caption":"","name":"ficha-la-gallinita-kika-cast","status":"inherit","uploaded_to":18410,"date":"2018-10-23 11:42:55","modified":"2018-10-23 11:42:55","menu_order":0,"mime_type":"application\/pdf","type":"application","subtype":"pdf","icon":"https:\/\/www.editorialjuventud.es\/wp-includes\/images\/media\/document.png"},"ficheros":false},"yoast_head":"<!-- This site is optimized with the Yoast SEO plugin v27.5 - https:\/\/yoast.com\/product\/yoast-seo-wordpress\/ -->\n<title>La gallinita Kika y el elefante sorpresa - Editorial Juventud<\/title>\n<meta name=\"description\" content=\"Es la hora de hacer los deberes para la gallinita Kika, que justo acaba de aprender en la escuela que todos los buenos cuentos tienen una cosa en com\u00fan:\" \/>\n<meta name=\"robots\" content=\"index, follow, max-snippet:-1, max-image-preview:large, max-video-preview:-1\" \/>\n<link rel=\"canonical\" href=\"https:\/\/www.editorialjuventud.es\/la-gallinita-kika-y-el-elefante-sorpresa-9788426145130\/\" \/>\n<meta property=\"og:locale\" content=\"ca_ES\" \/>\n<meta property=\"og:type\" content=\"article\" \/>\n<meta property=\"og:title\" content=\"La gallinita Kika y el elefante sorpresa - Editorial Juventud\" \/>\n<meta property=\"og:description\" content=\"Es la hora de hacer los deberes para la gallinita Kika, que justo acaba de aprender en la escuela que todos los buenos cuentos tienen una cosa en com\u00fan:\" \/>\n<meta property=\"og:url\" content=\"https:\/\/www.editorialjuventud.es\/la-gallinita-kika-y-el-elefante-sorpresa-9788426145130\/\" \/>\n<meta property=\"og:site_name\" content=\"Editorial Juventud\" \/>\n<meta property=\"article:modified_time\" content=\"2019-11-27T10:25:44+00:00\" \/>\n<meta property=\"og:image\" content=\"https:\/\/www.editorialjuventud.es\/wp-content\/uploads\/4513.jpg\" \/>\n\t<meta property=\"og:image:width\" content=\"4868\" \/>\n\t<meta property=\"og:image:height\" content=\"4057\" \/>\n\t<meta property=\"og:image:type\" content=\"image\/jpeg\" \/>\n<meta name=\"twitter:card\" content=\"summary_large_image\" \/>\n<meta name=\"twitter:label1\" content=\"Temps estimat de lectura\" \/>\n\t<meta name=\"twitter:data1\" content=\"1 minut\" \/>\n<script type=\"application\/ld+json\" class=\"yoast-schema-graph\">{\"@context\":\"https:\\\/\\\/schema.org\",\"@graph\":[{\"@type\":\"WebPage\",\"@id\":\"https:\\\/\\\/www.editorialjuventud.es\\\/la-gallinita-kika-y-el-elefante-sorpresa-9788426145130\\\/\",\"url\":\"https:\\\/\\\/www.editorialjuventud.es\\\/la-gallinita-kika-y-el-elefante-sorpresa-9788426145130\\\/\",\"name\":\"La gallinita Kika y el elefante sorpresa - Editorial Juventud\",\"isPartOf\":{\"@id\":\"https:\\\/\\\/www.editorialjuventud.es\\\/#website\"},\"primaryImageOfPage\":{\"@id\":\"https:\\\/\\\/www.editorialjuventud.es\\\/la-gallinita-kika-y-el-elefante-sorpresa-9788426145130\\\/#primaryimage\"},\"image\":{\"@id\":\"https:\\\/\\\/www.editorialjuventud.es\\\/la-gallinita-kika-y-el-elefante-sorpresa-9788426145130\\\/#primaryimage\"},\"thumbnailUrl\":\"https:\\\/\\\/www.editorialjuventud.es\\\/wp-content\\\/uploads\\\/4513.jpg\",\"datePublished\":\"2018-10-03T11:29:19+00:00\",\"dateModified\":\"2019-11-27T10:25:44+00:00\",\"description\":\"Es la hora de hacer los deberes para la gallinita Kika, que justo acaba de aprender en la escuela que todos los buenos cuentos tienen una cosa en com\u00fan:\",\"breadcrumb\":{\"@id\":\"https:\\\/\\\/www.editorialjuventud.es\\\/la-gallinita-kika-y-el-elefante-sorpresa-9788426145130\\\/#breadcrumb\"},\"inLanguage\":\"ca\",\"potentialAction\":[{\"@type\":\"ReadAction\",\"target\":[\"https:\\\/\\\/www.editorialjuventud.es\\\/la-gallinita-kika-y-el-elefante-sorpresa-9788426145130\\\/\"]}]},{\"@type\":\"ImageObject\",\"inLanguage\":\"ca\",\"@id\":\"https:\\\/\\\/www.editorialjuventud.es\\\/la-gallinita-kika-y-el-elefante-sorpresa-9788426145130\\\/#primaryimage\",\"url\":\"https:\\\/\\\/www.editorialjuventud.es\\\/wp-content\\\/uploads\\\/4513.jpg\",\"contentUrl\":\"https:\\\/\\\/www.editorialjuventud.es\\\/wp-content\\\/uploads\\\/4513.jpg\",\"width\":4868,\"height\":4057,\"caption\":\"4513.jpg\"},{\"@type\":\"BreadcrumbList\",\"@id\":\"https:\\\/\\\/www.editorialjuventud.es\\\/la-gallinita-kika-y-el-elefante-sorpresa-9788426145130\\\/#breadcrumb\",\"itemListElement\":[{\"@type\":\"ListItem\",\"position\":1,\"name\":\"Portada\",\"item\":\"https:\\\/\\\/www.editorialjuventud.es\\\/\"},{\"@type\":\"ListItem\",\"position\":2,\"name\":\"cat\u00e1logo\",\"item\":\"https:\\\/\\\/www.editorialjuventud.es\\\/coleccion\\\/catalogo\\\/\"},{\"@type\":\"ListItem\",\"position\":3,\"name\":\"castellano\",\"item\":\"https:\\\/\\\/www.editorialjuventud.es\\\/coleccion\\\/castellano\\\/\"},{\"@type\":\"ListItem\",\"position\":4,\"name\":\"La gallinita Kika y el elefante sorpresa\"}]},{\"@type\":\"WebSite\",\"@id\":\"https:\\\/\\\/www.editorialjuventud.es\\\/#website\",\"url\":\"https:\\\/\\\/www.editorialjuventud.es\\\/\",\"name\":\"Editorial Juventud\",\"description\":\"\",\"potentialAction\":[{\"@type\":\"SearchAction\",\"target\":{\"@type\":\"EntryPoint\",\"urlTemplate\":\"https:\\\/\\\/www.editorialjuventud.es\\\/?s={search_term_string}\"},\"query-input\":{\"@type\":\"PropertyValueSpecification\",\"valueRequired\":true,\"valueName\":\"search_term_string\"}}],\"inLanguage\":\"ca\"}]}<\/script>\n<!-- \/ Yoast SEO plugin. -->","yoast_head_json":{"title":"La gallinita Kika y el elefante sorpresa - Editorial Juventud","description":"Es la hora de hacer los deberes para la gallinita Kika, que justo acaba de aprender en la escuela que todos los buenos cuentos tienen una cosa en com\u00fan:","robots":{"index":"index","follow":"follow","max-snippet":"max-snippet:-1","max-image-preview":"max-image-preview:large","max-video-preview":"max-video-preview:-1"},"canonical":"https:\/\/www.editorialjuventud.es\/la-gallinita-kika-y-el-elefante-sorpresa-9788426145130\/","og_locale":"ca_ES","og_type":"article","og_title":"La gallinita Kika y el elefante sorpresa - Editorial Juventud","og_description":"Es la hora de hacer los deberes para la gallinita Kika, que justo acaba de aprender en la escuela que todos los buenos cuentos tienen una cosa en com\u00fan:","og_url":"https:\/\/www.editorialjuventud.es\/la-gallinita-kika-y-el-elefante-sorpresa-9788426145130\/","og_site_name":"Editorial Juventud","article_modified_time":"2019-11-27T10:25:44+00:00","og_image":[{"width":4868,"height":4057,"url":"https:\/\/www.editorialjuventud.es\/wp-content\/uploads\/4513.jpg","type":"image\/jpeg"}],"twitter_card":"summary_large_image","twitter_misc":{"Temps estimat de lectura":"1 minut"},"schema":{"@context":"https:\/\/schema.org","@graph":[{"@type":"WebPage","@id":"https:\/\/www.editorialjuventud.es\/la-gallinita-kika-y-el-elefante-sorpresa-9788426145130\/","url":"https:\/\/www.editorialjuventud.es\/la-gallinita-kika-y-el-elefante-sorpresa-9788426145130\/","name":"La gallinita Kika y el elefante sorpresa - Editorial Juventud","isPartOf":{"@id":"https:\/\/www.editorialjuventud.es\/#website"},"primaryImageOfPage":{"@id":"https:\/\/www.editorialjuventud.es\/la-gallinita-kika-y-el-elefante-sorpresa-9788426145130\/#primaryimage"},"image":{"@id":"https:\/\/www.editorialjuventud.es\/la-gallinita-kika-y-el-elefante-sorpresa-9788426145130\/#primaryimage"},"thumbnailUrl":"https:\/\/www.editorialjuventud.es\/wp-content\/uploads\/4513.jpg","datePublished":"2018-10-03T11:29:19+00:00","dateModified":"2019-11-27T10:25:44+00:00","description":"Es la hora de hacer los deberes para la gallinita Kika, que justo acaba de aprender en la escuela que todos los buenos cuentos tienen una cosa en com\u00fan:","breadcrumb":{"@id":"https:\/\/www.editorialjuventud.es\/la-gallinita-kika-y-el-elefante-sorpresa-9788426145130\/#breadcrumb"},"inLanguage":"ca","potentialAction":[{"@type":"ReadAction","target":["https:\/\/www.editorialjuventud.es\/la-gallinita-kika-y-el-elefante-sorpresa-9788426145130\/"]}]},{"@type":"ImageObject","inLanguage":"ca","@id":"https:\/\/www.editorialjuventud.es\/la-gallinita-kika-y-el-elefante-sorpresa-9788426145130\/#primaryimage","url":"https:\/\/www.editorialjuventud.es\/wp-content\/uploads\/4513.jpg","contentUrl":"https:\/\/www.editorialjuventud.es\/wp-content\/uploads\/4513.jpg","width":4868,"height":4057,"caption":"4513.jpg"},{"@type":"BreadcrumbList","@id":"https:\/\/www.editorialjuventud.es\/la-gallinita-kika-y-el-elefante-sorpresa-9788426145130\/#breadcrumb","itemListElement":[{"@type":"ListItem","position":1,"name":"Portada","item":"https:\/\/www.editorialjuventud.es\/"},{"@type":"ListItem","position":2,"name":"cat\u00e1logo","item":"https:\/\/www.editorialjuventud.es\/coleccion\/catalogo\/"},{"@type":"ListItem","position":3,"name":"castellano","item":"https:\/\/www.editorialjuventud.es\/coleccion\/castellano\/"},{"@type":"ListItem","position":4,"name":"La gallinita Kika y el elefante sorpresa"}]},{"@type":"WebSite","@id":"https:\/\/www.editorialjuventud.es\/#website","url":"https:\/\/www.editorialjuventud.es\/","name":"Editorial Juventud","description":"","potentialAction":[{"@type":"SearchAction","target":{"@type":"EntryPoint","urlTemplate":"https:\/\/www.editorialjuventud.es\/?s={search_term_string}"},"query-input":{"@type":"PropertyValueSpecification","valueRequired":true,"valueName":"search_term_string"}}],"inLanguage":"ca"}]}},"_links":{"self":[{"href":"https:\/\/www.editorialjuventud.es\/ca\/wp-json\/wp\/v2\/product\/18422","targetHints":{"allow":["GET"]}}],"collection":[{"href":"https:\/\/www.editorialjuventud.es\/ca\/wp-json\/wp\/v2\/product"}],"about":[{"href":"https:\/\/www.editorialjuventud.es\/ca\/wp-json\/wp\/v2\/types\/product"}],"wp:featuredmedia":[{"embeddable":true,"href":"https:\/\/www.editorialjuventud.es\/ca\/wp-json\/wp\/v2\/media\/18423"}],"wp:attachment":[{"href":"https:\/\/www.editorialjuventud.es\/ca\/wp-json\/wp\/v2\/media?parent=18422"}],"wp:term":[{"taxonomy":"product_brand","embeddable":true,"href":"https:\/\/www.editorialjuventud.es\/ca\/wp-json\/wp\/v2\/product_brand?post=18422"},{"taxonomy":"product_cat","embeddable":true,"href":"https:\/\/www.editorialjuventud.es\/ca\/wp-json\/wp\/v2\/product_cat?post=18422"},{"taxonomy":"product_tag","embeddable":true,"href":"https:\/\/www.editorialjuventud.es\/ca\/wp-json\/wp\/v2\/product_tag?post=18422"},{"taxonomy":"coleccion","embeddable":true,"href":"https:\/\/www.editorialjuventud.es\/ca\/wp-json\/wp\/v2\/coleccion?post=18422"}],"curies":[{"name":"wp","href":"https:\/\/api.w.org\/{rel}","templated":true}]}}