{"id":18407,"date":"2018-10-03T15:27:34","date_gmt":"2018-10-03T11:27:34","guid":{"rendered":"http:\/\/www.editorialjuventud.es\/el-lobo-el-pato-y-el-raton-9788426144959\/"},"modified":"2026-01-08T10:35:44","modified_gmt":"2026-01-08T09:35:44","slug":"el-lobo-el-pato-y-el-raton-9788426144959","status":"publish","type":"product","link":"https:\/\/www.editorialjuventud.es\/ca\/el-lobo-el-pato-y-el-raton-9788426144959\/","title":{"rendered":"El lobo, el pato y el rat\u00f3n"},"content":{"rendered":"<p>Una ma\u00f1ana, un rat\u00f3n con un lobo se encontr\u00f3, que al momento se lo trag\u00f3. El rat\u00f3n, dentro de la panza de la fiera, pens\u00f3 que hab\u00eda llegado su fin, cuando de repente oy\u00f3 a alguien gritar. Un pato ya estaba viviendo dentro del vientre del lobo, y vaya, \u00a1qu\u00e9 bien se lo hab\u00eda montado!: deliciosa comida, elegantes juegos de mesa, cortes\u00eda de la glotoner\u00eda desenfrenada del lobo, pero, sobre todo, lo mejor era \u00a1no temer ser comido por el lobo! De hecho, la vida dentro de la panza del lobo era muy placentera y tranquila, hasta que apareci\u00f3 un cazador.<\/p>\n<p>&nbsp;<\/p>\n<p>Este libro ha sido publicado con el apoyo de:<\/p>\n<p><img loading=\"lazy\" decoding=\"async\" class=\"alignnone size-full wp-image-33299\" src=\"http:\/\/www.editorialjuventud.es\/wp-content\/uploads\/0.png\" alt=\"\" width=\"198\" height=\"57\" \/><\/p>\n<p>&nbsp;<\/p>\n","protected":false},"excerpt":{"rendered":"Una ma\u00f1ana, un rat\u00f3n con un lobo se encontr\u00f3, que al momento se lo trag\u00f3. El rat\u00f3n, dentro de la panza de la fiera, pens\u00f3 que hab\u00eda llegado su fin, cuando de repente oy\u00f3 a alguien gritar. Un pato ya [&hellip;]","protected":false},"featured_media":18408,"template":"","meta":{"_acf_changed":false,"_exactmetrics_skip_tracking":false,"_exactmetrics_sitenote_active":false,"_exactmetrics_sitenote_note":"","_exactmetrics_sitenote_category":0},"product_brand":[],"product_cat":[899,1121,1156,1184,1290],"product_tag":[],"coleccion":[1235],"class_list":{"0":"post-18407","1":"product","2":"type-product","3":"status-publish","4":"has-post-thumbnail","6":"product_cat-a-partir-de-3-anos","7":"product_cat-albumes-ilustrados","8":"product_cat-cooperacion","9":"product_cat-humor","10":"product_cat-lobo","11":"coleccion-un-millon-de-amigos","13":"first","14":"instock","15":"taxable","16":"shipping-taxable","17":"purchasable","18":"product-type-simple"},"acf":{"indice":"","autor":"BARNETT - KLASSEN","codart":"4495","ediciones":"1","encuadernacion":"Carton\u00e9","fecha_de_publicacion":"01\/10\/2018","novedad":"0","paginas":"40","subtitulo":"","texto_web_adicional":"","autores-libros":[16210],"ilustradores-libros":[16445],"texto_web_novedad":"","orden":"999","portada":"0","texto_web_resaltado":"","traductores-libros":[18265],"descripcion_corta":"","recomendamos":"","mas_vendido":"","titulo-fr":"","texto-fr":"","color":false,"formato":"","mas_informacion_del_producto":false,"premios":[{"premio":"Mejor Libro Infantil por el Wall Street Journal","anyo_del_premio":"2017","pais_del_premio":"EE.UU."},{"premio":"Nominado al CILIP Kate Greenaway Medal ","anyo_del_premio":"2019","pais_del_premio":"Reino Unido"},{"premio":"Mejor libro Infantil por el Publishers Weekly","anyo_del_premio":"2018","pais_del_premio":"EE.UU."}],"texto_enlace_cubierta":"","enlace_cubierta":{"ID":19022,"id":19022,"title":"Cover El Lobo, el Pato y el Raton","filename":"Cover-El-Lobo-el-Pato-y-el-Raton.jpg","filesize":354098,"url":"https:\/\/www.editorialjuventud.es\/wp-content\/uploads\/Cover-El-Lobo-el-Pato-y-el-Raton.jpg","link":"https:\/\/www.editorialjuventud.es\/ca\/?attachment_id=19022","alt":"","author":"47","description":"","caption":"","name":"cover-el-lobo-el-pato-y-el-raton","status":"inherit","uploaded_to":18407,"date":"2018-10-26 11:57:54","modified":"2018-10-26 11:57:54","menu_order":0,"mime_type":"image\/jpeg","type":"image","subtype":"jpeg","icon":"https:\/\/www.editorialjuventud.es\/wp-includes\/images\/media\/default.png","width":1318,"height":1772,"sizes":{"thumbnail":"https:\/\/www.editorialjuventud.es\/wp-content\/uploads\/Cover-El-Lobo-el-Pato-y-el-Raton-200x200.jpg","thumbnail-width":200,"thumbnail-height":200,"medium":"https:\/\/www.editorialjuventud.es\/wp-content\/uploads\/Cover-El-Lobo-el-Pato-y-el-Raton.jpg","medium-width":1318,"medium-height":1772,"medium_large":"https:\/\/www.editorialjuventud.es\/wp-content\/uploads\/Cover-El-Lobo-el-Pato-y-el-Raton-768x1033.jpg","medium_large-width":768,"medium_large-height":1033,"large":"https:\/\/www.editorialjuventud.es\/wp-content\/uploads\/Cover-El-Lobo-el-Pato-y-el-Raton.jpg","large-width":1318,"large-height":1772,"1536x1536":"https:\/\/www.editorialjuventud.es\/wp-content\/uploads\/Cover-El-Lobo-el-Pato-y-el-Raton.jpg","1536x1536-width":1142,"1536x1536-height":1536,"2048x2048":"https:\/\/www.editorialjuventud.es\/wp-content\/uploads\/Cover-El-Lobo-el-Pato-y-el-Raton.jpg","2048x2048-width":1318,"2048x2048-height":1772,"woocommerce_thumbnail":"https:\/\/www.editorialjuventud.es\/wp-content\/uploads\/Cover-El-Lobo-el-Pato-y-el-Raton-350x471.jpg","woocommerce_thumbnail-width":350,"woocommerce_thumbnail-height":471,"woocommerce_single":"https:\/\/www.editorialjuventud.es\/wp-content\/uploads\/Cover-El-Lobo-el-Pato-y-el-Raton-900x1210.jpg","woocommerce_single-width":900,"woocommerce_single-height":1210,"woocommerce_gallery_thumbnail":"https:\/\/www.editorialjuventud.es\/wp-content\/uploads\/Cover-El-Lobo-el-Pato-y-el-Raton-100x100.jpg","woocommerce_gallery_thumbnail-width":100,"woocommerce_gallery_thumbnail-height":100,"ppec_logo_image_size":"https:\/\/www.editorialjuventud.es\/wp-content\/uploads\/Cover-El-Lobo-el-Pato-y-el-Raton.jpg","ppec_logo_image_size-width":45,"ppec_logo_image_size-height":60,"ppec_header_image_size":"https:\/\/www.editorialjuventud.es\/wp-content\/uploads\/Cover-El-Lobo-el-Pato-y-el-Raton.jpg","ppec_header_image_size-width":67,"ppec_header_image_size-height":90}},"texto_enlace_ficha_tecnica":"","enlace_ficha_tecnica":{"ID":33471,"id":33471,"title":"ficha-el-Lobo-el-pato-y-el-rat\u00f3n-CAST","filename":"ficha-el-Lobo-el-pato-y-el-rat\u00f3n-CAST-1.pdf","filesize":276053,"url":"https:\/\/www.editorialjuventud.es\/wp-content\/uploads\/ficha-el-Lobo-el-pato-y-el-rat\u00f3n-CAST-1.pdf","link":"https:\/\/www.editorialjuventud.es\/ca\/?attachment_id=33471","alt":"","author":"49","description":"","caption":"","name":"ficha-el-lobo-el-pato-y-el-raton-cast-2","status":"inherit","uploaded_to":18407,"date":"2019-10-21 11:42:01","modified":"2019-10-21 11:42:01","menu_order":0,"mime_type":"application\/pdf","type":"application","subtype":"pdf","icon":"https:\/\/www.editorialjuventud.es\/wp-includes\/images\/media\/document.png"},"ficheros":false,"idioma-libro":"","fecha_de_reimpresion":"","deshabilitar_compra":[]},"yoast_head":"<!-- This site is optimized with the Yoast SEO plugin v27.3 - https:\/\/yoast.com\/product\/yoast-seo-wordpress\/ -->\n<title>El lobo, el pato y el rat\u00f3n - Editorial Juventud<\/title>\n<meta name=\"description\" content=\"Una ma\u00f1ana, un rat\u00f3n con un lobo se encontr\u00f3, que al momento se lo trag\u00f3. El rat\u00f3n, dentro de la panza de la fiera, pens\u00f3 que hab\u00eda llegado su fin, cuando\" \/>\n<meta name=\"robots\" content=\"index, follow, max-snippet:-1, max-image-preview:large, max-video-preview:-1\" \/>\n<link rel=\"canonical\" href=\"https:\/\/www.editorialjuventud.es\/el-lobo-el-pato-y-el-raton-9788426144959\/\" \/>\n<meta property=\"og:locale\" content=\"ca_ES\" \/>\n<meta property=\"og:type\" content=\"article\" \/>\n<meta property=\"og:title\" content=\"El lobo, el pato y el rat\u00f3n - Editorial Juventud\" \/>\n<meta property=\"og:description\" content=\"Una ma\u00f1ana, un rat\u00f3n con un lobo se encontr\u00f3, que al momento se lo trag\u00f3. El rat\u00f3n, dentro de la panza de la fiera, pens\u00f3 que hab\u00eda llegado su fin, cuando\" \/>\n<meta property=\"og:url\" content=\"https:\/\/www.editorialjuventud.es\/el-lobo-el-pato-y-el-raton-9788426144959\/\" \/>\n<meta property=\"og:site_name\" content=\"Editorial Juventud\" \/>\n<meta property=\"article:modified_time\" content=\"2026-01-08T09:35:44+00:00\" \/>\n<meta property=\"og:image\" content=\"https:\/\/www.editorialjuventud.es\/wp-content\/uploads\/4495.jpg\" \/>\n\t<meta property=\"og:image:width\" content=\"589\" \/>\n\t<meta property=\"og:image:height\" content=\"770\" \/>\n\t<meta property=\"og:image:type\" content=\"image\/jpeg\" \/>\n<meta name=\"twitter:card\" content=\"summary_large_image\" \/>\n<meta name=\"twitter:label1\" content=\"Temps estimat de lectura\" \/>\n\t<meta name=\"twitter:data1\" content=\"1 minut\" \/>\n<script type=\"application\/ld+json\" class=\"yoast-schema-graph\">{\"@context\":\"https:\\\/\\\/schema.org\",\"@graph\":[{\"@type\":\"WebPage\",\"@id\":\"https:\\\/\\\/www.editorialjuventud.es\\\/el-lobo-el-pato-y-el-raton-9788426144959\\\/\",\"url\":\"https:\\\/\\\/www.editorialjuventud.es\\\/el-lobo-el-pato-y-el-raton-9788426144959\\\/\",\"name\":\"El lobo, el pato y el rat\u00f3n - Editorial Juventud\",\"isPartOf\":{\"@id\":\"https:\\\/\\\/www.editorialjuventud.es\\\/#website\"},\"primaryImageOfPage\":{\"@id\":\"https:\\\/\\\/www.editorialjuventud.es\\\/el-lobo-el-pato-y-el-raton-9788426144959\\\/#primaryimage\"},\"image\":{\"@id\":\"https:\\\/\\\/www.editorialjuventud.es\\\/el-lobo-el-pato-y-el-raton-9788426144959\\\/#primaryimage\"},\"thumbnailUrl\":\"https:\\\/\\\/www.editorialjuventud.es\\\/wp-content\\\/uploads\\\/4495.jpg\",\"datePublished\":\"2018-10-03T11:27:34+00:00\",\"dateModified\":\"2026-01-08T09:35:44+00:00\",\"description\":\"Una ma\u00f1ana, un rat\u00f3n con un lobo se encontr\u00f3, que al momento se lo trag\u00f3. El rat\u00f3n, dentro de la panza de la fiera, pens\u00f3 que hab\u00eda llegado su fin, cuando\",\"breadcrumb\":{\"@id\":\"https:\\\/\\\/www.editorialjuventud.es\\\/el-lobo-el-pato-y-el-raton-9788426144959\\\/#breadcrumb\"},\"inLanguage\":\"ca\",\"potentialAction\":[{\"@type\":\"ReadAction\",\"target\":[\"https:\\\/\\\/www.editorialjuventud.es\\\/el-lobo-el-pato-y-el-raton-9788426144959\\\/\"]}]},{\"@type\":\"ImageObject\",\"inLanguage\":\"ca\",\"@id\":\"https:\\\/\\\/www.editorialjuventud.es\\\/el-lobo-el-pato-y-el-raton-9788426144959\\\/#primaryimage\",\"url\":\"https:\\\/\\\/www.editorialjuventud.es\\\/wp-content\\\/uploads\\\/4495.jpg\",\"contentUrl\":\"https:\\\/\\\/www.editorialjuventud.es\\\/wp-content\\\/uploads\\\/4495.jpg\",\"width\":589,\"height\":770,\"caption\":\"4495.jpg\"},{\"@type\":\"BreadcrumbList\",\"@id\":\"https:\\\/\\\/www.editorialjuventud.es\\\/el-lobo-el-pato-y-el-raton-9788426144959\\\/#breadcrumb\",\"itemListElement\":[{\"@type\":\"ListItem\",\"position\":1,\"name\":\"Portada\",\"item\":\"https:\\\/\\\/www.editorialjuventud.es\\\/\"},{\"@type\":\"ListItem\",\"position\":2,\"name\":\"cat\u00e1logo\",\"item\":\"https:\\\/\\\/www.editorialjuventud.es\\\/coleccion\\\/catalogo\\\/\"},{\"@type\":\"ListItem\",\"position\":3,\"name\":\"castellano\",\"item\":\"https:\\\/\\\/www.editorialjuventud.es\\\/coleccion\\\/castellano\\\/\"},{\"@type\":\"ListItem\",\"position\":4,\"name\":\"\u00c1lbumes Ilustrados\",\"item\":\"https:\\\/\\\/www.editorialjuventud.es\\\/coleccion\\\/albumes-ilustrados\\\/\"},{\"@type\":\"ListItem\",\"position\":5,\"name\":\"Un Mill\u00f3n de Amigos\",\"item\":\"https:\\\/\\\/www.editorialjuventud.es\\\/coleccion\\\/un-millon-de-amigos\\\/\"},{\"@type\":\"ListItem\",\"position\":6,\"name\":\"El lobo, el pato y el rat\u00f3n\"}]},{\"@type\":\"WebSite\",\"@id\":\"https:\\\/\\\/www.editorialjuventud.es\\\/#website\",\"url\":\"https:\\\/\\\/www.editorialjuventud.es\\\/\",\"name\":\"Editorial Juventud\",\"description\":\"\",\"potentialAction\":[{\"@type\":\"SearchAction\",\"target\":{\"@type\":\"EntryPoint\",\"urlTemplate\":\"https:\\\/\\\/www.editorialjuventud.es\\\/?s={search_term_string}\"},\"query-input\":{\"@type\":\"PropertyValueSpecification\",\"valueRequired\":true,\"valueName\":\"search_term_string\"}}],\"inLanguage\":\"ca\"}]}<\/script>\n<!-- \/ Yoast SEO plugin. -->","yoast_head_json":{"title":"El lobo, el pato y el rat\u00f3n - Editorial Juventud","description":"Una ma\u00f1ana, un rat\u00f3n con un lobo se encontr\u00f3, que al momento se lo trag\u00f3. El rat\u00f3n, dentro de la panza de la fiera, pens\u00f3 que hab\u00eda llegado su fin, cuando","robots":{"index":"index","follow":"follow","max-snippet":"max-snippet:-1","max-image-preview":"max-image-preview:large","max-video-preview":"max-video-preview:-1"},"canonical":"https:\/\/www.editorialjuventud.es\/el-lobo-el-pato-y-el-raton-9788426144959\/","og_locale":"ca_ES","og_type":"article","og_title":"El lobo, el pato y el rat\u00f3n - Editorial Juventud","og_description":"Una ma\u00f1ana, un rat\u00f3n con un lobo se encontr\u00f3, que al momento se lo trag\u00f3. El rat\u00f3n, dentro de la panza de la fiera, pens\u00f3 que hab\u00eda llegado su fin, cuando","og_url":"https:\/\/www.editorialjuventud.es\/el-lobo-el-pato-y-el-raton-9788426144959\/","og_site_name":"Editorial Juventud","article_modified_time":"2026-01-08T09:35:44+00:00","og_image":[{"width":589,"height":770,"url":"https:\/\/www.editorialjuventud.es\/wp-content\/uploads\/4495.jpg","type":"image\/jpeg"}],"twitter_card":"summary_large_image","twitter_misc":{"Temps estimat de lectura":"1 minut"},"schema":{"@context":"https:\/\/schema.org","@graph":[{"@type":"WebPage","@id":"https:\/\/www.editorialjuventud.es\/el-lobo-el-pato-y-el-raton-9788426144959\/","url":"https:\/\/www.editorialjuventud.es\/el-lobo-el-pato-y-el-raton-9788426144959\/","name":"El lobo, el pato y el rat\u00f3n - Editorial Juventud","isPartOf":{"@id":"https:\/\/www.editorialjuventud.es\/#website"},"primaryImageOfPage":{"@id":"https:\/\/www.editorialjuventud.es\/el-lobo-el-pato-y-el-raton-9788426144959\/#primaryimage"},"image":{"@id":"https:\/\/www.editorialjuventud.es\/el-lobo-el-pato-y-el-raton-9788426144959\/#primaryimage"},"thumbnailUrl":"https:\/\/www.editorialjuventud.es\/wp-content\/uploads\/4495.jpg","datePublished":"2018-10-03T11:27:34+00:00","dateModified":"2026-01-08T09:35:44+00:00","description":"Una ma\u00f1ana, un rat\u00f3n con un lobo se encontr\u00f3, que al momento se lo trag\u00f3. El rat\u00f3n, dentro de la panza de la fiera, pens\u00f3 que hab\u00eda llegado su fin, cuando","breadcrumb":{"@id":"https:\/\/www.editorialjuventud.es\/el-lobo-el-pato-y-el-raton-9788426144959\/#breadcrumb"},"inLanguage":"ca","potentialAction":[{"@type":"ReadAction","target":["https:\/\/www.editorialjuventud.es\/el-lobo-el-pato-y-el-raton-9788426144959\/"]}]},{"@type":"ImageObject","inLanguage":"ca","@id":"https:\/\/www.editorialjuventud.es\/el-lobo-el-pato-y-el-raton-9788426144959\/#primaryimage","url":"https:\/\/www.editorialjuventud.es\/wp-content\/uploads\/4495.jpg","contentUrl":"https:\/\/www.editorialjuventud.es\/wp-content\/uploads\/4495.jpg","width":589,"height":770,"caption":"4495.jpg"},{"@type":"BreadcrumbList","@id":"https:\/\/www.editorialjuventud.es\/el-lobo-el-pato-y-el-raton-9788426144959\/#breadcrumb","itemListElement":[{"@type":"ListItem","position":1,"name":"Portada","item":"https:\/\/www.editorialjuventud.es\/"},{"@type":"ListItem","position":2,"name":"cat\u00e1logo","item":"https:\/\/www.editorialjuventud.es\/coleccion\/catalogo\/"},{"@type":"ListItem","position":3,"name":"castellano","item":"https:\/\/www.editorialjuventud.es\/coleccion\/castellano\/"},{"@type":"ListItem","position":4,"name":"\u00c1lbumes Ilustrados","item":"https:\/\/www.editorialjuventud.es\/coleccion\/albumes-ilustrados\/"},{"@type":"ListItem","position":5,"name":"Un Mill\u00f3n de Amigos","item":"https:\/\/www.editorialjuventud.es\/coleccion\/un-millon-de-amigos\/"},{"@type":"ListItem","position":6,"name":"El lobo, el pato y el rat\u00f3n"}]},{"@type":"WebSite","@id":"https:\/\/www.editorialjuventud.es\/#website","url":"https:\/\/www.editorialjuventud.es\/","name":"Editorial Juventud","description":"","potentialAction":[{"@type":"SearchAction","target":{"@type":"EntryPoint","urlTemplate":"https:\/\/www.editorialjuventud.es\/?s={search_term_string}"},"query-input":{"@type":"PropertyValueSpecification","valueRequired":true,"valueName":"search_term_string"}}],"inLanguage":"ca"}]}},"_links":{"self":[{"href":"https:\/\/www.editorialjuventud.es\/ca\/wp-json\/wp\/v2\/product\/18407","targetHints":{"allow":["GET"]}}],"collection":[{"href":"https:\/\/www.editorialjuventud.es\/ca\/wp-json\/wp\/v2\/product"}],"about":[{"href":"https:\/\/www.editorialjuventud.es\/ca\/wp-json\/wp\/v2\/types\/product"}],"wp:featuredmedia":[{"embeddable":true,"href":"https:\/\/www.editorialjuventud.es\/ca\/wp-json\/wp\/v2\/media\/18408"}],"wp:attachment":[{"href":"https:\/\/www.editorialjuventud.es\/ca\/wp-json\/wp\/v2\/media?parent=18407"}],"wp:term":[{"taxonomy":"product_brand","embeddable":true,"href":"https:\/\/www.editorialjuventud.es\/ca\/wp-json\/wp\/v2\/product_brand?post=18407"},{"taxonomy":"product_cat","embeddable":true,"href":"https:\/\/www.editorialjuventud.es\/ca\/wp-json\/wp\/v2\/product_cat?post=18407"},{"taxonomy":"product_tag","embeddable":true,"href":"https:\/\/www.editorialjuventud.es\/ca\/wp-json\/wp\/v2\/product_tag?post=18407"},{"taxonomy":"coleccion","embeddable":true,"href":"https:\/\/www.editorialjuventud.es\/ca\/wp-json\/wp\/v2\/coleccion?post=18407"}],"curies":[{"name":"wp","href":"https:\/\/api.w.org\/{rel}","templated":true}]}}