{"id":101753,"date":"2026-03-20T10:17:21","date_gmt":"2026-03-20T09:17:21","guid":{"rendered":"https:\/\/www.editorialjuventud.es\/el-torneig-del-drac-9788426149671\/"},"modified":"2026-05-08T10:19:25","modified_gmt":"2026-05-08T08:19:25","slug":"el-torneig-del-drac-9788426149671","status":"publish","type":"product","link":"https:\/\/www.editorialjuventud.es\/ca\/el-torneig-del-drac-9788426149671\/","title":{"rendered":"El torneig del drac"},"content":{"rendered":"<p>Vet aqu\u00ed el nou embolic en qu\u00e8 s&#8217;ha ficat en Lillebror! Aquests dies se celebra un torneig contra el drac del castell, perqu\u00e8 \u00faltimament est\u00e0 molt rondinaire i no deixa de menjar-se membres de la cort. Per un instant de mala sort, confonen en Lillebror per un cavaller i es veu abocat a lluitar contra el drac. Se&#8217;n sortir\u00e0, o quedar\u00e0 ben rostit mentre ho retransmeten en directe per la televisi\u00f3 del bosc encantat? :<br \/>\nEn aquesta tercera entrega de la nostra col\u00b7lecci\u00f3 de cozy crime, en Lillebror s&#8217;endinsa per accident a les profunditats del castell en una aventura del tot medieval. La seva bondat i generositat l&#8217;acompanyaran fins a l&#8217;\u00faltim moment, per\u00f2 en tindr\u00e0 prou? Una lectura ideal tant per aquest Sant Jordi com per qualsevol altre moment que requereixi una lectura apassionant!<\/p>\n","protected":false},"excerpt":{"rendered":"Vet aqu\u00ed el nou embolic en qu\u00e8 s&#8217;ha ficat en Lillebror! Aquests dies se celebra un torneig contra el drac del castell, perqu\u00e8 \u00faltimament est\u00e0 molt rondinaire i no deixa de menjar-se membres de la cort. Per un instant de [&hellip;]","protected":false},"featured_media":101754,"template":"","meta":{"_acf_changed":false,"_exactmetrics_skip_tracking":false,"_exactmetrics_sitenote_active":false,"_exactmetrics_sitenote_note":"","_exactmetrics_sitenote_category":0},"product_brand":[],"product_cat":[901,1121,1142,909,1184,1196,1209,1225,910],"product_tag":[],"coleccion":[1380,954],"class_list":{"0":"post-101753","1":"product","2":"type-product","3":"status-publish","4":"has-post-thumbnail","6":"product_cat-a-partir-de-6-meses","7":"product_cat-albumes-ilustrados","8":"product_cat-aventura","9":"product_cat-este-mes","10":"product_cat-humor","11":"product_cat-miedo-valentia","12":"product_cat-picardia-astucia","13":"product_cat-terror","14":"product_cat-ultimas-novedades","15":"coleccion-els-misteris-de-la-familia-conill","16":"coleccion-llegir-entre-rialles","18":"first","19":"instock","20":"taxable","21":"shipping-taxable","22":"purchasable","23":"product-type-simple"},"acf":{"autor":"Bj\u00f6rnstjerna, Jonna","codart":"4967","ediciones":"1","encuadernacion":"Carton\u00e9","fecha_de_publicacion":"01\/04\/2026","novedad":"0","paginas":"40","subtitulo":"","texto_web_adicional":"","texto_web_novedad":"","orden":"999","portada":"0","texto_web_resaltado":"","autores-libros":[80138],"traductores-libros":[17909],"descripcion_corta":"","recomendamos":"","mas_vendido":"","indice":"","ilustradores-libros":"","idioma-libro":"","fecha_de_reimpresion":"","color":false,"formato":"","mas_informacion_del_producto":false,"premios":false,"deshabilitar_compra":[],"texto_enlace_cubierta":"","enlace_cubierta":false,"texto_enlace_ficha_tecnica":"","enlace_ficha_tecnica":{"ID":101946,"id":101946,"title":"Torneig del drac CAT","filename":"Torneig-del-drac-CAT.pdf","filesize":3530872,"url":"https:\/\/www.editorialjuventud.es\/wp-content\/uploads\/Torneig-del-drac-CAT.pdf","link":"https:\/\/www.editorialjuventud.es\/ca\/?attachment_id=101946","alt":"","author":"1519","description":"","caption":"","name":"torneig-del-drac-cat","status":"inherit","uploaded_to":101753,"date":"2026-05-08 08:19:17","modified":"2026-05-08 08:19:17","menu_order":0,"mime_type":"application\/pdf","type":"application","subtype":"pdf","icon":"https:\/\/www.editorialjuventud.es\/wp-includes\/images\/media\/document.png"},"ficheros":false,"titulo-fr":"","texto-fr":""},"yoast_head":"<!-- This site is optimized with the Yoast SEO plugin v27.5 - https:\/\/yoast.com\/product\/yoast-seo-wordpress\/ -->\n<title>El torneig del drac - Editorial Juventud<\/title>\n<meta name=\"description\" content=\"Vet aqu\u00ed el nou embolic en qu\u00e8 s&#039;ha ficat en Lillebror! Aquests dies se celebra un torneig contra el drac del castell, perqu\u00e8 \u00faltimament est\u00e0 molt\" \/>\n<meta name=\"robots\" content=\"index, follow, max-snippet:-1, max-image-preview:large, max-video-preview:-1\" \/>\n<link rel=\"canonical\" href=\"https:\/\/www.editorialjuventud.es\/el-torneig-del-drac-9788426149671\/\" \/>\n<meta property=\"og:locale\" content=\"ca_ES\" \/>\n<meta property=\"og:type\" content=\"article\" \/>\n<meta property=\"og:title\" content=\"El torneig del drac - Editorial Juventud\" \/>\n<meta property=\"og:description\" content=\"Vet aqu\u00ed el nou embolic en qu\u00e8 s&#039;ha ficat en Lillebror! Aquests dies se celebra un torneig contra el drac del castell, perqu\u00e8 \u00faltimament est\u00e0 molt\" \/>\n<meta property=\"og:url\" content=\"https:\/\/www.editorialjuventud.es\/el-torneig-del-drac-9788426149671\/\" \/>\n<meta property=\"og:site_name\" content=\"Editorial Juventud\" \/>\n<meta property=\"article:modified_time\" content=\"2026-05-08T08:19:25+00:00\" \/>\n<meta property=\"og:image\" content=\"https:\/\/www.editorialjuventud.es\/wp-content\/uploads\/9788426149671.jpg\" \/>\n\t<meta property=\"og:image:width\" content=\"1448\" \/>\n\t<meta property=\"og:image:height\" content=\"2000\" \/>\n\t<meta property=\"og:image:type\" content=\"image\/jpeg\" \/>\n<meta name=\"twitter:card\" content=\"summary_large_image\" \/>\n<meta name=\"twitter:label1\" content=\"Temps estimat de lectura\" \/>\n\t<meta name=\"twitter:data1\" content=\"1 minut\" \/>\n<script type=\"application\/ld+json\" class=\"yoast-schema-graph\">{\"@context\":\"https:\\\/\\\/schema.org\",\"@graph\":[{\"@type\":\"WebPage\",\"@id\":\"https:\\\/\\\/www.editorialjuventud.es\\\/el-torneig-del-drac-9788426149671\\\/\",\"url\":\"https:\\\/\\\/www.editorialjuventud.es\\\/el-torneig-del-drac-9788426149671\\\/\",\"name\":\"El torneig del drac - Editorial Juventud\",\"isPartOf\":{\"@id\":\"https:\\\/\\\/www.editorialjuventud.es\\\/#website\"},\"primaryImageOfPage\":{\"@id\":\"https:\\\/\\\/www.editorialjuventud.es\\\/el-torneig-del-drac-9788426149671\\\/#primaryimage\"},\"image\":{\"@id\":\"https:\\\/\\\/www.editorialjuventud.es\\\/el-torneig-del-drac-9788426149671\\\/#primaryimage\"},\"thumbnailUrl\":\"https:\\\/\\\/www.editorialjuventud.es\\\/wp-content\\\/uploads\\\/9788426149671.jpg\",\"datePublished\":\"2026-03-20T09:17:21+00:00\",\"dateModified\":\"2026-05-08T08:19:25+00:00\",\"description\":\"Vet aqu\u00ed el nou embolic en qu\u00e8 s'ha ficat en Lillebror! Aquests dies se celebra un torneig contra el drac del castell, perqu\u00e8 \u00faltimament est\u00e0 molt\",\"breadcrumb\":{\"@id\":\"https:\\\/\\\/www.editorialjuventud.es\\\/el-torneig-del-drac-9788426149671\\\/#breadcrumb\"},\"inLanguage\":\"ca\",\"potentialAction\":[{\"@type\":\"ReadAction\",\"target\":[\"https:\\\/\\\/www.editorialjuventud.es\\\/el-torneig-del-drac-9788426149671\\\/\"]}]},{\"@type\":\"ImageObject\",\"inLanguage\":\"ca\",\"@id\":\"https:\\\/\\\/www.editorialjuventud.es\\\/el-torneig-del-drac-9788426149671\\\/#primaryimage\",\"url\":\"https:\\\/\\\/www.editorialjuventud.es\\\/wp-content\\\/uploads\\\/9788426149671.jpg\",\"contentUrl\":\"https:\\\/\\\/www.editorialjuventud.es\\\/wp-content\\\/uploads\\\/9788426149671.jpg\",\"width\":1448,\"height\":2000,\"caption\":\"9788426149671.jpg\"},{\"@type\":\"BreadcrumbList\",\"@id\":\"https:\\\/\\\/www.editorialjuventud.es\\\/el-torneig-del-drac-9788426149671\\\/#breadcrumb\",\"itemListElement\":[{\"@type\":\"ListItem\",\"position\":1,\"name\":\"Portada\",\"item\":\"https:\\\/\\\/www.editorialjuventud.es\\\/\"},{\"@type\":\"ListItem\",\"position\":2,\"name\":\"cat\u00e1logo\",\"item\":\"https:\\\/\\\/www.editorialjuventud.es\\\/coleccion\\\/catalogo\\\/\"},{\"@type\":\"ListItem\",\"position\":3,\"name\":\"catal\u00e0\",\"item\":\"https:\\\/\\\/www.editorialjuventud.es\\\/coleccion\\\/catala\\\/\"},{\"@type\":\"ListItem\",\"position\":4,\"name\":\"\u00c0lbums Il\u00b7lustrats\",\"item\":\"https:\\\/\\\/www.editorialjuventud.es\\\/coleccion\\\/albums-il%c2%b7lustrats\\\/\"},{\"@type\":\"ListItem\",\"position\":5,\"name\":\"Els Meus Primers Contes\",\"item\":\"https:\\\/\\\/www.editorialjuventud.es\\\/coleccion\\\/els-meus-primers-contes\\\/\"},{\"@type\":\"ListItem\",\"position\":6,\"name\":\"Els Misteris de la fam\u00edlia Conill\",\"item\":\"https:\\\/\\\/www.editorialjuventud.es\\\/coleccion\\\/els-misteris-de-la-familia-conill\\\/\"},{\"@type\":\"ListItem\",\"position\":7,\"name\":\"El torneig del drac\"}]},{\"@type\":\"WebSite\",\"@id\":\"https:\\\/\\\/www.editorialjuventud.es\\\/#website\",\"url\":\"https:\\\/\\\/www.editorialjuventud.es\\\/\",\"name\":\"Editorial Juventud\",\"description\":\"\",\"potentialAction\":[{\"@type\":\"SearchAction\",\"target\":{\"@type\":\"EntryPoint\",\"urlTemplate\":\"https:\\\/\\\/www.editorialjuventud.es\\\/?s={search_term_string}\"},\"query-input\":{\"@type\":\"PropertyValueSpecification\",\"valueRequired\":true,\"valueName\":\"search_term_string\"}}],\"inLanguage\":\"ca\"}]}<\/script>\n<!-- \/ Yoast SEO plugin. -->","yoast_head_json":{"title":"El torneig del drac - Editorial Juventud","description":"Vet aqu\u00ed el nou embolic en qu\u00e8 s'ha ficat en Lillebror! Aquests dies se celebra un torneig contra el drac del castell, perqu\u00e8 \u00faltimament est\u00e0 molt","robots":{"index":"index","follow":"follow","max-snippet":"max-snippet:-1","max-image-preview":"max-image-preview:large","max-video-preview":"max-video-preview:-1"},"canonical":"https:\/\/www.editorialjuventud.es\/el-torneig-del-drac-9788426149671\/","og_locale":"ca_ES","og_type":"article","og_title":"El torneig del drac - Editorial Juventud","og_description":"Vet aqu\u00ed el nou embolic en qu\u00e8 s'ha ficat en Lillebror! Aquests dies se celebra un torneig contra el drac del castell, perqu\u00e8 \u00faltimament est\u00e0 molt","og_url":"https:\/\/www.editorialjuventud.es\/el-torneig-del-drac-9788426149671\/","og_site_name":"Editorial Juventud","article_modified_time":"2026-05-08T08:19:25+00:00","og_image":[{"url":"https:\/\/www.editorialjuventud.es\/wp-content\/uploads\/9788426149671.jpg","width":1448,"height":2000,"type":"image\/jpeg"}],"twitter_card":"summary_large_image","twitter_misc":{"Temps estimat de lectura":"1 minut"},"schema":{"@context":"https:\/\/schema.org","@graph":[{"@type":"WebPage","@id":"https:\/\/www.editorialjuventud.es\/el-torneig-del-drac-9788426149671\/","url":"https:\/\/www.editorialjuventud.es\/el-torneig-del-drac-9788426149671\/","name":"El torneig del drac - Editorial Juventud","isPartOf":{"@id":"https:\/\/www.editorialjuventud.es\/#website"},"primaryImageOfPage":{"@id":"https:\/\/www.editorialjuventud.es\/el-torneig-del-drac-9788426149671\/#primaryimage"},"image":{"@id":"https:\/\/www.editorialjuventud.es\/el-torneig-del-drac-9788426149671\/#primaryimage"},"thumbnailUrl":"https:\/\/www.editorialjuventud.es\/wp-content\/uploads\/9788426149671.jpg","datePublished":"2026-03-20T09:17:21+00:00","dateModified":"2026-05-08T08:19:25+00:00","description":"Vet aqu\u00ed el nou embolic en qu\u00e8 s'ha ficat en Lillebror! Aquests dies se celebra un torneig contra el drac del castell, perqu\u00e8 \u00faltimament est\u00e0 molt","breadcrumb":{"@id":"https:\/\/www.editorialjuventud.es\/el-torneig-del-drac-9788426149671\/#breadcrumb"},"inLanguage":"ca","potentialAction":[{"@type":"ReadAction","target":["https:\/\/www.editorialjuventud.es\/el-torneig-del-drac-9788426149671\/"]}]},{"@type":"ImageObject","inLanguage":"ca","@id":"https:\/\/www.editorialjuventud.es\/el-torneig-del-drac-9788426149671\/#primaryimage","url":"https:\/\/www.editorialjuventud.es\/wp-content\/uploads\/9788426149671.jpg","contentUrl":"https:\/\/www.editorialjuventud.es\/wp-content\/uploads\/9788426149671.jpg","width":1448,"height":2000,"caption":"9788426149671.jpg"},{"@type":"BreadcrumbList","@id":"https:\/\/www.editorialjuventud.es\/el-torneig-del-drac-9788426149671\/#breadcrumb","itemListElement":[{"@type":"ListItem","position":1,"name":"Portada","item":"https:\/\/www.editorialjuventud.es\/"},{"@type":"ListItem","position":2,"name":"cat\u00e1logo","item":"https:\/\/www.editorialjuventud.es\/coleccion\/catalogo\/"},{"@type":"ListItem","position":3,"name":"catal\u00e0","item":"https:\/\/www.editorialjuventud.es\/coleccion\/catala\/"},{"@type":"ListItem","position":4,"name":"\u00c0lbums Il\u00b7lustrats","item":"https:\/\/www.editorialjuventud.es\/coleccion\/albums-il%c2%b7lustrats\/"},{"@type":"ListItem","position":5,"name":"Els Meus Primers Contes","item":"https:\/\/www.editorialjuventud.es\/coleccion\/els-meus-primers-contes\/"},{"@type":"ListItem","position":6,"name":"Els Misteris de la fam\u00edlia Conill","item":"https:\/\/www.editorialjuventud.es\/coleccion\/els-misteris-de-la-familia-conill\/"},{"@type":"ListItem","position":7,"name":"El torneig del drac"}]},{"@type":"WebSite","@id":"https:\/\/www.editorialjuventud.es\/#website","url":"https:\/\/www.editorialjuventud.es\/","name":"Editorial Juventud","description":"","potentialAction":[{"@type":"SearchAction","target":{"@type":"EntryPoint","urlTemplate":"https:\/\/www.editorialjuventud.es\/?s={search_term_string}"},"query-input":{"@type":"PropertyValueSpecification","valueRequired":true,"valueName":"search_term_string"}}],"inLanguage":"ca"}]}},"_links":{"self":[{"href":"https:\/\/www.editorialjuventud.es\/ca\/wp-json\/wp\/v2\/product\/101753","targetHints":{"allow":["GET"]}}],"collection":[{"href":"https:\/\/www.editorialjuventud.es\/ca\/wp-json\/wp\/v2\/product"}],"about":[{"href":"https:\/\/www.editorialjuventud.es\/ca\/wp-json\/wp\/v2\/types\/product"}],"wp:featuredmedia":[{"embeddable":true,"href":"https:\/\/www.editorialjuventud.es\/ca\/wp-json\/wp\/v2\/media\/101754"}],"wp:attachment":[{"href":"https:\/\/www.editorialjuventud.es\/ca\/wp-json\/wp\/v2\/media?parent=101753"}],"wp:term":[{"taxonomy":"product_brand","embeddable":true,"href":"https:\/\/www.editorialjuventud.es\/ca\/wp-json\/wp\/v2\/product_brand?post=101753"},{"taxonomy":"product_cat","embeddable":true,"href":"https:\/\/www.editorialjuventud.es\/ca\/wp-json\/wp\/v2\/product_cat?post=101753"},{"taxonomy":"product_tag","embeddable":true,"href":"https:\/\/www.editorialjuventud.es\/ca\/wp-json\/wp\/v2\/product_tag?post=101753"},{"taxonomy":"coleccion","embeddable":true,"href":"https:\/\/www.editorialjuventud.es\/ca\/wp-json\/wp\/v2\/coleccion?post=101753"}],"curies":[{"name":"wp","href":"https:\/\/api.w.org\/{rel}","templated":true}]}}