{"id":101750,"date":"2026-03-20T09:55:20","date_gmt":"2026-03-20T08:55:20","guid":{"rendered":"https:\/\/www.editorialjuventud.es\/el-torneo-del-dragon-9788426149664\/"},"modified":"2026-05-08T10:18:50","modified_gmt":"2026-05-08T08:18:50","slug":"el-torneo-del-dragon-9788426149664","status":"publish","type":"product","link":"https:\/\/www.editorialjuventud.es\/ca\/el-torneo-del-dragon-9788426149664\/","title":{"rendered":"El torneo del drag\u00f3n"},"content":{"rendered":"<p>\u00a1Ya est\u00e1 aqu\u00ed el nuevo l\u00edo en el que se ha metido Lillebror! Estos d\u00edas se celebra un torneo contra el drag\u00f3n del castillo, porque \u00faltimamente est\u00e1 muy cascarrabias y no para de comerse los miembros de la corte. Por un instante de mala suerte, confunden a Lillebror por un caballero y se ve obligado a luchar contra el drag\u00f3n. \u00bfConseguir\u00e1 salir sano y salvo o quedar\u00e1 del todo asado mientras lo retransmiten por la televisi\u00f3n del bosque encantado?<br \/>\nEn esta tercera entrega de nuestra colecci\u00f3n de cozy crime, Lillebror se adentra por accidente en las profundidades del castillo en una aventura del todo medieval. Su bondad y generosidad lo acompa\u00f1ar\u00e1n hasta el \u00faltimo momento, \u00bfpero ser\u00e1 suficiente? \u00a1Una lectura ideal para aquellos que busquen aventuras y misterio!<\/p>\n","protected":false},"excerpt":{"rendered":"\u00a1Ya est\u00e1 aqu\u00ed el nuevo l\u00edo en el que se ha metido Lillebror! Estos d\u00edas se celebra un torneo contra el drag\u00f3n del castillo, porque \u00faltimamente est\u00e1 muy cascarrabias y no para de comerse los miembros de la corte. Por [&hellip;]","protected":false},"featured_media":101751,"template":"","meta":{"_acf_changed":false,"_exactmetrics_skip_tracking":false,"_exactmetrics_sitenote_active":false,"_exactmetrics_sitenote_note":"","_exactmetrics_sitenote_category":0},"product_brand":[],"product_cat":[901,1121,1142,909,1196,1209,1225,910],"product_tag":[],"coleccion":[928,1379],"class_list":{"0":"post-101750","1":"product","2":"type-product","3":"status-publish","4":"has-post-thumbnail","6":"product_cat-a-partir-de-6-meses","7":"product_cat-albumes-ilustrados","8":"product_cat-aventura","9":"product_cat-este-mes","10":"product_cat-miedo-valentia","11":"product_cat-picardia-astucia","12":"product_cat-terror","13":"product_cat-ultimas-novedades","14":"coleccion-albumes-ilustrados","15":"coleccion-los-misterios-de-la-familia-conejo","17":"first","18":"instock","19":"taxable","20":"shipping-taxable","21":"purchasable","22":"product-type-simple"},"acf":{"autor":"Bj\u00f6rnstjerna, Jonna","codart":"4966","ediciones":"1","encuadernacion":"Carton\u00e9","fecha_de_publicacion":"01\/04\/2026","novedad":"0","paginas":"40","subtitulo":"","texto_web_adicional":"","texto_web_novedad":"","orden":"999","portada":"0","texto_web_resaltado":"","autores-libros":[80138],"traductores-libros":[17909],"descripcion_corta":"","recomendamos":"","mas_vendido":"","indice":"","ilustradores-libros":"","idioma-libro":"","fecha_de_reimpresion":"","color":false,"formato":"","mas_informacion_del_producto":false,"premios":false,"deshabilitar_compra":[],"texto_enlace_cubierta":"","enlace_cubierta":false,"texto_enlace_ficha_tecnica":"","enlace_ficha_tecnica":{"ID":101944,"id":101944,"title":"Torneo del drag\u00f3n ES","filename":"Torneo-del-dragon-ES.pdf","filesize":3470346,"url":"https:\/\/www.editorialjuventud.es\/wp-content\/uploads\/Torneo-del-dragon-ES.pdf","link":"https:\/\/www.editorialjuventud.es\/ca\/?attachment_id=101944","alt":"","author":"1519","description":"","caption":"","name":"torneo-del-dragon-es","status":"inherit","uploaded_to":101750,"date":"2026-05-08 08:18:41","modified":"2026-05-08 08:18:41","menu_order":0,"mime_type":"application\/pdf","type":"application","subtype":"pdf","icon":"https:\/\/www.editorialjuventud.es\/wp-includes\/images\/media\/document.png"},"ficheros":false,"titulo-fr":"","texto-fr":""},"yoast_head":"<!-- This site is optimized with the Yoast SEO plugin v27.5 - https:\/\/yoast.com\/product\/yoast-seo-wordpress\/ -->\n<title>El torneo del drag\u00f3n - Editorial Juventud<\/title>\n<meta name=\"description\" content=\"\u00a1Ya est\u00e1 aqu\u00ed el nuevo l\u00edo en el que se ha metido Lillebror! Estos d\u00edas se celebra un torneo contra el drag\u00f3n del castillo, porque \u00faltimamente est\u00e1 muy\" \/>\n<meta name=\"robots\" content=\"index, follow, max-snippet:-1, max-image-preview:large, max-video-preview:-1\" \/>\n<link rel=\"canonical\" href=\"https:\/\/www.editorialjuventud.es\/el-torneo-del-dragon-9788426149664\/\" \/>\n<meta property=\"og:locale\" content=\"ca_ES\" \/>\n<meta property=\"og:type\" content=\"article\" \/>\n<meta property=\"og:title\" content=\"El torneo del drag\u00f3n - Editorial Juventud\" \/>\n<meta property=\"og:description\" content=\"\u00a1Ya est\u00e1 aqu\u00ed el nuevo l\u00edo en el que se ha metido Lillebror! Estos d\u00edas se celebra un torneo contra el drag\u00f3n del castillo, porque \u00faltimamente est\u00e1 muy\" \/>\n<meta property=\"og:url\" content=\"https:\/\/www.editorialjuventud.es\/el-torneo-del-dragon-9788426149664\/\" \/>\n<meta property=\"og:site_name\" content=\"Editorial Juventud\" \/>\n<meta property=\"article:modified_time\" content=\"2026-05-08T08:18:50+00:00\" \/>\n<meta property=\"og:image\" content=\"https:\/\/www.editorialjuventud.es\/wp-content\/uploads\/9788426149664.jpg\" \/>\n\t<meta property=\"og:image:width\" content=\"1463\" \/>\n\t<meta property=\"og:image:height\" content=\"2000\" \/>\n\t<meta property=\"og:image:type\" content=\"image\/jpeg\" \/>\n<meta name=\"twitter:card\" content=\"summary_large_image\" \/>\n<meta name=\"twitter:label1\" content=\"Temps estimat de lectura\" \/>\n\t<meta name=\"twitter:data1\" content=\"1 minut\" \/>\n<script type=\"application\/ld+json\" class=\"yoast-schema-graph\">{\"@context\":\"https:\\\/\\\/schema.org\",\"@graph\":[{\"@type\":\"WebPage\",\"@id\":\"https:\\\/\\\/www.editorialjuventud.es\\\/el-torneo-del-dragon-9788426149664\\\/\",\"url\":\"https:\\\/\\\/www.editorialjuventud.es\\\/el-torneo-del-dragon-9788426149664\\\/\",\"name\":\"El torneo del drag\u00f3n - Editorial Juventud\",\"isPartOf\":{\"@id\":\"https:\\\/\\\/www.editorialjuventud.es\\\/#website\"},\"primaryImageOfPage\":{\"@id\":\"https:\\\/\\\/www.editorialjuventud.es\\\/el-torneo-del-dragon-9788426149664\\\/#primaryimage\"},\"image\":{\"@id\":\"https:\\\/\\\/www.editorialjuventud.es\\\/el-torneo-del-dragon-9788426149664\\\/#primaryimage\"},\"thumbnailUrl\":\"https:\\\/\\\/www.editorialjuventud.es\\\/wp-content\\\/uploads\\\/9788426149664.jpg\",\"datePublished\":\"2026-03-20T08:55:20+00:00\",\"dateModified\":\"2026-05-08T08:18:50+00:00\",\"description\":\"\u00a1Ya est\u00e1 aqu\u00ed el nuevo l\u00edo en el que se ha metido Lillebror! Estos d\u00edas se celebra un torneo contra el drag\u00f3n del castillo, porque \u00faltimamente est\u00e1 muy\",\"breadcrumb\":{\"@id\":\"https:\\\/\\\/www.editorialjuventud.es\\\/el-torneo-del-dragon-9788426149664\\\/#breadcrumb\"},\"inLanguage\":\"ca\",\"potentialAction\":[{\"@type\":\"ReadAction\",\"target\":[\"https:\\\/\\\/www.editorialjuventud.es\\\/el-torneo-del-dragon-9788426149664\\\/\"]}]},{\"@type\":\"ImageObject\",\"inLanguage\":\"ca\",\"@id\":\"https:\\\/\\\/www.editorialjuventud.es\\\/el-torneo-del-dragon-9788426149664\\\/#primaryimage\",\"url\":\"https:\\\/\\\/www.editorialjuventud.es\\\/wp-content\\\/uploads\\\/9788426149664.jpg\",\"contentUrl\":\"https:\\\/\\\/www.editorialjuventud.es\\\/wp-content\\\/uploads\\\/9788426149664.jpg\",\"width\":1463,\"height\":2000,\"caption\":\"9788426149664.jpg\"},{\"@type\":\"BreadcrumbList\",\"@id\":\"https:\\\/\\\/www.editorialjuventud.es\\\/el-torneo-del-dragon-9788426149664\\\/#breadcrumb\",\"itemListElement\":[{\"@type\":\"ListItem\",\"position\":1,\"name\":\"Portada\",\"item\":\"https:\\\/\\\/www.editorialjuventud.es\\\/\"},{\"@type\":\"ListItem\",\"position\":2,\"name\":\"cat\u00e1logo\",\"item\":\"https:\\\/\\\/www.editorialjuventud.es\\\/coleccion\\\/catalogo\\\/\"},{\"@type\":\"ListItem\",\"position\":3,\"name\":\"castellano\",\"item\":\"https:\\\/\\\/www.editorialjuventud.es\\\/coleccion\\\/castellano\\\/\"},{\"@type\":\"ListItem\",\"position\":4,\"name\":\"\u00c1lbumes Ilustrados\",\"item\":\"https:\\\/\\\/www.editorialjuventud.es\\\/coleccion\\\/albumes-ilustrados\\\/\"},{\"@type\":\"ListItem\",\"position\":5,\"name\":\"Mis Primeros Cuentos\",\"item\":\"https:\\\/\\\/www.editorialjuventud.es\\\/coleccion\\\/mis-primeros-cuentos\\\/\"},{\"@type\":\"ListItem\",\"position\":6,\"name\":\"Los Misterios de la familia Conejo\",\"item\":\"https:\\\/\\\/www.editorialjuventud.es\\\/coleccion\\\/los-misterios-de-la-familia-conejo\\\/\"},{\"@type\":\"ListItem\",\"position\":7,\"name\":\"El torneo del drag\u00f3n\"}]},{\"@type\":\"WebSite\",\"@id\":\"https:\\\/\\\/www.editorialjuventud.es\\\/#website\",\"url\":\"https:\\\/\\\/www.editorialjuventud.es\\\/\",\"name\":\"Editorial Juventud\",\"description\":\"\",\"potentialAction\":[{\"@type\":\"SearchAction\",\"target\":{\"@type\":\"EntryPoint\",\"urlTemplate\":\"https:\\\/\\\/www.editorialjuventud.es\\\/?s={search_term_string}\"},\"query-input\":{\"@type\":\"PropertyValueSpecification\",\"valueRequired\":true,\"valueName\":\"search_term_string\"}}],\"inLanguage\":\"ca\"}]}<\/script>\n<!-- \/ Yoast SEO plugin. -->","yoast_head_json":{"title":"El torneo del drag\u00f3n - Editorial Juventud","description":"\u00a1Ya est\u00e1 aqu\u00ed el nuevo l\u00edo en el que se ha metido Lillebror! Estos d\u00edas se celebra un torneo contra el drag\u00f3n del castillo, porque \u00faltimamente est\u00e1 muy","robots":{"index":"index","follow":"follow","max-snippet":"max-snippet:-1","max-image-preview":"max-image-preview:large","max-video-preview":"max-video-preview:-1"},"canonical":"https:\/\/www.editorialjuventud.es\/el-torneo-del-dragon-9788426149664\/","og_locale":"ca_ES","og_type":"article","og_title":"El torneo del drag\u00f3n - Editorial Juventud","og_description":"\u00a1Ya est\u00e1 aqu\u00ed el nuevo l\u00edo en el que se ha metido Lillebror! Estos d\u00edas se celebra un torneo contra el drag\u00f3n del castillo, porque \u00faltimamente est\u00e1 muy","og_url":"https:\/\/www.editorialjuventud.es\/el-torneo-del-dragon-9788426149664\/","og_site_name":"Editorial Juventud","article_modified_time":"2026-05-08T08:18:50+00:00","og_image":[{"url":"https:\/\/www.editorialjuventud.es\/wp-content\/uploads\/9788426149664.jpg","width":1463,"height":2000,"type":"image\/jpeg"}],"twitter_card":"summary_large_image","twitter_misc":{"Temps estimat de lectura":"1 minut"},"schema":{"@context":"https:\/\/schema.org","@graph":[{"@type":"WebPage","@id":"https:\/\/www.editorialjuventud.es\/el-torneo-del-dragon-9788426149664\/","url":"https:\/\/www.editorialjuventud.es\/el-torneo-del-dragon-9788426149664\/","name":"El torneo del drag\u00f3n - Editorial Juventud","isPartOf":{"@id":"https:\/\/www.editorialjuventud.es\/#website"},"primaryImageOfPage":{"@id":"https:\/\/www.editorialjuventud.es\/el-torneo-del-dragon-9788426149664\/#primaryimage"},"image":{"@id":"https:\/\/www.editorialjuventud.es\/el-torneo-del-dragon-9788426149664\/#primaryimage"},"thumbnailUrl":"https:\/\/www.editorialjuventud.es\/wp-content\/uploads\/9788426149664.jpg","datePublished":"2026-03-20T08:55:20+00:00","dateModified":"2026-05-08T08:18:50+00:00","description":"\u00a1Ya est\u00e1 aqu\u00ed el nuevo l\u00edo en el que se ha metido Lillebror! Estos d\u00edas se celebra un torneo contra el drag\u00f3n del castillo, porque \u00faltimamente est\u00e1 muy","breadcrumb":{"@id":"https:\/\/www.editorialjuventud.es\/el-torneo-del-dragon-9788426149664\/#breadcrumb"},"inLanguage":"ca","potentialAction":[{"@type":"ReadAction","target":["https:\/\/www.editorialjuventud.es\/el-torneo-del-dragon-9788426149664\/"]}]},{"@type":"ImageObject","inLanguage":"ca","@id":"https:\/\/www.editorialjuventud.es\/el-torneo-del-dragon-9788426149664\/#primaryimage","url":"https:\/\/www.editorialjuventud.es\/wp-content\/uploads\/9788426149664.jpg","contentUrl":"https:\/\/www.editorialjuventud.es\/wp-content\/uploads\/9788426149664.jpg","width":1463,"height":2000,"caption":"9788426149664.jpg"},{"@type":"BreadcrumbList","@id":"https:\/\/www.editorialjuventud.es\/el-torneo-del-dragon-9788426149664\/#breadcrumb","itemListElement":[{"@type":"ListItem","position":1,"name":"Portada","item":"https:\/\/www.editorialjuventud.es\/"},{"@type":"ListItem","position":2,"name":"cat\u00e1logo","item":"https:\/\/www.editorialjuventud.es\/coleccion\/catalogo\/"},{"@type":"ListItem","position":3,"name":"castellano","item":"https:\/\/www.editorialjuventud.es\/coleccion\/castellano\/"},{"@type":"ListItem","position":4,"name":"\u00c1lbumes Ilustrados","item":"https:\/\/www.editorialjuventud.es\/coleccion\/albumes-ilustrados\/"},{"@type":"ListItem","position":5,"name":"Mis Primeros Cuentos","item":"https:\/\/www.editorialjuventud.es\/coleccion\/mis-primeros-cuentos\/"},{"@type":"ListItem","position":6,"name":"Los Misterios de la familia Conejo","item":"https:\/\/www.editorialjuventud.es\/coleccion\/los-misterios-de-la-familia-conejo\/"},{"@type":"ListItem","position":7,"name":"El torneo del drag\u00f3n"}]},{"@type":"WebSite","@id":"https:\/\/www.editorialjuventud.es\/#website","url":"https:\/\/www.editorialjuventud.es\/","name":"Editorial Juventud","description":"","potentialAction":[{"@type":"SearchAction","target":{"@type":"EntryPoint","urlTemplate":"https:\/\/www.editorialjuventud.es\/?s={search_term_string}"},"query-input":{"@type":"PropertyValueSpecification","valueRequired":true,"valueName":"search_term_string"}}],"inLanguage":"ca"}]}},"_links":{"self":[{"href":"https:\/\/www.editorialjuventud.es\/ca\/wp-json\/wp\/v2\/product\/101750","targetHints":{"allow":["GET"]}}],"collection":[{"href":"https:\/\/www.editorialjuventud.es\/ca\/wp-json\/wp\/v2\/product"}],"about":[{"href":"https:\/\/www.editorialjuventud.es\/ca\/wp-json\/wp\/v2\/types\/product"}],"wp:featuredmedia":[{"embeddable":true,"href":"https:\/\/www.editorialjuventud.es\/ca\/wp-json\/wp\/v2\/media\/101751"}],"wp:attachment":[{"href":"https:\/\/www.editorialjuventud.es\/ca\/wp-json\/wp\/v2\/media?parent=101750"}],"wp:term":[{"taxonomy":"product_brand","embeddable":true,"href":"https:\/\/www.editorialjuventud.es\/ca\/wp-json\/wp\/v2\/product_brand?post=101750"},{"taxonomy":"product_cat","embeddable":true,"href":"https:\/\/www.editorialjuventud.es\/ca\/wp-json\/wp\/v2\/product_cat?post=101750"},{"taxonomy":"product_tag","embeddable":true,"href":"https:\/\/www.editorialjuventud.es\/ca\/wp-json\/wp\/v2\/product_tag?post=101750"},{"taxonomy":"coleccion","embeddable":true,"href":"https:\/\/www.editorialjuventud.es\/ca\/wp-json\/wp\/v2\/coleccion?post=101750"}],"curies":[{"name":"wp","href":"https:\/\/api.w.org\/{rel}","templated":true}]}}