{"id":101636,"date":"2026-02-13T11:15:04","date_gmt":"2026-02-13T10:15:04","guid":{"rendered":"https:\/\/www.editorialjuventud.es\/donde-esta-mi-lapiz-amarillo-9788426149725\/"},"modified":"2026-03-11T15:00:03","modified_gmt":"2026-03-11T14:00:03","slug":"donde-esta-mi-lapiz-amarillo-9788426149725","status":"publish","type":"product","link":"https:\/\/www.editorialjuventud.es\/ca\/donde-esta-mi-lapiz-amarillo-9788426149725\/","title":{"rendered":"\u00bfD\u00f3nde est\u00e1 mi l\u00e1piz amarillo?"},"content":{"rendered":"<p>&#8216;\u00a1Mam\u00e1\u00e1\u00e1! \u00bfSabes d\u00f3nde est\u00e1 mi l\u00e1piz amarillo? \u00bfY mi estuche? \u00bfY mi mochila?&#8217;<br \/>\nCuando su l\u00e1piz favorito desaparece, la peque\u00f1a Rita emprende un viaje que la llevar\u00e1 a los lugares m\u00e1s rec\u00f3nditos e inesperados, hasta descubrir que lo que busca nunca estuvo tan lejos como pensaba.<br \/>\nIndicaciones equivocadas, animales despistados y alguna estrella con buen ojo para los productos de papeler\u00eda habitan las p\u00e1ginas de este maravilloso \u00e1lbum debut de la argentina Luc\u00eda Rovira. Con humor y ligereza, la autora construye un delicado universo a dos tintas. Entre trazos de l\u00e1piz y un luminoso color amarillo, acompa\u00f1amos a la artista Rita en un viaje para descubrir aquello que m\u00e1s le gusta.<\/p>\n","protected":false},"excerpt":{"rendered":"&#8216;\u00a1Mam\u00e1\u00e1\u00e1! \u00bfSabes d\u00f3nde est\u00e1 mi l\u00e1piz amarillo? \u00bfY mi estuche? \u00bfY mi mochila?&#8217; Cuando su l\u00e1piz favorito desaparece, la peque\u00f1a Rita emprende un viaje que la llevar\u00e1 a los lugares m\u00e1s rec\u00f3nditos e inesperados, hasta descubrir que lo que busca [&hellip;]","protected":false},"featured_media":101637,"template":"","meta":{"_acf_changed":false,"_exactmetrics_skip_tracking":false,"_exactmetrics_sitenote_active":false,"_exactmetrics_sitenote_note":"","_exactmetrics_sitenote_category":0},"product_brand":[],"product_cat":[900,1121,1140,1142,909,1184,910],"product_tag":[],"coleccion":[928,1235],"class_list":{"0":"post-101636","1":"product","2":"type-product","3":"status-publish","4":"has-post-thumbnail","6":"product_cat-a-partir-de-5-anos","7":"product_cat-albumes-ilustrados","8":"product_cat-arte-y-creatividad","9":"product_cat-aventura","10":"product_cat-este-mes","11":"product_cat-humor","12":"product_cat-ultimas-novedades","13":"coleccion-albumes-ilustrados","14":"coleccion-un-millon-de-amigos","16":"first","17":"instock","18":"taxable","19":"shipping-taxable","20":"purchasable","21":"product-type-simple"},"acf":{"autor":"Rovira, Luc\u00eda","codart":"4972","ediciones":"1","encuadernacion":"Carton\u00e9","fecha_de_publicacion":"01\/03\/2026","novedad":"0","paginas":"40","subtitulo":"","texto_web_adicional":"","texto_web_novedad":"","orden":"999","portada":"0","texto_web_resaltado":"","descripcion_corta":"","recomendamos":"","mas_vendido":"","indice":"","autores-libros":[101643],"ilustradores-libros":"","traductores-libros":"","idioma-libro":"","fecha_de_reimpresion":"","color":false,"formato":"","mas_informacion_del_producto":false,"premios":false,"deshabilitar_compra":[],"texto_enlace_cubierta":"","enlace_cubierta":false,"texto_enlace_ficha_tecnica":"","enlace_ficha_tecnica":{"ID":101713,"id":101713,"title":"Ficha d\u00f3nde est\u00e1 mi l\u00e1piz amarillo ES","filename":"Ficha-donde-esta-mi-lapiz-amarillo-ES.pdf","filesize":2401021,"url":"https:\/\/www.editorialjuventud.es\/wp-content\/uploads\/Ficha-donde-esta-mi-lapiz-amarillo-ES.pdf","link":"https:\/\/www.editorialjuventud.es\/ca\/?attachment_id=101713","alt":"","author":"1519","description":"","caption":"","name":"ficha-donde-esta-mi-lapiz-amarillo-es","status":"inherit","uploaded_to":101617,"date":"2026-02-27 12:52:46","modified":"2026-02-27 12:52:46","menu_order":0,"mime_type":"application\/pdf","type":"application","subtype":"pdf","icon":"https:\/\/www.editorialjuventud.es\/wp-includes\/images\/media\/document.png"},"ficheros":false,"titulo-fr":"Where is my yellow pencil?","texto-fr":"<p>Do you know where my yellow pencil is? And my pencil case? And my backpack? When her favourite yellow pencil goes missing, a little artsy girl starts a journey that will take her to the most<br \/>\nunexpected places, as she discovers that maybe it wasn\u2019t that far to begin with. Bad directions, clueless animals, and a couple of stars with an eye for stationery fill the pages of this beautiful debut picture book by Argentinian Luc\u00eda Rovira, packed with humour, lightness, pencil strokes, and the most beautiful shade of yellow.<\/p>\n"},"yoast_head":"<!-- This site is optimized with the Yoast SEO plugin v27.3 - https:\/\/yoast.com\/product\/yoast-seo-wordpress\/ -->\n<title>\u00bfD\u00f3nde est\u00e1 mi l\u00e1piz amarillo? - Editorial Juventud<\/title>\n<meta name=\"description\" content=\"&#039;\u00a1Mam\u00e1\u00e1\u00e1! \u00bfSabes d\u00f3nde est\u00e1 mi l\u00e1piz amarillo? \u00bfY mi estuche? \u00bfY mi mochila?&#039; Cuando su l\u00e1piz favorito desaparece, la peque\u00f1a Rita emprende un viaje que\" \/>\n<meta name=\"robots\" content=\"index, follow, max-snippet:-1, max-image-preview:large, max-video-preview:-1\" \/>\n<link rel=\"canonical\" href=\"https:\/\/www.editorialjuventud.es\/donde-esta-mi-lapiz-amarillo-9788426149725\/\" \/>\n<meta property=\"og:locale\" content=\"ca_ES\" \/>\n<meta property=\"og:type\" content=\"article\" \/>\n<meta property=\"og:title\" content=\"\u00bfD\u00f3nde est\u00e1 mi l\u00e1piz amarillo? - Editorial Juventud\" \/>\n<meta property=\"og:description\" content=\"&#039;\u00a1Mam\u00e1\u00e1\u00e1! \u00bfSabes d\u00f3nde est\u00e1 mi l\u00e1piz amarillo? \u00bfY mi estuche? \u00bfY mi mochila?&#039; Cuando su l\u00e1piz favorito desaparece, la peque\u00f1a Rita emprende un viaje que\" \/>\n<meta property=\"og:url\" content=\"https:\/\/www.editorialjuventud.es\/donde-esta-mi-lapiz-amarillo-9788426149725\/\" \/>\n<meta property=\"og:site_name\" content=\"Editorial Juventud\" \/>\n<meta property=\"article:modified_time\" content=\"2026-03-11T14:00:03+00:00\" \/>\n<meta property=\"og:image\" content=\"https:\/\/www.editorialjuventud.es\/wp-content\/uploads\/9788426149725.jpg\" \/>\n\t<meta property=\"og:image:width\" content=\"1583\" \/>\n\t<meta property=\"og:image:height\" content=\"2000\" \/>\n\t<meta property=\"og:image:type\" content=\"image\/jpeg\" \/>\n<meta name=\"twitter:card\" content=\"summary_large_image\" \/>\n<meta name=\"twitter:label1\" content=\"Temps estimat de lectura\" \/>\n\t<meta name=\"twitter:data1\" content=\"1 minut\" \/>\n<script type=\"application\/ld+json\" class=\"yoast-schema-graph\">{\"@context\":\"https:\\\/\\\/schema.org\",\"@graph\":[{\"@type\":\"WebPage\",\"@id\":\"https:\\\/\\\/www.editorialjuventud.es\\\/donde-esta-mi-lapiz-amarillo-9788426149725\\\/\",\"url\":\"https:\\\/\\\/www.editorialjuventud.es\\\/donde-esta-mi-lapiz-amarillo-9788426149725\\\/\",\"name\":\"\u00bfD\u00f3nde est\u00e1 mi l\u00e1piz amarillo? - Editorial Juventud\",\"isPartOf\":{\"@id\":\"https:\\\/\\\/www.editorialjuventud.es\\\/#website\"},\"primaryImageOfPage\":{\"@id\":\"https:\\\/\\\/www.editorialjuventud.es\\\/donde-esta-mi-lapiz-amarillo-9788426149725\\\/#primaryimage\"},\"image\":{\"@id\":\"https:\\\/\\\/www.editorialjuventud.es\\\/donde-esta-mi-lapiz-amarillo-9788426149725\\\/#primaryimage\"},\"thumbnailUrl\":\"https:\\\/\\\/www.editorialjuventud.es\\\/wp-content\\\/uploads\\\/9788426149725.jpg\",\"datePublished\":\"2026-02-13T10:15:04+00:00\",\"dateModified\":\"2026-03-11T14:00:03+00:00\",\"description\":\"'\u00a1Mam\u00e1\u00e1\u00e1! \u00bfSabes d\u00f3nde est\u00e1 mi l\u00e1piz amarillo? \u00bfY mi estuche? \u00bfY mi mochila?' Cuando su l\u00e1piz favorito desaparece, la peque\u00f1a Rita emprende un viaje que\",\"breadcrumb\":{\"@id\":\"https:\\\/\\\/www.editorialjuventud.es\\\/donde-esta-mi-lapiz-amarillo-9788426149725\\\/#breadcrumb\"},\"inLanguage\":\"ca\",\"potentialAction\":[{\"@type\":\"ReadAction\",\"target\":[\"https:\\\/\\\/www.editorialjuventud.es\\\/donde-esta-mi-lapiz-amarillo-9788426149725\\\/\"]}]},{\"@type\":\"ImageObject\",\"inLanguage\":\"ca\",\"@id\":\"https:\\\/\\\/www.editorialjuventud.es\\\/donde-esta-mi-lapiz-amarillo-9788426149725\\\/#primaryimage\",\"url\":\"https:\\\/\\\/www.editorialjuventud.es\\\/wp-content\\\/uploads\\\/9788426149725.jpg\",\"contentUrl\":\"https:\\\/\\\/www.editorialjuventud.es\\\/wp-content\\\/uploads\\\/9788426149725.jpg\",\"width\":1583,\"height\":2000,\"caption\":\"9788426149725.jpg\"},{\"@type\":\"BreadcrumbList\",\"@id\":\"https:\\\/\\\/www.editorialjuventud.es\\\/donde-esta-mi-lapiz-amarillo-9788426149725\\\/#breadcrumb\",\"itemListElement\":[{\"@type\":\"ListItem\",\"position\":1,\"name\":\"Portada\",\"item\":\"https:\\\/\\\/www.editorialjuventud.es\\\/\"},{\"@type\":\"ListItem\",\"position\":2,\"name\":\"cat\u00e1logo\",\"item\":\"https:\\\/\\\/www.editorialjuventud.es\\\/coleccion\\\/catalogo\\\/\"},{\"@type\":\"ListItem\",\"position\":3,\"name\":\"castellano\",\"item\":\"https:\\\/\\\/www.editorialjuventud.es\\\/coleccion\\\/castellano\\\/\"},{\"@type\":\"ListItem\",\"position\":4,\"name\":\"\u00c1lbumes Ilustrados\",\"item\":\"https:\\\/\\\/www.editorialjuventud.es\\\/coleccion\\\/albumes-ilustrados\\\/\"},{\"@type\":\"ListItem\",\"position\":5,\"name\":\"Un Mill\u00f3n de Amigos\",\"item\":\"https:\\\/\\\/www.editorialjuventud.es\\\/coleccion\\\/un-millon-de-amigos\\\/\"},{\"@type\":\"ListItem\",\"position\":6,\"name\":\"\u00bfD\u00f3nde est\u00e1 mi l\u00e1piz amarillo?\"}]},{\"@type\":\"WebSite\",\"@id\":\"https:\\\/\\\/www.editorialjuventud.es\\\/#website\",\"url\":\"https:\\\/\\\/www.editorialjuventud.es\\\/\",\"name\":\"Editorial Juventud\",\"description\":\"\",\"potentialAction\":[{\"@type\":\"SearchAction\",\"target\":{\"@type\":\"EntryPoint\",\"urlTemplate\":\"https:\\\/\\\/www.editorialjuventud.es\\\/?s={search_term_string}\"},\"query-input\":{\"@type\":\"PropertyValueSpecification\",\"valueRequired\":true,\"valueName\":\"search_term_string\"}}],\"inLanguage\":\"ca\"}]}<\/script>\n<!-- \/ Yoast SEO plugin. -->","yoast_head_json":{"title":"\u00bfD\u00f3nde est\u00e1 mi l\u00e1piz amarillo? - Editorial Juventud","description":"'\u00a1Mam\u00e1\u00e1\u00e1! \u00bfSabes d\u00f3nde est\u00e1 mi l\u00e1piz amarillo? \u00bfY mi estuche? \u00bfY mi mochila?' Cuando su l\u00e1piz favorito desaparece, la peque\u00f1a Rita emprende un viaje que","robots":{"index":"index","follow":"follow","max-snippet":"max-snippet:-1","max-image-preview":"max-image-preview:large","max-video-preview":"max-video-preview:-1"},"canonical":"https:\/\/www.editorialjuventud.es\/donde-esta-mi-lapiz-amarillo-9788426149725\/","og_locale":"ca_ES","og_type":"article","og_title":"\u00bfD\u00f3nde est\u00e1 mi l\u00e1piz amarillo? - Editorial Juventud","og_description":"'\u00a1Mam\u00e1\u00e1\u00e1! \u00bfSabes d\u00f3nde est\u00e1 mi l\u00e1piz amarillo? \u00bfY mi estuche? \u00bfY mi mochila?' Cuando su l\u00e1piz favorito desaparece, la peque\u00f1a Rita emprende un viaje que","og_url":"https:\/\/www.editorialjuventud.es\/donde-esta-mi-lapiz-amarillo-9788426149725\/","og_site_name":"Editorial Juventud","article_modified_time":"2026-03-11T14:00:03+00:00","og_image":[{"url":"https:\/\/www.editorialjuventud.es\/wp-content\/uploads\/9788426149725.jpg","width":1583,"height":2000,"type":"image\/jpeg"}],"twitter_card":"summary_large_image","twitter_misc":{"Temps estimat de lectura":"1 minut"},"schema":{"@context":"https:\/\/schema.org","@graph":[{"@type":"WebPage","@id":"https:\/\/www.editorialjuventud.es\/donde-esta-mi-lapiz-amarillo-9788426149725\/","url":"https:\/\/www.editorialjuventud.es\/donde-esta-mi-lapiz-amarillo-9788426149725\/","name":"\u00bfD\u00f3nde est\u00e1 mi l\u00e1piz amarillo? - Editorial Juventud","isPartOf":{"@id":"https:\/\/www.editorialjuventud.es\/#website"},"primaryImageOfPage":{"@id":"https:\/\/www.editorialjuventud.es\/donde-esta-mi-lapiz-amarillo-9788426149725\/#primaryimage"},"image":{"@id":"https:\/\/www.editorialjuventud.es\/donde-esta-mi-lapiz-amarillo-9788426149725\/#primaryimage"},"thumbnailUrl":"https:\/\/www.editorialjuventud.es\/wp-content\/uploads\/9788426149725.jpg","datePublished":"2026-02-13T10:15:04+00:00","dateModified":"2026-03-11T14:00:03+00:00","description":"'\u00a1Mam\u00e1\u00e1\u00e1! \u00bfSabes d\u00f3nde est\u00e1 mi l\u00e1piz amarillo? \u00bfY mi estuche? \u00bfY mi mochila?' Cuando su l\u00e1piz favorito desaparece, la peque\u00f1a Rita emprende un viaje que","breadcrumb":{"@id":"https:\/\/www.editorialjuventud.es\/donde-esta-mi-lapiz-amarillo-9788426149725\/#breadcrumb"},"inLanguage":"ca","potentialAction":[{"@type":"ReadAction","target":["https:\/\/www.editorialjuventud.es\/donde-esta-mi-lapiz-amarillo-9788426149725\/"]}]},{"@type":"ImageObject","inLanguage":"ca","@id":"https:\/\/www.editorialjuventud.es\/donde-esta-mi-lapiz-amarillo-9788426149725\/#primaryimage","url":"https:\/\/www.editorialjuventud.es\/wp-content\/uploads\/9788426149725.jpg","contentUrl":"https:\/\/www.editorialjuventud.es\/wp-content\/uploads\/9788426149725.jpg","width":1583,"height":2000,"caption":"9788426149725.jpg"},{"@type":"BreadcrumbList","@id":"https:\/\/www.editorialjuventud.es\/donde-esta-mi-lapiz-amarillo-9788426149725\/#breadcrumb","itemListElement":[{"@type":"ListItem","position":1,"name":"Portada","item":"https:\/\/www.editorialjuventud.es\/"},{"@type":"ListItem","position":2,"name":"cat\u00e1logo","item":"https:\/\/www.editorialjuventud.es\/coleccion\/catalogo\/"},{"@type":"ListItem","position":3,"name":"castellano","item":"https:\/\/www.editorialjuventud.es\/coleccion\/castellano\/"},{"@type":"ListItem","position":4,"name":"\u00c1lbumes Ilustrados","item":"https:\/\/www.editorialjuventud.es\/coleccion\/albumes-ilustrados\/"},{"@type":"ListItem","position":5,"name":"Un Mill\u00f3n de Amigos","item":"https:\/\/www.editorialjuventud.es\/coleccion\/un-millon-de-amigos\/"},{"@type":"ListItem","position":6,"name":"\u00bfD\u00f3nde est\u00e1 mi l\u00e1piz amarillo?"}]},{"@type":"WebSite","@id":"https:\/\/www.editorialjuventud.es\/#website","url":"https:\/\/www.editorialjuventud.es\/","name":"Editorial Juventud","description":"","potentialAction":[{"@type":"SearchAction","target":{"@type":"EntryPoint","urlTemplate":"https:\/\/www.editorialjuventud.es\/?s={search_term_string}"},"query-input":{"@type":"PropertyValueSpecification","valueRequired":true,"valueName":"search_term_string"}}],"inLanguage":"ca"}]}},"_links":{"self":[{"href":"https:\/\/www.editorialjuventud.es\/ca\/wp-json\/wp\/v2\/product\/101636","targetHints":{"allow":["GET"]}}],"collection":[{"href":"https:\/\/www.editorialjuventud.es\/ca\/wp-json\/wp\/v2\/product"}],"about":[{"href":"https:\/\/www.editorialjuventud.es\/ca\/wp-json\/wp\/v2\/types\/product"}],"wp:featuredmedia":[{"embeddable":true,"href":"https:\/\/www.editorialjuventud.es\/ca\/wp-json\/wp\/v2\/media\/101637"}],"wp:attachment":[{"href":"https:\/\/www.editorialjuventud.es\/ca\/wp-json\/wp\/v2\/media?parent=101636"}],"wp:term":[{"taxonomy":"product_brand","embeddable":true,"href":"https:\/\/www.editorialjuventud.es\/ca\/wp-json\/wp\/v2\/product_brand?post=101636"},{"taxonomy":"product_cat","embeddable":true,"href":"https:\/\/www.editorialjuventud.es\/ca\/wp-json\/wp\/v2\/product_cat?post=101636"},{"taxonomy":"product_tag","embeddable":true,"href":"https:\/\/www.editorialjuventud.es\/ca\/wp-json\/wp\/v2\/product_tag?post=101636"},{"taxonomy":"coleccion","embeddable":true,"href":"https:\/\/www.editorialjuventud.es\/ca\/wp-json\/wp\/v2\/coleccion?post=101636"}],"curies":[{"name":"wp","href":"https:\/\/api.w.org\/{rel}","templated":true}]}}