{"id":101632,"date":"2026-02-13T11:05:08","date_gmt":"2026-02-13T10:05:08","guid":{"rendered":"https:\/\/www.editorialjuventud.es\/on-es-el-meu-llapis-groc-9788426149732\/"},"modified":"2026-03-04T12:52:46","modified_gmt":"2026-03-04T11:52:46","slug":"on-es-el-meu-llapis-groc-9788426149732","status":"publish","type":"product","link":"https:\/\/www.editorialjuventud.es\/ca\/on-es-el-meu-llapis-groc-9788426149732\/","title":{"rendered":"On \u00e9s el meu llapis groc?"},"content":{"rendered":"<p>&#8216;Mamaaa! Saps on \u00e9s el meu llapis groc? I el meu estoig? I la meva motxilla?&#8217;<br \/>\nQuan el seu llapis preferit desapareix, la nostra petita Rita empr\u00e8n un viatge que la dur\u00e0 als llocs m\u00e9s rec\u00f2ndits i inesperats, fins a descobrir que all\u00f2 que busca mai havia estat tan lluny com pensava.<br \/>\nIndicacions incorrectes, animals despistats i un parell d&#8217;estrelles amb bon ull pels productes de papereria habiten les p\u00e0gines d&#8217;aquest meravell\u00f3s \u00e0lbum debut de l&#8217;argentina Luc\u00eda Rovira. Amb humor i lleugeresa, l&#8217;autora construeix un delicat univers a dues tintes. Entre tra\u00e7os de llapis i un llumin\u00f3s color gros, acompanyem l&#8217;artista Rita en un viatge per descobrir el que m\u00e9s li agrada.<\/p>\n","protected":false},"excerpt":{"rendered":"&#8216;Mamaaa! Saps on \u00e9s el meu llapis groc? I el meu estoig? I la meva motxilla?&#8217; Quan el seu llapis preferit desapareix, la nostra petita Rita empr\u00e8n un viatge que la dur\u00e0 als llocs m\u00e9s rec\u00f2ndits i inesperats, fins a [&hellip;]","protected":false},"featured_media":101633,"template":"","meta":{"_acf_changed":false,"_exactmetrics_skip_tracking":false,"_exactmetrics_sitenote_active":false,"_exactmetrics_sitenote_note":"","_exactmetrics_sitenote_category":0},"product_brand":[],"product_cat":[900,1121,1140,1142,909,1184,910],"product_tag":[],"coleccion":[917,960],"class_list":{"0":"post-101632","1":"product","2":"type-product","3":"status-publish","4":"has-post-thumbnail","6":"product_cat-a-partir-de-5-anos","7":"product_cat-albumes-ilustrados","8":"product_cat-arte-y-creatividad","9":"product_cat-aventura","10":"product_cat-este-mes","11":"product_cat-humor","12":"product_cat-ultimas-novedades","13":"coleccion-albums-illustrats","14":"coleccion-un-milio-damics","16":"first","17":"instock","18":"taxable","19":"shipping-taxable","20":"purchasable","21":"product-type-simple"},"acf":{"autor":"Rovira, Luc\u00eda","codart":"4973","ediciones":"1","encuadernacion":"Carton\u00e9","fecha_de_publicacion":"01\/03\/2026","novedad":"0","paginas":"40","subtitulo":"","texto_web_adicional":"","texto_web_novedad":"","orden":"999","portada":"0","texto_web_resaltado":"","traductores-libros":[92197],"descripcion_corta":"","recomendamos":"","mas_vendido":"","indice":"","autores-libros":[101643],"ilustradores-libros":"","idioma-libro":"","fecha_de_reimpresion":"","color":false,"formato":"","mas_informacion_del_producto":false,"premios":false,"deshabilitar_compra":[],"texto_enlace_cubierta":"","enlace_cubierta":false,"texto_enlace_ficha_tecnica":"","enlace_ficha_tecnica":{"ID":101717,"id":101717,"title":"Fitxa on \u00e9s el meu llapis groc CAT","filename":"Fitxa-on-es-el-meu-llapis-groc-CAT.pdf","filesize":2469440,"url":"https:\/\/www.editorialjuventud.es\/wp-content\/uploads\/Fitxa-on-es-el-meu-llapis-groc-CAT.pdf","link":"https:\/\/www.editorialjuventud.es\/ca\/?attachment_id=101717","alt":"","author":"1519","description":"","caption":"","name":"fitxa-on-es-el-meu-llapis-groc-cat","status":"inherit","uploaded_to":101617,"date":"2026-02-27 12:52:53","modified":"2026-02-27 12:52:53","menu_order":0,"mime_type":"application\/pdf","type":"application","subtype":"pdf","icon":"https:\/\/www.editorialjuventud.es\/wp-includes\/images\/media\/document.png"},"ficheros":false,"titulo-fr":"","texto-fr":""},"yoast_head":"<!-- This site is optimized with the Yoast SEO plugin v27.3 - https:\/\/yoast.com\/product\/yoast-seo-wordpress\/ -->\n<title>On \u00e9s el meu llapis groc? - Editorial Juventud<\/title>\n<meta name=\"description\" content=\"&#039;Mamaaa! Saps on \u00e9s el meu llapis groc? I el meu estoig? I la meva motxilla?&#039; Quan el seu llapis preferit desapareix, la nostra petita Rita empr\u00e8n un\" \/>\n<meta name=\"robots\" content=\"index, follow, max-snippet:-1, max-image-preview:large, max-video-preview:-1\" \/>\n<link rel=\"canonical\" href=\"https:\/\/www.editorialjuventud.es\/on-es-el-meu-llapis-groc-9788426149732\/\" \/>\n<meta property=\"og:locale\" content=\"ca_ES\" \/>\n<meta property=\"og:type\" content=\"article\" \/>\n<meta property=\"og:title\" content=\"On \u00e9s el meu llapis groc? - Editorial Juventud\" \/>\n<meta property=\"og:description\" content=\"&#039;Mamaaa! Saps on \u00e9s el meu llapis groc? I el meu estoig? I la meva motxilla?&#039; Quan el seu llapis preferit desapareix, la nostra petita Rita empr\u00e8n un\" \/>\n<meta property=\"og:url\" content=\"https:\/\/www.editorialjuventud.es\/on-es-el-meu-llapis-groc-9788426149732\/\" \/>\n<meta property=\"og:site_name\" content=\"Editorial Juventud\" \/>\n<meta property=\"article:modified_time\" content=\"2026-03-04T11:52:46+00:00\" \/>\n<meta property=\"og:image\" content=\"https:\/\/www.editorialjuventud.es\/wp-content\/uploads\/9788426149732.jpg\" \/>\n\t<meta property=\"og:image:width\" content=\"1589\" \/>\n\t<meta property=\"og:image:height\" content=\"2000\" \/>\n\t<meta property=\"og:image:type\" content=\"image\/jpeg\" \/>\n<meta name=\"twitter:card\" content=\"summary_large_image\" \/>\n<meta name=\"twitter:label1\" content=\"Temps estimat de lectura\" \/>\n\t<meta name=\"twitter:data1\" content=\"1 minut\" \/>\n<script type=\"application\/ld+json\" class=\"yoast-schema-graph\">{\"@context\":\"https:\\\/\\\/schema.org\",\"@graph\":[{\"@type\":\"WebPage\",\"@id\":\"https:\\\/\\\/www.editorialjuventud.es\\\/on-es-el-meu-llapis-groc-9788426149732\\\/\",\"url\":\"https:\\\/\\\/www.editorialjuventud.es\\\/on-es-el-meu-llapis-groc-9788426149732\\\/\",\"name\":\"On \u00e9s el meu llapis groc? - Editorial Juventud\",\"isPartOf\":{\"@id\":\"https:\\\/\\\/www.editorialjuventud.es\\\/#website\"},\"primaryImageOfPage\":{\"@id\":\"https:\\\/\\\/www.editorialjuventud.es\\\/on-es-el-meu-llapis-groc-9788426149732\\\/#primaryimage\"},\"image\":{\"@id\":\"https:\\\/\\\/www.editorialjuventud.es\\\/on-es-el-meu-llapis-groc-9788426149732\\\/#primaryimage\"},\"thumbnailUrl\":\"https:\\\/\\\/www.editorialjuventud.es\\\/wp-content\\\/uploads\\\/9788426149732.jpg\",\"datePublished\":\"2026-02-13T10:05:08+00:00\",\"dateModified\":\"2026-03-04T11:52:46+00:00\",\"description\":\"'Mamaaa! Saps on \u00e9s el meu llapis groc? I el meu estoig? I la meva motxilla?' Quan el seu llapis preferit desapareix, la nostra petita Rita empr\u00e8n un\",\"breadcrumb\":{\"@id\":\"https:\\\/\\\/www.editorialjuventud.es\\\/on-es-el-meu-llapis-groc-9788426149732\\\/#breadcrumb\"},\"inLanguage\":\"ca\",\"potentialAction\":[{\"@type\":\"ReadAction\",\"target\":[\"https:\\\/\\\/www.editorialjuventud.es\\\/on-es-el-meu-llapis-groc-9788426149732\\\/\"]}]},{\"@type\":\"ImageObject\",\"inLanguage\":\"ca\",\"@id\":\"https:\\\/\\\/www.editorialjuventud.es\\\/on-es-el-meu-llapis-groc-9788426149732\\\/#primaryimage\",\"url\":\"https:\\\/\\\/www.editorialjuventud.es\\\/wp-content\\\/uploads\\\/9788426149732.jpg\",\"contentUrl\":\"https:\\\/\\\/www.editorialjuventud.es\\\/wp-content\\\/uploads\\\/9788426149732.jpg\",\"width\":1589,\"height\":2000,\"caption\":\"9788426149732.jpg\"},{\"@type\":\"BreadcrumbList\",\"@id\":\"https:\\\/\\\/www.editorialjuventud.es\\\/on-es-el-meu-llapis-groc-9788426149732\\\/#breadcrumb\",\"itemListElement\":[{\"@type\":\"ListItem\",\"position\":1,\"name\":\"Portada\",\"item\":\"https:\\\/\\\/www.editorialjuventud.es\\\/\"},{\"@type\":\"ListItem\",\"position\":2,\"name\":\"cat\u00e1logo\",\"item\":\"https:\\\/\\\/www.editorialjuventud.es\\\/coleccion\\\/catalogo\\\/\"},{\"@type\":\"ListItem\",\"position\":3,\"name\":\"catal\u00e0\",\"item\":\"https:\\\/\\\/www.editorialjuventud.es\\\/coleccion\\\/catala\\\/\"},{\"@type\":\"ListItem\",\"position\":4,\"name\":\"\u00c0lbums Il\u00b7lustrats\",\"item\":\"https:\\\/\\\/www.editorialjuventud.es\\\/coleccion\\\/albums-il%c2%b7lustrats\\\/\"},{\"@type\":\"ListItem\",\"position\":5,\"name\":\"Un Mili\u00f3 d'Amics\",\"item\":\"https:\\\/\\\/www.editorialjuventud.es\\\/coleccion\\\/un-milio-damics\\\/\"},{\"@type\":\"ListItem\",\"position\":6,\"name\":\"On \u00e9s el meu llapis groc?\"}]},{\"@type\":\"WebSite\",\"@id\":\"https:\\\/\\\/www.editorialjuventud.es\\\/#website\",\"url\":\"https:\\\/\\\/www.editorialjuventud.es\\\/\",\"name\":\"Editorial Juventud\",\"description\":\"\",\"potentialAction\":[{\"@type\":\"SearchAction\",\"target\":{\"@type\":\"EntryPoint\",\"urlTemplate\":\"https:\\\/\\\/www.editorialjuventud.es\\\/?s={search_term_string}\"},\"query-input\":{\"@type\":\"PropertyValueSpecification\",\"valueRequired\":true,\"valueName\":\"search_term_string\"}}],\"inLanguage\":\"ca\"}]}<\/script>\n<!-- \/ Yoast SEO plugin. -->","yoast_head_json":{"title":"On \u00e9s el meu llapis groc? - Editorial Juventud","description":"'Mamaaa! Saps on \u00e9s el meu llapis groc? I el meu estoig? I la meva motxilla?' Quan el seu llapis preferit desapareix, la nostra petita Rita empr\u00e8n un","robots":{"index":"index","follow":"follow","max-snippet":"max-snippet:-1","max-image-preview":"max-image-preview:large","max-video-preview":"max-video-preview:-1"},"canonical":"https:\/\/www.editorialjuventud.es\/on-es-el-meu-llapis-groc-9788426149732\/","og_locale":"ca_ES","og_type":"article","og_title":"On \u00e9s el meu llapis groc? - Editorial Juventud","og_description":"'Mamaaa! Saps on \u00e9s el meu llapis groc? I el meu estoig? I la meva motxilla?' Quan el seu llapis preferit desapareix, la nostra petita Rita empr\u00e8n un","og_url":"https:\/\/www.editorialjuventud.es\/on-es-el-meu-llapis-groc-9788426149732\/","og_site_name":"Editorial Juventud","article_modified_time":"2026-03-04T11:52:46+00:00","og_image":[{"url":"https:\/\/www.editorialjuventud.es\/wp-content\/uploads\/9788426149732.jpg","width":1589,"height":2000,"type":"image\/jpeg"}],"twitter_card":"summary_large_image","twitter_misc":{"Temps estimat de lectura":"1 minut"},"schema":{"@context":"https:\/\/schema.org","@graph":[{"@type":"WebPage","@id":"https:\/\/www.editorialjuventud.es\/on-es-el-meu-llapis-groc-9788426149732\/","url":"https:\/\/www.editorialjuventud.es\/on-es-el-meu-llapis-groc-9788426149732\/","name":"On \u00e9s el meu llapis groc? - Editorial Juventud","isPartOf":{"@id":"https:\/\/www.editorialjuventud.es\/#website"},"primaryImageOfPage":{"@id":"https:\/\/www.editorialjuventud.es\/on-es-el-meu-llapis-groc-9788426149732\/#primaryimage"},"image":{"@id":"https:\/\/www.editorialjuventud.es\/on-es-el-meu-llapis-groc-9788426149732\/#primaryimage"},"thumbnailUrl":"https:\/\/www.editorialjuventud.es\/wp-content\/uploads\/9788426149732.jpg","datePublished":"2026-02-13T10:05:08+00:00","dateModified":"2026-03-04T11:52:46+00:00","description":"'Mamaaa! Saps on \u00e9s el meu llapis groc? I el meu estoig? I la meva motxilla?' Quan el seu llapis preferit desapareix, la nostra petita Rita empr\u00e8n un","breadcrumb":{"@id":"https:\/\/www.editorialjuventud.es\/on-es-el-meu-llapis-groc-9788426149732\/#breadcrumb"},"inLanguage":"ca","potentialAction":[{"@type":"ReadAction","target":["https:\/\/www.editorialjuventud.es\/on-es-el-meu-llapis-groc-9788426149732\/"]}]},{"@type":"ImageObject","inLanguage":"ca","@id":"https:\/\/www.editorialjuventud.es\/on-es-el-meu-llapis-groc-9788426149732\/#primaryimage","url":"https:\/\/www.editorialjuventud.es\/wp-content\/uploads\/9788426149732.jpg","contentUrl":"https:\/\/www.editorialjuventud.es\/wp-content\/uploads\/9788426149732.jpg","width":1589,"height":2000,"caption":"9788426149732.jpg"},{"@type":"BreadcrumbList","@id":"https:\/\/www.editorialjuventud.es\/on-es-el-meu-llapis-groc-9788426149732\/#breadcrumb","itemListElement":[{"@type":"ListItem","position":1,"name":"Portada","item":"https:\/\/www.editorialjuventud.es\/"},{"@type":"ListItem","position":2,"name":"cat\u00e1logo","item":"https:\/\/www.editorialjuventud.es\/coleccion\/catalogo\/"},{"@type":"ListItem","position":3,"name":"catal\u00e0","item":"https:\/\/www.editorialjuventud.es\/coleccion\/catala\/"},{"@type":"ListItem","position":4,"name":"\u00c0lbums Il\u00b7lustrats","item":"https:\/\/www.editorialjuventud.es\/coleccion\/albums-il%c2%b7lustrats\/"},{"@type":"ListItem","position":5,"name":"Un Mili\u00f3 d'Amics","item":"https:\/\/www.editorialjuventud.es\/coleccion\/un-milio-damics\/"},{"@type":"ListItem","position":6,"name":"On \u00e9s el meu llapis groc?"}]},{"@type":"WebSite","@id":"https:\/\/www.editorialjuventud.es\/#website","url":"https:\/\/www.editorialjuventud.es\/","name":"Editorial Juventud","description":"","potentialAction":[{"@type":"SearchAction","target":{"@type":"EntryPoint","urlTemplate":"https:\/\/www.editorialjuventud.es\/?s={search_term_string}"},"query-input":{"@type":"PropertyValueSpecification","valueRequired":true,"valueName":"search_term_string"}}],"inLanguage":"ca"}]}},"_links":{"self":[{"href":"https:\/\/www.editorialjuventud.es\/ca\/wp-json\/wp\/v2\/product\/101632","targetHints":{"allow":["GET"]}}],"collection":[{"href":"https:\/\/www.editorialjuventud.es\/ca\/wp-json\/wp\/v2\/product"}],"about":[{"href":"https:\/\/www.editorialjuventud.es\/ca\/wp-json\/wp\/v2\/types\/product"}],"wp:featuredmedia":[{"embeddable":true,"href":"https:\/\/www.editorialjuventud.es\/ca\/wp-json\/wp\/v2\/media\/101633"}],"wp:attachment":[{"href":"https:\/\/www.editorialjuventud.es\/ca\/wp-json\/wp\/v2\/media?parent=101632"}],"wp:term":[{"taxonomy":"product_brand","embeddable":true,"href":"https:\/\/www.editorialjuventud.es\/ca\/wp-json\/wp\/v2\/product_brand?post=101632"},{"taxonomy":"product_cat","embeddable":true,"href":"https:\/\/www.editorialjuventud.es\/ca\/wp-json\/wp\/v2\/product_cat?post=101632"},{"taxonomy":"product_tag","embeddable":true,"href":"https:\/\/www.editorialjuventud.es\/ca\/wp-json\/wp\/v2\/product_tag?post=101632"},{"taxonomy":"coleccion","embeddable":true,"href":"https:\/\/www.editorialjuventud.es\/ca\/wp-json\/wp\/v2\/coleccion?post=101632"}],"curies":[{"name":"wp","href":"https:\/\/api.w.org\/{rel}","templated":true}]}}