{"id":101620,"date":"2026-02-10T15:25:15","date_gmt":"2026-02-10T14:25:15","guid":{"rendered":"https:\/\/www.editorialjuventud.es\/desencanteris-9788426149756\/"},"modified":"2026-03-04T12:52:28","modified_gmt":"2026-03-04T11:52:28","slug":"una-oferta-molt-llaminera-9788426149756","status":"publish","type":"product","link":"https:\/\/www.editorialjuventud.es\/ca\/una-oferta-molt-llaminera-9788426149756\/","title":{"rendered":"Una oferta molt llaminera"},"content":{"rendered":"<p>Per un malent\u00e8s, Reformes 24h accepta renovar la casa de caramel de Hansel i Gretel, en un sol dia! L&#8217;equip format per la Manela, la capatassa humana, i en Rulf, el seu \u00fanic treballador, un gnom amb superfor\u00e7a, somia que ser\u00e0 l&#8217;enc\u00e0rrec que els far\u00e0 famosos. Per\u00f2 no comptaven que la casa est\u00e0 embruixada i habitada pels personatges m\u00e9s singulars&#8230; Podran acabar la reforma a temps, o hauran d&#8217;enfrontar-se amb els deutes i l&#8217;avar\u00edcia dels bessons rendistes?<br \/>\nUna oferta molt llaminera inaugura la col\u00b7lecci\u00f3 &#8216;Desencanteris 24h&#8217;, en qu\u00e8 els protagonistes Manela i Rulf reformaran alguns dels contes m\u00e9s populars. Amb un variat repartiment de personatges -des d&#8217;una bruixa en plena crisi existencial a un ex\u00e8rcit de galetes de gingebre- aquest c\u00f2mic resulta irresistible per a lectors aut\u00f2noms que busquin aventures i rialles.<\/p>\n","protected":false},"excerpt":{"rendered":"Per un malent\u00e8s, Reformes 24h accepta renovar la casa de caramel de Hansel i Gretel, en un sol dia! L&#8217;equip format per la Manela, la capatassa humana, i en Rulf, el seu \u00fanic treballador, un gnom amb superfor\u00e7a, somia que [&hellip;]","protected":false},"featured_media":101646,"template":"","meta":{"_acf_changed":false,"_exactmetrics_skip_tracking":false,"_exactmetrics_sitenote_active":false,"_exactmetrics_sitenote_note":"","_exactmetrics_sitenote_category":0},"product_brand":[],"product_cat":[903,1136,1142,1127,1284,1156,909,1184,910],"product_tag":[],"coleccion":[922],"class_list":{"0":"post-101620","1":"product","2":"type-product","3":"status-publish","4":"has-post-thumbnail","6":"product_cat-a-partir-de-8-anos","7":"product_cat-amistad","8":"product_cat-aventura","9":"product_cat-comic","10":"product_cat-comic-tematica","11":"product_cat-cooperacion","12":"product_cat-este-mes","13":"product_cat-humor","14":"product_cat-ultimas-novedades","15":"coleccion-joventut-comic","17":"first","18":"instock","19":"taxable","20":"shipping-taxable","21":"purchasable","22":"product-type-simple"},"acf":{"autor":"C. Reyna, Pablo; Fragoso, Jos\u00e9","codart":"4975","ediciones":"1","encuadernacion":"R\u00fastica","fecha_de_publicacion":"01\/03\/2026","novedad":"0","paginas":"144","subtitulo":"","texto_web_adicional":"","texto_web_novedad":"","orden":"999","portada":"0","texto_web_resaltado":"","traductores-libros":[21449],"descripcion_corta":"","recomendamos":"","mas_vendido":"","indice":"","autores-libros":[101630],"ilustradores-libros":[101628],"idioma-libro":"","fecha_de_reimpresion":"","color":false,"formato":"","mas_informacion_del_producto":false,"premios":false,"deshabilitar_compra":[],"texto_enlace_cubierta":"","enlace_cubierta":false,"texto_enlace_ficha_tecnica":"","enlace_ficha_tecnica":{"ID":101719,"id":101719,"title":"Fitxa una oferta molt llaminera CAT","filename":"Fitxa-una-oferta-molt-llaminera-CAT.pdf","filesize":2154865,"url":"https:\/\/www.editorialjuventud.es\/wp-content\/uploads\/Fitxa-una-oferta-molt-llaminera-CAT.pdf","link":"https:\/\/www.editorialjuventud.es\/ca\/?attachment_id=101719","alt":"","author":"1519","description":"","caption":"","name":"fitxa-una-oferta-molt-llaminera-cat","status":"inherit","uploaded_to":101617,"date":"2026-02-27 12:52:55","modified":"2026-02-27 12:52:55","menu_order":0,"mime_type":"application\/pdf","type":"application","subtype":"pdf","icon":"https:\/\/www.editorialjuventud.es\/wp-includes\/images\/media\/document.png"},"ficheros":false,"titulo-fr":"","texto-fr":""},"yoast_head":"<!-- This site is optimized with the Yoast SEO plugin v27.5 - https:\/\/yoast.com\/product\/yoast-seo-wordpress\/ -->\n<title>Una oferta molt llaminera - Editorial Juventud<\/title>\n<meta name=\"description\" content=\"Per un malent\u00e8s, Reformes 24h accepta renovar la casa de caramel de Hansel i Gretel, en un sol dia! L&#039;equip format per la Manela, la capatassa humana, i\" \/>\n<meta name=\"robots\" content=\"index, follow, max-snippet:-1, max-image-preview:large, max-video-preview:-1\" \/>\n<link rel=\"canonical\" href=\"https:\/\/www.editorialjuventud.es\/una-oferta-molt-llaminera-9788426149756\/\" \/>\n<meta property=\"og:locale\" content=\"ca_ES\" \/>\n<meta property=\"og:type\" content=\"article\" \/>\n<meta property=\"og:title\" content=\"Una oferta molt llaminera - Editorial Juventud\" \/>\n<meta property=\"og:description\" content=\"Per un malent\u00e8s, Reformes 24h accepta renovar la casa de caramel de Hansel i Gretel, en un sol dia! L&#039;equip format per la Manela, la capatassa humana, i\" \/>\n<meta property=\"og:url\" content=\"https:\/\/www.editorialjuventud.es\/una-oferta-molt-llaminera-9788426149756\/\" \/>\n<meta property=\"og:site_name\" content=\"Editorial Juventud\" \/>\n<meta property=\"article:modified_time\" content=\"2026-03-04T11:52:28+00:00\" \/>\n<meta property=\"og:image\" content=\"https:\/\/www.editorialjuventud.es\/wp-content\/uploads\/9788426149756-1.jpg\" \/>\n\t<meta property=\"og:image:width\" content=\"1396\" \/>\n\t<meta property=\"og:image:height\" content=\"2000\" \/>\n\t<meta property=\"og:image:type\" content=\"image\/jpeg\" \/>\n<meta name=\"twitter:card\" content=\"summary_large_image\" \/>\n<meta name=\"twitter:label1\" content=\"Temps estimat de lectura\" \/>\n\t<meta name=\"twitter:data1\" content=\"1 minut\" \/>\n<script type=\"application\/ld+json\" class=\"yoast-schema-graph\">{\"@context\":\"https:\\\/\\\/schema.org\",\"@graph\":[{\"@type\":\"WebPage\",\"@id\":\"https:\\\/\\\/www.editorialjuventud.es\\\/una-oferta-molt-llaminera-9788426149756\\\/\",\"url\":\"https:\\\/\\\/www.editorialjuventud.es\\\/una-oferta-molt-llaminera-9788426149756\\\/\",\"name\":\"Una oferta molt llaminera - Editorial Juventud\",\"isPartOf\":{\"@id\":\"https:\\\/\\\/www.editorialjuventud.es\\\/#website\"},\"primaryImageOfPage\":{\"@id\":\"https:\\\/\\\/www.editorialjuventud.es\\\/una-oferta-molt-llaminera-9788426149756\\\/#primaryimage\"},\"image\":{\"@id\":\"https:\\\/\\\/www.editorialjuventud.es\\\/una-oferta-molt-llaminera-9788426149756\\\/#primaryimage\"},\"thumbnailUrl\":\"https:\\\/\\\/www.editorialjuventud.es\\\/wp-content\\\/uploads\\\/9788426149756-1.jpg\",\"datePublished\":\"2026-02-10T14:25:15+00:00\",\"dateModified\":\"2026-03-04T11:52:28+00:00\",\"description\":\"Per un malent\u00e8s, Reformes 24h accepta renovar la casa de caramel de Hansel i Gretel, en un sol dia! L'equip format per la Manela, la capatassa humana, i\",\"breadcrumb\":{\"@id\":\"https:\\\/\\\/www.editorialjuventud.es\\\/una-oferta-molt-llaminera-9788426149756\\\/#breadcrumb\"},\"inLanguage\":\"ca\",\"potentialAction\":[{\"@type\":\"ReadAction\",\"target\":[\"https:\\\/\\\/www.editorialjuventud.es\\\/una-oferta-molt-llaminera-9788426149756\\\/\"]}]},{\"@type\":\"ImageObject\",\"inLanguage\":\"ca\",\"@id\":\"https:\\\/\\\/www.editorialjuventud.es\\\/una-oferta-molt-llaminera-9788426149756\\\/#primaryimage\",\"url\":\"https:\\\/\\\/www.editorialjuventud.es\\\/wp-content\\\/uploads\\\/9788426149756-1.jpg\",\"contentUrl\":\"https:\\\/\\\/www.editorialjuventud.es\\\/wp-content\\\/uploads\\\/9788426149756-1.jpg\",\"width\":1396,\"height\":2000,\"caption\":\"9788426149756.jpg\"},{\"@type\":\"BreadcrumbList\",\"@id\":\"https:\\\/\\\/www.editorialjuventud.es\\\/una-oferta-molt-llaminera-9788426149756\\\/#breadcrumb\",\"itemListElement\":[{\"@type\":\"ListItem\",\"position\":1,\"name\":\"Portada\",\"item\":\"https:\\\/\\\/www.editorialjuventud.es\\\/\"},{\"@type\":\"ListItem\",\"position\":2,\"name\":\"cat\u00e1logo\",\"item\":\"https:\\\/\\\/www.editorialjuventud.es\\\/coleccion\\\/catalogo\\\/\"},{\"@type\":\"ListItem\",\"position\":3,\"name\":\"catal\u00e0\",\"item\":\"https:\\\/\\\/www.editorialjuventud.es\\\/coleccion\\\/catala\\\/\"},{\"@type\":\"ListItem\",\"position\":4,\"name\":\"Joventut C\u00f2mic\",\"item\":\"https:\\\/\\\/www.editorialjuventud.es\\\/ca\\\/coleccion\\\/joventut-comic\\\/\"},{\"@type\":\"ListItem\",\"position\":5,\"name\":\"Una oferta molt llaminera\"}]},{\"@type\":\"WebSite\",\"@id\":\"https:\\\/\\\/www.editorialjuventud.es\\\/#website\",\"url\":\"https:\\\/\\\/www.editorialjuventud.es\\\/\",\"name\":\"Editorial Juventud\",\"description\":\"\",\"potentialAction\":[{\"@type\":\"SearchAction\",\"target\":{\"@type\":\"EntryPoint\",\"urlTemplate\":\"https:\\\/\\\/www.editorialjuventud.es\\\/?s={search_term_string}\"},\"query-input\":{\"@type\":\"PropertyValueSpecification\",\"valueRequired\":true,\"valueName\":\"search_term_string\"}}],\"inLanguage\":\"ca\"}]}<\/script>\n<!-- \/ Yoast SEO plugin. -->","yoast_head_json":{"title":"Una oferta molt llaminera - Editorial Juventud","description":"Per un malent\u00e8s, Reformes 24h accepta renovar la casa de caramel de Hansel i Gretel, en un sol dia! L'equip format per la Manela, la capatassa humana, i","robots":{"index":"index","follow":"follow","max-snippet":"max-snippet:-1","max-image-preview":"max-image-preview:large","max-video-preview":"max-video-preview:-1"},"canonical":"https:\/\/www.editorialjuventud.es\/una-oferta-molt-llaminera-9788426149756\/","og_locale":"ca_ES","og_type":"article","og_title":"Una oferta molt llaminera - Editorial Juventud","og_description":"Per un malent\u00e8s, Reformes 24h accepta renovar la casa de caramel de Hansel i Gretel, en un sol dia! L'equip format per la Manela, la capatassa humana, i","og_url":"https:\/\/www.editorialjuventud.es\/una-oferta-molt-llaminera-9788426149756\/","og_site_name":"Editorial Juventud","article_modified_time":"2026-03-04T11:52:28+00:00","og_image":[{"width":1396,"height":2000,"url":"https:\/\/www.editorialjuventud.es\/wp-content\/uploads\/9788426149756-1.jpg","type":"image\/jpeg"}],"twitter_card":"summary_large_image","twitter_misc":{"Temps estimat de lectura":"1 minut"},"schema":{"@context":"https:\/\/schema.org","@graph":[{"@type":"WebPage","@id":"https:\/\/www.editorialjuventud.es\/una-oferta-molt-llaminera-9788426149756\/","url":"https:\/\/www.editorialjuventud.es\/una-oferta-molt-llaminera-9788426149756\/","name":"Una oferta molt llaminera - Editorial Juventud","isPartOf":{"@id":"https:\/\/www.editorialjuventud.es\/#website"},"primaryImageOfPage":{"@id":"https:\/\/www.editorialjuventud.es\/una-oferta-molt-llaminera-9788426149756\/#primaryimage"},"image":{"@id":"https:\/\/www.editorialjuventud.es\/una-oferta-molt-llaminera-9788426149756\/#primaryimage"},"thumbnailUrl":"https:\/\/www.editorialjuventud.es\/wp-content\/uploads\/9788426149756-1.jpg","datePublished":"2026-02-10T14:25:15+00:00","dateModified":"2026-03-04T11:52:28+00:00","description":"Per un malent\u00e8s, Reformes 24h accepta renovar la casa de caramel de Hansel i Gretel, en un sol dia! L'equip format per la Manela, la capatassa humana, i","breadcrumb":{"@id":"https:\/\/www.editorialjuventud.es\/una-oferta-molt-llaminera-9788426149756\/#breadcrumb"},"inLanguage":"ca","potentialAction":[{"@type":"ReadAction","target":["https:\/\/www.editorialjuventud.es\/una-oferta-molt-llaminera-9788426149756\/"]}]},{"@type":"ImageObject","inLanguage":"ca","@id":"https:\/\/www.editorialjuventud.es\/una-oferta-molt-llaminera-9788426149756\/#primaryimage","url":"https:\/\/www.editorialjuventud.es\/wp-content\/uploads\/9788426149756-1.jpg","contentUrl":"https:\/\/www.editorialjuventud.es\/wp-content\/uploads\/9788426149756-1.jpg","width":1396,"height":2000,"caption":"9788426149756.jpg"},{"@type":"BreadcrumbList","@id":"https:\/\/www.editorialjuventud.es\/una-oferta-molt-llaminera-9788426149756\/#breadcrumb","itemListElement":[{"@type":"ListItem","position":1,"name":"Portada","item":"https:\/\/www.editorialjuventud.es\/"},{"@type":"ListItem","position":2,"name":"cat\u00e1logo","item":"https:\/\/www.editorialjuventud.es\/coleccion\/catalogo\/"},{"@type":"ListItem","position":3,"name":"catal\u00e0","item":"https:\/\/www.editorialjuventud.es\/coleccion\/catala\/"},{"@type":"ListItem","position":4,"name":"Joventut C\u00f2mic","item":"https:\/\/www.editorialjuventud.es\/ca\/coleccion\/joventut-comic\/"},{"@type":"ListItem","position":5,"name":"Una oferta molt llaminera"}]},{"@type":"WebSite","@id":"https:\/\/www.editorialjuventud.es\/#website","url":"https:\/\/www.editorialjuventud.es\/","name":"Editorial Juventud","description":"","potentialAction":[{"@type":"SearchAction","target":{"@type":"EntryPoint","urlTemplate":"https:\/\/www.editorialjuventud.es\/?s={search_term_string}"},"query-input":{"@type":"PropertyValueSpecification","valueRequired":true,"valueName":"search_term_string"}}],"inLanguage":"ca"}]}},"_links":{"self":[{"href":"https:\/\/www.editorialjuventud.es\/ca\/wp-json\/wp\/v2\/product\/101620","targetHints":{"allow":["GET"]}}],"collection":[{"href":"https:\/\/www.editorialjuventud.es\/ca\/wp-json\/wp\/v2\/product"}],"about":[{"href":"https:\/\/www.editorialjuventud.es\/ca\/wp-json\/wp\/v2\/types\/product"}],"wp:featuredmedia":[{"embeddable":true,"href":"https:\/\/www.editorialjuventud.es\/ca\/wp-json\/wp\/v2\/media\/101646"}],"wp:attachment":[{"href":"https:\/\/www.editorialjuventud.es\/ca\/wp-json\/wp\/v2\/media?parent=101620"}],"wp:term":[{"taxonomy":"product_brand","embeddable":true,"href":"https:\/\/www.editorialjuventud.es\/ca\/wp-json\/wp\/v2\/product_brand?post=101620"},{"taxonomy":"product_cat","embeddable":true,"href":"https:\/\/www.editorialjuventud.es\/ca\/wp-json\/wp\/v2\/product_cat?post=101620"},{"taxonomy":"product_tag","embeddable":true,"href":"https:\/\/www.editorialjuventud.es\/ca\/wp-json\/wp\/v2\/product_tag?post=101620"},{"taxonomy":"coleccion","embeddable":true,"href":"https:\/\/www.editorialjuventud.es\/ca\/wp-json\/wp\/v2\/coleccion?post=101620"}],"curies":[{"name":"wp","href":"https:\/\/api.w.org\/{rel}","templated":true}]}}