{"id":101617,"date":"2026-02-10T15:25:05","date_gmt":"2026-02-10T14:25:05","guid":{"rendered":"https:\/\/www.editorialjuventud.es\/una-oferta-muy-golosa-9788426149749\/"},"modified":"2026-03-11T15:05:53","modified_gmt":"2026-03-11T14:05:53","slug":"una-oferta-muy-golosa-9788426149749","status":"publish","type":"product","link":"https:\/\/www.editorialjuventud.es\/ca\/una-oferta-muy-golosa-9788426149749\/","title":{"rendered":"Una oferta muy golosa"},"content":{"rendered":"<p>Por un malentendido, Reformas 24h acepta renovar la casa de caramelo de Hansel y Gretel \u00a1en un solo d\u00eda! El equipo formado por Manuela, la capataza humana, y Rulf, su \u00fanico empleado, un gnomo dotado con superfuerza, sue\u00f1a con que este ser\u00e1 el encargo que los har\u00e1 famosos. Pero no contaban con que la casa est\u00e1 embrujada y habitada por los personajes m\u00e1s singulares&#8230; \u00bfTerminar\u00e1n la reforma a tiempo, o tendr\u00e1n que enfrentarse con las deudas y la avaricia de los gemelos rentistas?<br \/>\nUna oferta muy golosa inaugura la colecci\u00f3n Desembrujos 24h, en la que los protagonistas, Manuela y Rulf, reformaran algunos de los cuentos m\u00e1s populares. Con un variado repartimiento de personajes -desde una bruja en plena crisis existencial a un ej\u00e9rcito de galletas de jengibre- este c\u00f3mic resulta irresistible para lectores aut\u00f3nomos que busquen aventuras y risas.<\/p>\n","protected":false},"excerpt":{"rendered":"Por un malentendido, Reformas 24h acepta renovar la casa de caramelo de Hansel y Gretel \u00a1en un solo d\u00eda! El equipo formado por Manuela, la capataza humana, y Rulf, su \u00fanico empleado, un gnomo dotado con superfuerza, sue\u00f1a con que [&hellip;]","protected":false},"featured_media":101644,"template":"","meta":{"_acf_changed":false,"_exactmetrics_skip_tracking":false,"_exactmetrics_sitenote_active":false,"_exactmetrics_sitenote_note":"","_exactmetrics_sitenote_category":0},"product_brand":[],"product_cat":[903,1136,1142,1127,1284,1156,909,1184,910],"product_tag":[],"coleccion":[916,935],"class_list":{"0":"post-101617","1":"product","2":"type-product","3":"status-publish","4":"has-post-thumbnail","6":"product_cat-a-partir-de-8-anos","7":"product_cat-amistad","8":"product_cat-aventura","9":"product_cat-comic","10":"product_cat-comic-tematica","11":"product_cat-cooperacion","12":"product_cat-este-mes","13":"product_cat-humor","14":"product_cat-ultimas-novedades","15":"coleccion-castellano","16":"coleccion-juventud-comic","18":"first","19":"instock","20":"taxable","21":"shipping-taxable","22":"purchasable","23":"product-type-simple"},"acf":{"autor":"C. Reyna, Pablo; Fragoso, Jos\u00e9","codart":"4974","ediciones":"1","encuadernacion":"R\u00fastica","fecha_de_publicacion":"01\/03\/2026","novedad":"0","paginas":"144","subtitulo":"","texto_web_adicional":"","texto_web_novedad":"","orden":"999","portada":"0","texto_web_resaltado":"","descripcion_corta":"","recomendamos":"","mas_vendido":"","indice":"","autores-libros":[101630],"ilustradores-libros":[101628],"traductores-libros":"","idioma-libro":"","fecha_de_reimpresion":"","color":false,"formato":"","mas_informacion_del_producto":false,"premios":false,"deshabilitar_compra":[],"texto_enlace_cubierta":"","enlace_cubierta":false,"texto_enlace_ficha_tecnica":"","enlace_ficha_tecnica":{"ID":101715,"id":101715,"title":"Ficha una oferta muy golosa ES","filename":"Ficha-una-oferta-muy-golosa-ES.pdf","filesize":2155589,"url":"https:\/\/www.editorialjuventud.es\/wp-content\/uploads\/Ficha-una-oferta-muy-golosa-ES.pdf","link":"https:\/\/www.editorialjuventud.es\/ca\/?attachment_id=101715","alt":"","author":"1519","description":"","caption":"","name":"ficha-una-oferta-muy-golosa-es","status":"inherit","uploaded_to":101617,"date":"2026-02-27 12:52:50","modified":"2026-02-27 12:52:50","menu_order":0,"mime_type":"application\/pdf","type":"application","subtype":"pdf","icon":"https:\/\/www.editorialjuventud.es\/wp-includes\/images\/media\/document.png"},"ficheros":false,"titulo-fr":"A tempting treat","texto-fr":"<p>Due to a misunderstanding, Manuela and Rulf take on a very special makeover project: Hansel and Gretel\u2019s Candy House! They must transform it in under 24 hours, or they risk losing the<br \/>\nrenovation business they have worked so hard on. And if that wasn\u2019t enough, it turns out the house is haunted and inhabited by the strangest creatures. Will they complete the renovation on<br \/>\ntime, or will they have to face the wrath of the gentrifying twins?<\/p>\n"},"yoast_head":"<!-- This site is optimized with the Yoast SEO plugin v27.5 - https:\/\/yoast.com\/product\/yoast-seo-wordpress\/ -->\n<title>Una oferta muy golosa - Editorial Juventud<\/title>\n<meta name=\"description\" content=\"Por un malentendido, Reformas 24h acepta renovar la casa de caramelo de Hansel y Gretel \u00a1en un solo d\u00eda! El equipo formado por Manuela, la capataza\" \/>\n<meta name=\"robots\" content=\"index, follow, max-snippet:-1, max-image-preview:large, max-video-preview:-1\" \/>\n<link rel=\"canonical\" href=\"https:\/\/www.editorialjuventud.es\/una-oferta-muy-golosa-9788426149749\/\" \/>\n<meta property=\"og:locale\" content=\"ca_ES\" \/>\n<meta property=\"og:type\" content=\"article\" \/>\n<meta property=\"og:title\" content=\"Una oferta muy golosa - Editorial Juventud\" \/>\n<meta property=\"og:description\" content=\"Por un malentendido, Reformas 24h acepta renovar la casa de caramelo de Hansel y Gretel \u00a1en un solo d\u00eda! El equipo formado por Manuela, la capataza\" \/>\n<meta property=\"og:url\" content=\"https:\/\/www.editorialjuventud.es\/una-oferta-muy-golosa-9788426149749\/\" \/>\n<meta property=\"og:site_name\" content=\"Editorial Juventud\" \/>\n<meta property=\"article:modified_time\" content=\"2026-03-11T14:05:53+00:00\" \/>\n<meta property=\"og:image\" content=\"https:\/\/www.editorialjuventud.es\/wp-content\/uploads\/9788426149749-1.jpg\" \/>\n\t<meta property=\"og:image:width\" content=\"1395\" \/>\n\t<meta property=\"og:image:height\" content=\"2000\" \/>\n\t<meta property=\"og:image:type\" content=\"image\/jpeg\" \/>\n<meta name=\"twitter:card\" content=\"summary_large_image\" \/>\n<meta name=\"twitter:label1\" content=\"Temps estimat de lectura\" \/>\n\t<meta name=\"twitter:data1\" content=\"1 minut\" \/>\n<script type=\"application\/ld+json\" class=\"yoast-schema-graph\">{\"@context\":\"https:\\\/\\\/schema.org\",\"@graph\":[{\"@type\":\"WebPage\",\"@id\":\"https:\\\/\\\/www.editorialjuventud.es\\\/una-oferta-muy-golosa-9788426149749\\\/\",\"url\":\"https:\\\/\\\/www.editorialjuventud.es\\\/una-oferta-muy-golosa-9788426149749\\\/\",\"name\":\"Una oferta muy golosa - Editorial Juventud\",\"isPartOf\":{\"@id\":\"https:\\\/\\\/www.editorialjuventud.es\\\/#website\"},\"primaryImageOfPage\":{\"@id\":\"https:\\\/\\\/www.editorialjuventud.es\\\/una-oferta-muy-golosa-9788426149749\\\/#primaryimage\"},\"image\":{\"@id\":\"https:\\\/\\\/www.editorialjuventud.es\\\/una-oferta-muy-golosa-9788426149749\\\/#primaryimage\"},\"thumbnailUrl\":\"https:\\\/\\\/www.editorialjuventud.es\\\/wp-content\\\/uploads\\\/9788426149749-1.jpg\",\"datePublished\":\"2026-02-10T14:25:05+00:00\",\"dateModified\":\"2026-03-11T14:05:53+00:00\",\"description\":\"Por un malentendido, Reformas 24h acepta renovar la casa de caramelo de Hansel y Gretel \u00a1en un solo d\u00eda! El equipo formado por Manuela, la capataza\",\"breadcrumb\":{\"@id\":\"https:\\\/\\\/www.editorialjuventud.es\\\/una-oferta-muy-golosa-9788426149749\\\/#breadcrumb\"},\"inLanguage\":\"ca\",\"potentialAction\":[{\"@type\":\"ReadAction\",\"target\":[\"https:\\\/\\\/www.editorialjuventud.es\\\/una-oferta-muy-golosa-9788426149749\\\/\"]}]},{\"@type\":\"ImageObject\",\"inLanguage\":\"ca\",\"@id\":\"https:\\\/\\\/www.editorialjuventud.es\\\/una-oferta-muy-golosa-9788426149749\\\/#primaryimage\",\"url\":\"https:\\\/\\\/www.editorialjuventud.es\\\/wp-content\\\/uploads\\\/9788426149749-1.jpg\",\"contentUrl\":\"https:\\\/\\\/www.editorialjuventud.es\\\/wp-content\\\/uploads\\\/9788426149749-1.jpg\",\"width\":1395,\"height\":2000,\"caption\":\"9788426149749.jpg\"},{\"@type\":\"BreadcrumbList\",\"@id\":\"https:\\\/\\\/www.editorialjuventud.es\\\/una-oferta-muy-golosa-9788426149749\\\/#breadcrumb\",\"itemListElement\":[{\"@type\":\"ListItem\",\"position\":1,\"name\":\"Portada\",\"item\":\"https:\\\/\\\/www.editorialjuventud.es\\\/\"},{\"@type\":\"ListItem\",\"position\":2,\"name\":\"cat\u00e1logo\",\"item\":\"https:\\\/\\\/www.editorialjuventud.es\\\/coleccion\\\/catalogo\\\/\"},{\"@type\":\"ListItem\",\"position\":3,\"name\":\"castellano\",\"item\":\"https:\\\/\\\/www.editorialjuventud.es\\\/coleccion\\\/castellano\\\/\"},{\"@type\":\"ListItem\",\"position\":4,\"name\":\"Juventud C\u00f3mic\",\"item\":\"https:\\\/\\\/www.editorialjuventud.es\\\/coleccion\\\/juventud-comic\\\/\"},{\"@type\":\"ListItem\",\"position\":5,\"name\":\"Una oferta muy golosa\"}]},{\"@type\":\"WebSite\",\"@id\":\"https:\\\/\\\/www.editorialjuventud.es\\\/#website\",\"url\":\"https:\\\/\\\/www.editorialjuventud.es\\\/\",\"name\":\"Editorial Juventud\",\"description\":\"\",\"potentialAction\":[{\"@type\":\"SearchAction\",\"target\":{\"@type\":\"EntryPoint\",\"urlTemplate\":\"https:\\\/\\\/www.editorialjuventud.es\\\/?s={search_term_string}\"},\"query-input\":{\"@type\":\"PropertyValueSpecification\",\"valueRequired\":true,\"valueName\":\"search_term_string\"}}],\"inLanguage\":\"ca\"}]}<\/script>\n<!-- \/ Yoast SEO plugin. -->","yoast_head_json":{"title":"Una oferta muy golosa - Editorial Juventud","description":"Por un malentendido, Reformas 24h acepta renovar la casa de caramelo de Hansel y Gretel \u00a1en un solo d\u00eda! El equipo formado por Manuela, la capataza","robots":{"index":"index","follow":"follow","max-snippet":"max-snippet:-1","max-image-preview":"max-image-preview:large","max-video-preview":"max-video-preview:-1"},"canonical":"https:\/\/www.editorialjuventud.es\/una-oferta-muy-golosa-9788426149749\/","og_locale":"ca_ES","og_type":"article","og_title":"Una oferta muy golosa - Editorial Juventud","og_description":"Por un malentendido, Reformas 24h acepta renovar la casa de caramelo de Hansel y Gretel \u00a1en un solo d\u00eda! El equipo formado por Manuela, la capataza","og_url":"https:\/\/www.editorialjuventud.es\/una-oferta-muy-golosa-9788426149749\/","og_site_name":"Editorial Juventud","article_modified_time":"2026-03-11T14:05:53+00:00","og_image":[{"width":1395,"height":2000,"url":"https:\/\/www.editorialjuventud.es\/wp-content\/uploads\/9788426149749-1.jpg","type":"image\/jpeg"}],"twitter_card":"summary_large_image","twitter_misc":{"Temps estimat de lectura":"1 minut"},"schema":{"@context":"https:\/\/schema.org","@graph":[{"@type":"WebPage","@id":"https:\/\/www.editorialjuventud.es\/una-oferta-muy-golosa-9788426149749\/","url":"https:\/\/www.editorialjuventud.es\/una-oferta-muy-golosa-9788426149749\/","name":"Una oferta muy golosa - Editorial Juventud","isPartOf":{"@id":"https:\/\/www.editorialjuventud.es\/#website"},"primaryImageOfPage":{"@id":"https:\/\/www.editorialjuventud.es\/una-oferta-muy-golosa-9788426149749\/#primaryimage"},"image":{"@id":"https:\/\/www.editorialjuventud.es\/una-oferta-muy-golosa-9788426149749\/#primaryimage"},"thumbnailUrl":"https:\/\/www.editorialjuventud.es\/wp-content\/uploads\/9788426149749-1.jpg","datePublished":"2026-02-10T14:25:05+00:00","dateModified":"2026-03-11T14:05:53+00:00","description":"Por un malentendido, Reformas 24h acepta renovar la casa de caramelo de Hansel y Gretel \u00a1en un solo d\u00eda! El equipo formado por Manuela, la capataza","breadcrumb":{"@id":"https:\/\/www.editorialjuventud.es\/una-oferta-muy-golosa-9788426149749\/#breadcrumb"},"inLanguage":"ca","potentialAction":[{"@type":"ReadAction","target":["https:\/\/www.editorialjuventud.es\/una-oferta-muy-golosa-9788426149749\/"]}]},{"@type":"ImageObject","inLanguage":"ca","@id":"https:\/\/www.editorialjuventud.es\/una-oferta-muy-golosa-9788426149749\/#primaryimage","url":"https:\/\/www.editorialjuventud.es\/wp-content\/uploads\/9788426149749-1.jpg","contentUrl":"https:\/\/www.editorialjuventud.es\/wp-content\/uploads\/9788426149749-1.jpg","width":1395,"height":2000,"caption":"9788426149749.jpg"},{"@type":"BreadcrumbList","@id":"https:\/\/www.editorialjuventud.es\/una-oferta-muy-golosa-9788426149749\/#breadcrumb","itemListElement":[{"@type":"ListItem","position":1,"name":"Portada","item":"https:\/\/www.editorialjuventud.es\/"},{"@type":"ListItem","position":2,"name":"cat\u00e1logo","item":"https:\/\/www.editorialjuventud.es\/coleccion\/catalogo\/"},{"@type":"ListItem","position":3,"name":"castellano","item":"https:\/\/www.editorialjuventud.es\/coleccion\/castellano\/"},{"@type":"ListItem","position":4,"name":"Juventud C\u00f3mic","item":"https:\/\/www.editorialjuventud.es\/coleccion\/juventud-comic\/"},{"@type":"ListItem","position":5,"name":"Una oferta muy golosa"}]},{"@type":"WebSite","@id":"https:\/\/www.editorialjuventud.es\/#website","url":"https:\/\/www.editorialjuventud.es\/","name":"Editorial Juventud","description":"","potentialAction":[{"@type":"SearchAction","target":{"@type":"EntryPoint","urlTemplate":"https:\/\/www.editorialjuventud.es\/?s={search_term_string}"},"query-input":{"@type":"PropertyValueSpecification","valueRequired":true,"valueName":"search_term_string"}}],"inLanguage":"ca"}]}},"_links":{"self":[{"href":"https:\/\/www.editorialjuventud.es\/ca\/wp-json\/wp\/v2\/product\/101617","targetHints":{"allow":["GET"]}}],"collection":[{"href":"https:\/\/www.editorialjuventud.es\/ca\/wp-json\/wp\/v2\/product"}],"about":[{"href":"https:\/\/www.editorialjuventud.es\/ca\/wp-json\/wp\/v2\/types\/product"}],"wp:featuredmedia":[{"embeddable":true,"href":"https:\/\/www.editorialjuventud.es\/ca\/wp-json\/wp\/v2\/media\/101644"}],"wp:attachment":[{"href":"https:\/\/www.editorialjuventud.es\/ca\/wp-json\/wp\/v2\/media?parent=101617"}],"wp:term":[{"taxonomy":"product_brand","embeddable":true,"href":"https:\/\/www.editorialjuventud.es\/ca\/wp-json\/wp\/v2\/product_brand?post=101617"},{"taxonomy":"product_cat","embeddable":true,"href":"https:\/\/www.editorialjuventud.es\/ca\/wp-json\/wp\/v2\/product_cat?post=101617"},{"taxonomy":"product_tag","embeddable":true,"href":"https:\/\/www.editorialjuventud.es\/ca\/wp-json\/wp\/v2\/product_tag?post=101617"},{"taxonomy":"coleccion","embeddable":true,"href":"https:\/\/www.editorialjuventud.es\/ca\/wp-json\/wp\/v2\/coleccion?post=101617"}],"curies":[{"name":"wp","href":"https:\/\/api.w.org\/{rel}","templated":true}]}}