{"id":100001,"date":"2026-01-29T12:09:57","date_gmt":"2026-01-29T11:09:57","guid":{"rendered":"https:\/\/www.editorialjuventud.es\/el-nen-balena-9788426149541\/"},"modified":"2026-02-24T13:06:47","modified_gmt":"2026-02-24T12:06:47","slug":"el-nen-balena-9788426149541","status":"publish","type":"product","link":"https:\/\/www.editorialjuventud.es\/ca\/el-nen-balena-9788426149541\/","title":{"rendered":"El nen balena"},"content":{"rendered":"<p>En Roger t\u00e9 una balena dins seu, i aix\u00f2 fa que sigui una mica diferent que els seus companys. A aquests els encanta parlar i riure sorollosament, per\u00f2 en Roger prefereix el silenci i la calma. Com una balena. Quan arriba el seu aniversari, en Roger busca refugi del m\u00f3n exterior dins seu, acompanyat de la seva gran amiga. Un regal inesperat, per\u00f2, el convida a sortir a la superf\u00edcie i comen\u00e7ar a presentar la seva balena a companys i amics. Des de llavors, el seu mar ha crescut.<br \/>\nEl nen balena \u00e9s una invitaci\u00f3 a con\u00e8ixer el m\u00f3n interior d&#8217;en Roger, i de molts altres nens i nenes com ell. Amb una sensibilitat aguda, tant el breu per\u00f2 potent text com les magn\u00edfiques i evocadores il\u00b7lustracions que l&#8217;acompanyen ens fan viatjar a trav\u00e9s de les onades, per acostar-nos a l&#8217;experi\u00e8ncia de la neurodiverg\u00e8ncia.<\/p>\n","protected":false},"excerpt":{"rendered":"En Roger t\u00e9 una balena dins seu, i aix\u00f2 fa que sigui una mica diferent que els seus companys. A aquests els encanta parlar i riure sorollosament, per\u00f2 en Roger prefereix el silenci i la calma. Com una balena. Quan [&hellip;]","protected":false},"featured_media":100002,"template":"","meta":{"_acf_changed":false,"_exactmetrics_skip_tracking":false,"_exactmetrics_sitenote_active":false,"_exactmetrics_sitenote_note":"","_exactmetrics_sitenote_category":0},"product_brand":[],"product_cat":[900,1121,1136,1220,1163,1285,1173,909,1193,910],"product_tag":[],"coleccion":[917,915,958],"class_list":{"0":"post-100001","1":"product","2":"type-product","3":"status-publish","4":"has-post-thumbnail","6":"product_cat-a-partir-de-5-anos","7":"product_cat-albumes-ilustrados","8":"product_cat-amistad","9":"product_cat-convivencia-relaciones-interculturales","10":"product_cat-discapacidad-diversidad-funcional","11":"product_cat-diversidad-integracion","12":"product_cat-escuela","13":"product_cat-este-mes","14":"product_cat-mar-oceano","15":"product_cat-ultimas-novedades","16":"coleccion-albums-illustrats","17":"coleccion-catala","18":"coleccion-per-parlar-en-familia","20":"first","21":"instock","22":"taxable","23":"shipping-taxable","24":"purchasable","25":"product-type-simple"},"acf":{"autor":"Lima, Lulu; Gregorini, Nat\u00e1lia","codart":"4954","ediciones":"1","encuadernacion":"Carton\u00e9","fecha_de_publicacion":"01\/02\/2026","novedad":"0","paginas":"76","subtitulo":"","texto_web_adicional":"","texto_web_novedad":"","orden":"999","portada":"0","texto_web_resaltado":"","autores-libros":[99996],"ilustradores-libros":[99997],"traductores-libros":[99995],"descripcion_corta":"","recomendamos":"","mas_vendido":"","indice":"","idioma-libro":"","fecha_de_reimpresion":"","color":false,"formato":"","mas_informacion_del_producto":false,"premios":false,"deshabilitar_compra":[],"texto_enlace_cubierta":"","enlace_cubierta":false,"texto_enlace_ficha_tecnica":"","enlace_ficha_tecnica":{"ID":101582,"id":101582,"title":"Fitxa_elnenbalena","filename":"Fitxa_elnenbalena.pdf","filesize":2250839,"url":"https:\/\/www.editorialjuventud.es\/wp-content\/uploads\/Fitxa_elnenbalena.pdf","link":"https:\/\/www.editorialjuventud.es\/ca\/?attachment_id=101582","alt":"","author":"1519","description":"","caption":"","name":"fitxa_elnenbalena","status":"inherit","uploaded_to":99998,"date":"2026-02-10 09:58:38","modified":"2026-02-10 09:58:38","menu_order":0,"mime_type":"application\/pdf","type":"application","subtype":"pdf","icon":"https:\/\/www.editorialjuventud.es\/wp-includes\/images\/media\/document.png"},"ficheros":false,"titulo-fr":"","texto-fr":""},"yoast_head":"<!-- This site is optimized with the Yoast SEO plugin v27.3 - https:\/\/yoast.com\/product\/yoast-seo-wordpress\/ -->\n<title>El nen balena - Editorial Juventud<\/title>\n<meta name=\"description\" content=\"En Roger t\u00e9 una balena dins seu, i aix\u00f2 fa que sigui una mica diferent que els seus companys. A aquests els encanta parlar i riure sorollosament, per\u00f2 en\" \/>\n<meta name=\"robots\" content=\"index, follow, max-snippet:-1, max-image-preview:large, max-video-preview:-1\" \/>\n<link rel=\"canonical\" href=\"https:\/\/www.editorialjuventud.es\/el-nen-balena-9788426149541\/\" \/>\n<meta property=\"og:locale\" content=\"ca_ES\" \/>\n<meta property=\"og:type\" content=\"article\" \/>\n<meta property=\"og:title\" content=\"El nen balena - Editorial Juventud\" \/>\n<meta property=\"og:description\" content=\"En Roger t\u00e9 una balena dins seu, i aix\u00f2 fa que sigui una mica diferent que els seus companys. A aquests els encanta parlar i riure sorollosament, per\u00f2 en\" \/>\n<meta property=\"og:url\" content=\"https:\/\/www.editorialjuventud.es\/el-nen-balena-9788426149541\/\" \/>\n<meta property=\"og:site_name\" content=\"Editorial Juventud\" \/>\n<meta property=\"article:modified_time\" content=\"2026-02-24T12:06:47+00:00\" \/>\n<meta property=\"og:image\" content=\"https:\/\/www.editorialjuventud.es\/wp-content\/uploads\/9788426149541.jpg\" \/>\n\t<meta property=\"og:image:width\" content=\"2000\" \/>\n\t<meta property=\"og:image:height\" content=\"1544\" \/>\n\t<meta property=\"og:image:type\" content=\"image\/jpeg\" \/>\n<meta name=\"twitter:card\" content=\"summary_large_image\" \/>\n<meta name=\"twitter:label1\" content=\"Temps estimat de lectura\" \/>\n\t<meta name=\"twitter:data1\" content=\"1 minut\" \/>\n<script type=\"application\/ld+json\" class=\"yoast-schema-graph\">{\"@context\":\"https:\\\/\\\/schema.org\",\"@graph\":[{\"@type\":\"WebPage\",\"@id\":\"https:\\\/\\\/www.editorialjuventud.es\\\/el-nen-balena-9788426149541\\\/\",\"url\":\"https:\\\/\\\/www.editorialjuventud.es\\\/el-nen-balena-9788426149541\\\/\",\"name\":\"El nen balena - Editorial Juventud\",\"isPartOf\":{\"@id\":\"https:\\\/\\\/www.editorialjuventud.es\\\/#website\"},\"primaryImageOfPage\":{\"@id\":\"https:\\\/\\\/www.editorialjuventud.es\\\/el-nen-balena-9788426149541\\\/#primaryimage\"},\"image\":{\"@id\":\"https:\\\/\\\/www.editorialjuventud.es\\\/el-nen-balena-9788426149541\\\/#primaryimage\"},\"thumbnailUrl\":\"https:\\\/\\\/www.editorialjuventud.es\\\/wp-content\\\/uploads\\\/9788426149541.jpg\",\"datePublished\":\"2026-01-29T11:09:57+00:00\",\"dateModified\":\"2026-02-24T12:06:47+00:00\",\"description\":\"En Roger t\u00e9 una balena dins seu, i aix\u00f2 fa que sigui una mica diferent que els seus companys. A aquests els encanta parlar i riure sorollosament, per\u00f2 en\",\"breadcrumb\":{\"@id\":\"https:\\\/\\\/www.editorialjuventud.es\\\/el-nen-balena-9788426149541\\\/#breadcrumb\"},\"inLanguage\":\"ca\",\"potentialAction\":[{\"@type\":\"ReadAction\",\"target\":[\"https:\\\/\\\/www.editorialjuventud.es\\\/el-nen-balena-9788426149541\\\/\"]}]},{\"@type\":\"ImageObject\",\"inLanguage\":\"ca\",\"@id\":\"https:\\\/\\\/www.editorialjuventud.es\\\/el-nen-balena-9788426149541\\\/#primaryimage\",\"url\":\"https:\\\/\\\/www.editorialjuventud.es\\\/wp-content\\\/uploads\\\/9788426149541.jpg\",\"contentUrl\":\"https:\\\/\\\/www.editorialjuventud.es\\\/wp-content\\\/uploads\\\/9788426149541.jpg\",\"width\":2000,\"height\":1544,\"caption\":\"9788426149541.jpg\"},{\"@type\":\"BreadcrumbList\",\"@id\":\"https:\\\/\\\/www.editorialjuventud.es\\\/el-nen-balena-9788426149541\\\/#breadcrumb\",\"itemListElement\":[{\"@type\":\"ListItem\",\"position\":1,\"name\":\"Portada\",\"item\":\"https:\\\/\\\/www.editorialjuventud.es\\\/\"},{\"@type\":\"ListItem\",\"position\":2,\"name\":\"cat\u00e1logo\",\"item\":\"https:\\\/\\\/www.editorialjuventud.es\\\/coleccion\\\/catalogo\\\/\"},{\"@type\":\"ListItem\",\"position\":3,\"name\":\"catal\u00e0\",\"item\":\"https:\\\/\\\/www.editorialjuventud.es\\\/coleccion\\\/catala\\\/\"},{\"@type\":\"ListItem\",\"position\":4,\"name\":\"\u00c0lbums Il\u00b7lustrats\",\"item\":\"https:\\\/\\\/www.editorialjuventud.es\\\/coleccion\\\/albums-il%c2%b7lustrats\\\/\"},{\"@type\":\"ListItem\",\"position\":5,\"name\":\"Per Parlar en Fam\u00edlia\",\"item\":\"https:\\\/\\\/www.editorialjuventud.es\\\/ca\\\/coleccion\\\/per-parlar-en-familia\\\/\"},{\"@type\":\"ListItem\",\"position\":6,\"name\":\"El nen balena\"}]},{\"@type\":\"WebSite\",\"@id\":\"https:\\\/\\\/www.editorialjuventud.es\\\/#website\",\"url\":\"https:\\\/\\\/www.editorialjuventud.es\\\/\",\"name\":\"Editorial Juventud\",\"description\":\"\",\"potentialAction\":[{\"@type\":\"SearchAction\",\"target\":{\"@type\":\"EntryPoint\",\"urlTemplate\":\"https:\\\/\\\/www.editorialjuventud.es\\\/?s={search_term_string}\"},\"query-input\":{\"@type\":\"PropertyValueSpecification\",\"valueRequired\":true,\"valueName\":\"search_term_string\"}}],\"inLanguage\":\"ca\"}]}<\/script>\n<!-- \/ Yoast SEO plugin. -->","yoast_head_json":{"title":"El nen balena - Editorial Juventud","description":"En Roger t\u00e9 una balena dins seu, i aix\u00f2 fa que sigui una mica diferent que els seus companys. A aquests els encanta parlar i riure sorollosament, per\u00f2 en","robots":{"index":"index","follow":"follow","max-snippet":"max-snippet:-1","max-image-preview":"max-image-preview:large","max-video-preview":"max-video-preview:-1"},"canonical":"https:\/\/www.editorialjuventud.es\/el-nen-balena-9788426149541\/","og_locale":"ca_ES","og_type":"article","og_title":"El nen balena - Editorial Juventud","og_description":"En Roger t\u00e9 una balena dins seu, i aix\u00f2 fa que sigui una mica diferent que els seus companys. A aquests els encanta parlar i riure sorollosament, per\u00f2 en","og_url":"https:\/\/www.editorialjuventud.es\/el-nen-balena-9788426149541\/","og_site_name":"Editorial Juventud","article_modified_time":"2026-02-24T12:06:47+00:00","og_image":[{"url":"https:\/\/www.editorialjuventud.es\/wp-content\/uploads\/9788426149541.jpg","width":2000,"height":1544,"type":"image\/jpeg"}],"twitter_card":"summary_large_image","twitter_misc":{"Temps estimat de lectura":"1 minut"},"schema":{"@context":"https:\/\/schema.org","@graph":[{"@type":"WebPage","@id":"https:\/\/www.editorialjuventud.es\/el-nen-balena-9788426149541\/","url":"https:\/\/www.editorialjuventud.es\/el-nen-balena-9788426149541\/","name":"El nen balena - Editorial Juventud","isPartOf":{"@id":"https:\/\/www.editorialjuventud.es\/#website"},"primaryImageOfPage":{"@id":"https:\/\/www.editorialjuventud.es\/el-nen-balena-9788426149541\/#primaryimage"},"image":{"@id":"https:\/\/www.editorialjuventud.es\/el-nen-balena-9788426149541\/#primaryimage"},"thumbnailUrl":"https:\/\/www.editorialjuventud.es\/wp-content\/uploads\/9788426149541.jpg","datePublished":"2026-01-29T11:09:57+00:00","dateModified":"2026-02-24T12:06:47+00:00","description":"En Roger t\u00e9 una balena dins seu, i aix\u00f2 fa que sigui una mica diferent que els seus companys. A aquests els encanta parlar i riure sorollosament, per\u00f2 en","breadcrumb":{"@id":"https:\/\/www.editorialjuventud.es\/el-nen-balena-9788426149541\/#breadcrumb"},"inLanguage":"ca","potentialAction":[{"@type":"ReadAction","target":["https:\/\/www.editorialjuventud.es\/el-nen-balena-9788426149541\/"]}]},{"@type":"ImageObject","inLanguage":"ca","@id":"https:\/\/www.editorialjuventud.es\/el-nen-balena-9788426149541\/#primaryimage","url":"https:\/\/www.editorialjuventud.es\/wp-content\/uploads\/9788426149541.jpg","contentUrl":"https:\/\/www.editorialjuventud.es\/wp-content\/uploads\/9788426149541.jpg","width":2000,"height":1544,"caption":"9788426149541.jpg"},{"@type":"BreadcrumbList","@id":"https:\/\/www.editorialjuventud.es\/el-nen-balena-9788426149541\/#breadcrumb","itemListElement":[{"@type":"ListItem","position":1,"name":"Portada","item":"https:\/\/www.editorialjuventud.es\/"},{"@type":"ListItem","position":2,"name":"cat\u00e1logo","item":"https:\/\/www.editorialjuventud.es\/coleccion\/catalogo\/"},{"@type":"ListItem","position":3,"name":"catal\u00e0","item":"https:\/\/www.editorialjuventud.es\/coleccion\/catala\/"},{"@type":"ListItem","position":4,"name":"\u00c0lbums Il\u00b7lustrats","item":"https:\/\/www.editorialjuventud.es\/coleccion\/albums-il%c2%b7lustrats\/"},{"@type":"ListItem","position":5,"name":"Per Parlar en Fam\u00edlia","item":"https:\/\/www.editorialjuventud.es\/ca\/coleccion\/per-parlar-en-familia\/"},{"@type":"ListItem","position":6,"name":"El nen balena"}]},{"@type":"WebSite","@id":"https:\/\/www.editorialjuventud.es\/#website","url":"https:\/\/www.editorialjuventud.es\/","name":"Editorial Juventud","description":"","potentialAction":[{"@type":"SearchAction","target":{"@type":"EntryPoint","urlTemplate":"https:\/\/www.editorialjuventud.es\/?s={search_term_string}"},"query-input":{"@type":"PropertyValueSpecification","valueRequired":true,"valueName":"search_term_string"}}],"inLanguage":"ca"}]}},"_links":{"self":[{"href":"https:\/\/www.editorialjuventud.es\/ca\/wp-json\/wp\/v2\/product\/100001","targetHints":{"allow":["GET"]}}],"collection":[{"href":"https:\/\/www.editorialjuventud.es\/ca\/wp-json\/wp\/v2\/product"}],"about":[{"href":"https:\/\/www.editorialjuventud.es\/ca\/wp-json\/wp\/v2\/types\/product"}],"wp:featuredmedia":[{"embeddable":true,"href":"https:\/\/www.editorialjuventud.es\/ca\/wp-json\/wp\/v2\/media\/100002"}],"wp:attachment":[{"href":"https:\/\/www.editorialjuventud.es\/ca\/wp-json\/wp\/v2\/media?parent=100001"}],"wp:term":[{"taxonomy":"product_brand","embeddable":true,"href":"https:\/\/www.editorialjuventud.es\/ca\/wp-json\/wp\/v2\/product_brand?post=100001"},{"taxonomy":"product_cat","embeddable":true,"href":"https:\/\/www.editorialjuventud.es\/ca\/wp-json\/wp\/v2\/product_cat?post=100001"},{"taxonomy":"product_tag","embeddable":true,"href":"https:\/\/www.editorialjuventud.es\/ca\/wp-json\/wp\/v2\/product_tag?post=100001"},{"taxonomy":"coleccion","embeddable":true,"href":"https:\/\/www.editorialjuventud.es\/ca\/wp-json\/wp\/v2\/coleccion?post=100001"}],"curies":[{"name":"wp","href":"https:\/\/api.w.org\/{rel}","templated":true}]}}