{"id":80149,"date":"2025-03-28T11:51:17","date_gmt":"2025-03-28T10:51:17","guid":{"rendered":"https:\/\/www.editorialjuventud.es\/catalogo\/"},"modified":"2025-09-23T11:15:53","modified_gmt":"2025-09-23T09:15:53","slug":"catalogo","status":"publish","type":"page","link":"https:\/\/www.editorialjuventud.es\/ca\/catalogo\/","title":{"rendered":"Cat\u00e0leg"},"content":{"rendered":"<p style=\"font-weight: 400;\"><strong>Cat\u00e0leg general\u00a0<\/strong><\/p>\n<p style=\"font-weight: 400;\">Podeu descarregar el nostre cat\u00e0leg en castell\u00e0 amb tots els nostres llibres, actualitzat el 2025.<\/p>\n<p style=\"font-weight: 400;\"><span style=\"color: #3366ff;\"><a style=\"color: #3366ff;\" href=\"https:\/\/drive.google.com\/file\/d\/1Owj7xG2G8UOdJE_bKKVjRiWnizGgLQfG\/view\">Cat\u00e0leg general 2026<\/a><\/span><\/p>\n<p style=\"font-weight: 400;\">Tamb\u00e9 podeu consultar la versi\u00f3 en catal\u00e0 que vam elaborar pel nostre centenari, el 2023.<\/p>\n<p style=\"font-weight: 400;\"><a style=\"color: #3366ff;\" href=\"https:\/\/drive.google.com\/file\/d\/1go_EpVckPF_XGSPvCqi4xjFZHsdVSW9J\/view?usp=sharing\" target=\"_blank\" rel=\"noopener\">Cat\u00e0leg centenari 2023<\/a><\/p>\n","protected":false},"excerpt":{"rendered":"Cat\u00e0leg general\u00a0 Podeu descarregar el nostre cat\u00e0leg en castell\u00e0 amb tots els nostres llibres, actualitzat el 2025. Cat\u00e0leg general 2026 Tamb\u00e9 podeu consultar la versi\u00f3 en catal\u00e0 que vam elaborar pel nostre centenari, el 2023. Cat\u00e0leg centenari 2023","protected":false},"author":967,"featured_media":0,"parent":0,"menu_order":0,"comment_status":"closed","ping_status":"closed","template":"page-template.php","meta":{"_acf_changed":false,"_exactmetrics_skip_tracking":false,"_exactmetrics_sitenote_active":false,"_exactmetrics_sitenote_note":"","_exactmetrics_sitenote_category":0,"footnotes":""},"class_list":["post-80149","page","type-page","status-publish","hentry"],"acf":[],"yoast_head":"<!-- This site is optimized with the Yoast SEO plugin v27.3 - https:\/\/yoast.com\/product\/yoast-seo-wordpress\/ -->\n<title>Cat\u00e0leg - Editorial Juventud<\/title>\n<meta name=\"description\" content=\"Cat\u00e0leg general\u00a0 Podeu descarregar el nostre cat\u00e0leg en castell\u00e0 amb tots els nostres llibres, actualitzat el 2025. Cat\u00e0leg general 2026 Tamb\u00e9 podeu\" \/>\n<meta name=\"robots\" content=\"index, follow, max-snippet:-1, max-image-preview:large, max-video-preview:-1\" \/>\n<link rel=\"canonical\" href=\"https:\/\/www.editorialjuventud.es\/ca\/catalogo\/\" \/>\n<meta property=\"og:locale\" content=\"ca_ES\" \/>\n<meta property=\"og:type\" content=\"article\" \/>\n<meta property=\"og:title\" content=\"Cat\u00e0leg - Editorial Juventud\" \/>\n<meta property=\"og:description\" content=\"Cat\u00e0leg general\u00a0 Podeu descarregar el nostre cat\u00e0leg en castell\u00e0 amb tots els nostres llibres, actualitzat el 2025. Cat\u00e0leg general 2026 Tamb\u00e9 podeu\" \/>\n<meta property=\"og:url\" content=\"https:\/\/www.editorialjuventud.es\/ca\/catalogo\/\" \/>\n<meta property=\"og:site_name\" content=\"Editorial Juventud\" \/>\n<meta property=\"article:modified_time\" content=\"2025-09-23T09:15:53+00:00\" \/>\n<meta name=\"twitter:card\" content=\"summary_large_image\" \/>\n<meta name=\"twitter:label1\" content=\"Temps estimat de lectura\" \/>\n\t<meta name=\"twitter:data1\" content=\"1 minut\" \/>\n<script type=\"application\/ld+json\" class=\"yoast-schema-graph\">{\"@context\":\"https:\\\/\\\/schema.org\",\"@graph\":[{\"@type\":\"WebPage\",\"@id\":\"https:\\\/\\\/www.editorialjuventud.es\\\/ca\\\/catalogo\\\/\",\"url\":\"https:\\\/\\\/www.editorialjuventud.es\\\/ca\\\/catalogo\\\/\",\"name\":\"Cat\u00e0leg - Editorial Juventud\",\"isPartOf\":{\"@id\":\"https:\\\/\\\/www.editorialjuventud.es\\\/#website\"},\"datePublished\":\"2025-03-28T10:51:17+00:00\",\"dateModified\":\"2025-09-23T09:15:53+00:00\",\"description\":\"Cat\u00e0leg general\u00a0 Podeu descarregar el nostre cat\u00e0leg en castell\u00e0 amb tots els nostres llibres, actualitzat el 2025. Cat\u00e0leg general 2026 Tamb\u00e9 podeu\",\"breadcrumb\":{\"@id\":\"https:\\\/\\\/www.editorialjuventud.es\\\/ca\\\/catalogo\\\/#breadcrumb\"},\"inLanguage\":\"ca\",\"potentialAction\":[{\"@type\":\"ReadAction\",\"target\":[\"https:\\\/\\\/www.editorialjuventud.es\\\/ca\\\/catalogo\\\/\"]}]},{\"@type\":\"BreadcrumbList\",\"@id\":\"https:\\\/\\\/www.editorialjuventud.es\\\/ca\\\/catalogo\\\/#breadcrumb\",\"itemListElement\":[{\"@type\":\"ListItem\",\"position\":1,\"name\":\"Portada\",\"item\":\"https:\\\/\\\/www.editorialjuventud.es\\\/\"},{\"@type\":\"ListItem\",\"position\":2,\"name\":\"Cat\u00e0leg\"}]},{\"@type\":\"WebSite\",\"@id\":\"https:\\\/\\\/www.editorialjuventud.es\\\/#website\",\"url\":\"https:\\\/\\\/www.editorialjuventud.es\\\/\",\"name\":\"Editorial Juventud\",\"description\":\"\",\"potentialAction\":[{\"@type\":\"SearchAction\",\"target\":{\"@type\":\"EntryPoint\",\"urlTemplate\":\"https:\\\/\\\/www.editorialjuventud.es\\\/?s={search_term_string}\"},\"query-input\":{\"@type\":\"PropertyValueSpecification\",\"valueRequired\":true,\"valueName\":\"search_term_string\"}}],\"inLanguage\":\"ca\"}]}<\/script>\n<!-- \/ Yoast SEO plugin. -->","yoast_head_json":{"title":"Cat\u00e0leg - Editorial Juventud","description":"Cat\u00e0leg general\u00a0 Podeu descarregar el nostre cat\u00e0leg en castell\u00e0 amb tots els nostres llibres, actualitzat el 2025. Cat\u00e0leg general 2026 Tamb\u00e9 podeu","robots":{"index":"index","follow":"follow","max-snippet":"max-snippet:-1","max-image-preview":"max-image-preview:large","max-video-preview":"max-video-preview:-1"},"canonical":"https:\/\/www.editorialjuventud.es\/ca\/catalogo\/","og_locale":"ca_ES","og_type":"article","og_title":"Cat\u00e0leg - Editorial Juventud","og_description":"Cat\u00e0leg general\u00a0 Podeu descarregar el nostre cat\u00e0leg en castell\u00e0 amb tots els nostres llibres, actualitzat el 2025. Cat\u00e0leg general 2026 Tamb\u00e9 podeu","og_url":"https:\/\/www.editorialjuventud.es\/ca\/catalogo\/","og_site_name":"Editorial Juventud","article_modified_time":"2025-09-23T09:15:53+00:00","twitter_card":"summary_large_image","twitter_misc":{"Temps estimat de lectura":"1 minut"},"schema":{"@context":"https:\/\/schema.org","@graph":[{"@type":"WebPage","@id":"https:\/\/www.editorialjuventud.es\/ca\/catalogo\/","url":"https:\/\/www.editorialjuventud.es\/ca\/catalogo\/","name":"Cat\u00e0leg - Editorial Juventud","isPartOf":{"@id":"https:\/\/www.editorialjuventud.es\/#website"},"datePublished":"2025-03-28T10:51:17+00:00","dateModified":"2025-09-23T09:15:53+00:00","description":"Cat\u00e0leg general\u00a0 Podeu descarregar el nostre cat\u00e0leg en castell\u00e0 amb tots els nostres llibres, actualitzat el 2025. Cat\u00e0leg general 2026 Tamb\u00e9 podeu","breadcrumb":{"@id":"https:\/\/www.editorialjuventud.es\/ca\/catalogo\/#breadcrumb"},"inLanguage":"ca","potentialAction":[{"@type":"ReadAction","target":["https:\/\/www.editorialjuventud.es\/ca\/catalogo\/"]}]},{"@type":"BreadcrumbList","@id":"https:\/\/www.editorialjuventud.es\/ca\/catalogo\/#breadcrumb","itemListElement":[{"@type":"ListItem","position":1,"name":"Portada","item":"https:\/\/www.editorialjuventud.es\/"},{"@type":"ListItem","position":2,"name":"Cat\u00e0leg"}]},{"@type":"WebSite","@id":"https:\/\/www.editorialjuventud.es\/#website","url":"https:\/\/www.editorialjuventud.es\/","name":"Editorial Juventud","description":"","potentialAction":[{"@type":"SearchAction","target":{"@type":"EntryPoint","urlTemplate":"https:\/\/www.editorialjuventud.es\/?s={search_term_string}"},"query-input":{"@type":"PropertyValueSpecification","valueRequired":true,"valueName":"search_term_string"}}],"inLanguage":"ca"}]}},"_links":{"self":[{"href":"https:\/\/www.editorialjuventud.es\/ca\/wp-json\/wp\/v2\/pages\/80149","targetHints":{"allow":["GET"]}}],"collection":[{"href":"https:\/\/www.editorialjuventud.es\/ca\/wp-json\/wp\/v2\/pages"}],"about":[{"href":"https:\/\/www.editorialjuventud.es\/ca\/wp-json\/wp\/v2\/types\/page"}],"author":[{"embeddable":true,"href":"https:\/\/www.editorialjuventud.es\/ca\/wp-json\/wp\/v2\/users\/967"}],"replies":[{"embeddable":true,"href":"https:\/\/www.editorialjuventud.es\/ca\/wp-json\/wp\/v2\/comments?post=80149"}],"version-history":[{"count":4,"href":"https:\/\/www.editorialjuventud.es\/ca\/wp-json\/wp\/v2\/pages\/80149\/revisions"}],"predecessor-version":[{"id":92174,"href":"https:\/\/www.editorialjuventud.es\/ca\/wp-json\/wp\/v2\/pages\/80149\/revisions\/92174"}],"wp:attachment":[{"href":"https:\/\/www.editorialjuventud.es\/ca\/wp-json\/wp\/v2\/media?parent=80149"}],"curies":[{"name":"wp","href":"https:\/\/api.w.org\/{rel}","templated":true}]}}