{"id":35001,"date":"2019-12-05T17:04:03","date_gmt":"2019-12-05T16:04:03","guid":{"rendered":"http:\/\/www.editorialjuventud.es\/?page_id=35001"},"modified":"2019-12-18T09:24:54","modified_gmt":"2019-12-18T08:24:54","slug":"informacio-basica-newsletter","status":"publish","type":"page","link":"https:\/\/www.editorialjuventud.es\/ca\/informacio-basica-newsletter\/","title":{"rendered":"Informaci\u00f3 b\u00e0sica formulari Newsletter"},"content":{"rendered":"<p><strong>Responsable<\/strong>: EDITORIAL JUVENTUD, SA<\/p>\n<p><strong>Finalitat<\/strong>: Enviar informacions sobre el cat\u00e0leg i els llibres d&#8217;EDITORIAL JUVENTUD, SA, aix\u00ed com esdeveniments, fires del sector i not\u00edcies rellevants sobre les activitats d&#8217;EDITORIAL JUVENTUD, SA.<\/p>\n<p><strong>Destinataris<\/strong>: EDITORIAL JUVENTUD, SA i els prestadors de serveis que realitzin activitats per a EDITORIAL JUVENTUD, SA, en cap cas s&#8217;usaran les dades per a finalitats diferents.<\/p>\n<p><strong>Termini conservaci\u00f3<\/strong>: fins que vost\u00e8 sol\u00b7liciti la supressi\u00f3 de les dades.<\/p>\n<p><strong>Drets<\/strong>: vost\u00e8 pot exercir els seus drets d&#8217;acc\u00e9s, rectificaci\u00f3, supressi\u00f3, limitaci\u00f3, oposici\u00f3 o portabilitat enviant un email a info@editoriajuventud.es<\/p>\n<p><strong>Informaci\u00f3<\/strong>: Pot accedir a m\u00e9s informaci\u00f3 respecte del tractament de les seves dades en la <a href=\"http:\/\/s\/politica-de-privacidad\/\" data-wplink-url-error=\"true\">Pol\u00edtica de Privacitat<\/a>.<\/p>\n","protected":false},"excerpt":{"rendered":"Responsable: EDITORIAL JUVENTUD, SA Finalitat: Enviar informacions sobre el cat\u00e0leg i els llibres d&#8217;EDITORIAL JUVENTUD, SA, aix\u00ed com esdeveniments, fires del sector i not\u00edcies rellevants sobre les activitats d&#8217;EDITORIAL JUVENTUD, SA. Destinataris: EDITORIAL JUVENTUD, SA i els prestadors de serveis [&hellip;]","protected":false},"author":2,"featured_media":0,"parent":0,"menu_order":0,"comment_status":"closed","ping_status":"closed","template":"page-template.php","meta":{"_acf_changed":false,"_exactmetrics_skip_tracking":false,"_exactmetrics_sitenote_active":false,"_exactmetrics_sitenote_note":"","_exactmetrics_sitenote_category":0,"footnotes":""},"class_list":["post-35001","page","type-page","status-publish","hentry"],"acf":[],"yoast_head":"<!-- This site is optimized with the Yoast SEO plugin v27.3 - https:\/\/yoast.com\/product\/yoast-seo-wordpress\/ -->\n<title>Informaci\u00f3 b\u00e0sica formulari Newsletter - Editorial Juventud<\/title>\n<meta name=\"description\" content=\"Responsable: EDITORIAL JUVENTUD, SA Finalitat: Enviar informacions sobre el cat\u00e0leg i els llibres d&#039;EDITORIAL JUVENTUD, SA, aix\u00ed com esdeveniments, fires\" \/>\n<meta name=\"robots\" content=\"index, follow, max-snippet:-1, max-image-preview:large, max-video-preview:-1\" \/>\n<link rel=\"canonical\" href=\"https:\/\/www.editorialjuventud.es\/ca\/informacio-basica-newsletter\/\" \/>\n<meta property=\"og:locale\" content=\"ca_ES\" \/>\n<meta property=\"og:type\" content=\"article\" \/>\n<meta property=\"og:title\" content=\"Informaci\u00f3 b\u00e0sica formulari Newsletter - Editorial Juventud\" \/>\n<meta property=\"og:description\" content=\"Responsable: EDITORIAL JUVENTUD, SA Finalitat: Enviar informacions sobre el cat\u00e0leg i els llibres d&#039;EDITORIAL JUVENTUD, SA, aix\u00ed com esdeveniments, fires\" \/>\n<meta property=\"og:url\" content=\"https:\/\/www.editorialjuventud.es\/ca\/informacio-basica-newsletter\/\" \/>\n<meta property=\"og:site_name\" content=\"Editorial Juventud\" \/>\n<meta property=\"article:modified_time\" content=\"2019-12-18T08:24:54+00:00\" \/>\n<meta name=\"twitter:card\" content=\"summary_large_image\" \/>\n<meta name=\"twitter:label1\" content=\"Temps estimat de lectura\" \/>\n\t<meta name=\"twitter:data1\" content=\"1 minut\" \/>\n<script type=\"application\/ld+json\" class=\"yoast-schema-graph\">{\"@context\":\"https:\\\/\\\/schema.org\",\"@graph\":[{\"@type\":\"WebPage\",\"@id\":\"https:\\\/\\\/www.editorialjuventud.es\\\/ca\\\/informacio-basica-newsletter\\\/\",\"url\":\"https:\\\/\\\/www.editorialjuventud.es\\\/ca\\\/informacio-basica-newsletter\\\/\",\"name\":\"Informaci\u00f3 b\u00e0sica formulari Newsletter - Editorial Juventud\",\"isPartOf\":{\"@id\":\"https:\\\/\\\/www.editorialjuventud.es\\\/#website\"},\"datePublished\":\"2019-12-05T16:04:03+00:00\",\"dateModified\":\"2019-12-18T08:24:54+00:00\",\"description\":\"Responsable: EDITORIAL JUVENTUD, SA Finalitat: Enviar informacions sobre el cat\u00e0leg i els llibres d'EDITORIAL JUVENTUD, SA, aix\u00ed com esdeveniments, fires\",\"breadcrumb\":{\"@id\":\"https:\\\/\\\/www.editorialjuventud.es\\\/ca\\\/informacio-basica-newsletter\\\/#breadcrumb\"},\"inLanguage\":\"ca\",\"potentialAction\":[{\"@type\":\"ReadAction\",\"target\":[\"https:\\\/\\\/www.editorialjuventud.es\\\/ca\\\/informacio-basica-newsletter\\\/\"]}]},{\"@type\":\"BreadcrumbList\",\"@id\":\"https:\\\/\\\/www.editorialjuventud.es\\\/ca\\\/informacio-basica-newsletter\\\/#breadcrumb\",\"itemListElement\":[{\"@type\":\"ListItem\",\"position\":1,\"name\":\"Portada\",\"item\":\"https:\\\/\\\/www.editorialjuventud.es\\\/\"},{\"@type\":\"ListItem\",\"position\":2,\"name\":\"Informaci\u00f3 b\u00e0sica formulari Newsletter\"}]},{\"@type\":\"WebSite\",\"@id\":\"https:\\\/\\\/www.editorialjuventud.es\\\/#website\",\"url\":\"https:\\\/\\\/www.editorialjuventud.es\\\/\",\"name\":\"Editorial Juventud\",\"description\":\"\",\"potentialAction\":[{\"@type\":\"SearchAction\",\"target\":{\"@type\":\"EntryPoint\",\"urlTemplate\":\"https:\\\/\\\/www.editorialjuventud.es\\\/?s={search_term_string}\"},\"query-input\":{\"@type\":\"PropertyValueSpecification\",\"valueRequired\":true,\"valueName\":\"search_term_string\"}}],\"inLanguage\":\"ca\"}]}<\/script>\n<!-- \/ Yoast SEO plugin. -->","yoast_head_json":{"title":"Informaci\u00f3 b\u00e0sica formulari Newsletter - Editorial Juventud","description":"Responsable: EDITORIAL JUVENTUD, SA Finalitat: Enviar informacions sobre el cat\u00e0leg i els llibres d'EDITORIAL JUVENTUD, SA, aix\u00ed com esdeveniments, fires","robots":{"index":"index","follow":"follow","max-snippet":"max-snippet:-1","max-image-preview":"max-image-preview:large","max-video-preview":"max-video-preview:-1"},"canonical":"https:\/\/www.editorialjuventud.es\/ca\/informacio-basica-newsletter\/","og_locale":"ca_ES","og_type":"article","og_title":"Informaci\u00f3 b\u00e0sica formulari Newsletter - Editorial Juventud","og_description":"Responsable: EDITORIAL JUVENTUD, SA Finalitat: Enviar informacions sobre el cat\u00e0leg i els llibres d'EDITORIAL JUVENTUD, SA, aix\u00ed com esdeveniments, fires","og_url":"https:\/\/www.editorialjuventud.es\/ca\/informacio-basica-newsletter\/","og_site_name":"Editorial Juventud","article_modified_time":"2019-12-18T08:24:54+00:00","twitter_card":"summary_large_image","twitter_misc":{"Temps estimat de lectura":"1 minut"},"schema":{"@context":"https:\/\/schema.org","@graph":[{"@type":"WebPage","@id":"https:\/\/www.editorialjuventud.es\/ca\/informacio-basica-newsletter\/","url":"https:\/\/www.editorialjuventud.es\/ca\/informacio-basica-newsletter\/","name":"Informaci\u00f3 b\u00e0sica formulari Newsletter - Editorial Juventud","isPartOf":{"@id":"https:\/\/www.editorialjuventud.es\/#website"},"datePublished":"2019-12-05T16:04:03+00:00","dateModified":"2019-12-18T08:24:54+00:00","description":"Responsable: EDITORIAL JUVENTUD, SA Finalitat: Enviar informacions sobre el cat\u00e0leg i els llibres d'EDITORIAL JUVENTUD, SA, aix\u00ed com esdeveniments, fires","breadcrumb":{"@id":"https:\/\/www.editorialjuventud.es\/ca\/informacio-basica-newsletter\/#breadcrumb"},"inLanguage":"ca","potentialAction":[{"@type":"ReadAction","target":["https:\/\/www.editorialjuventud.es\/ca\/informacio-basica-newsletter\/"]}]},{"@type":"BreadcrumbList","@id":"https:\/\/www.editorialjuventud.es\/ca\/informacio-basica-newsletter\/#breadcrumb","itemListElement":[{"@type":"ListItem","position":1,"name":"Portada","item":"https:\/\/www.editorialjuventud.es\/"},{"@type":"ListItem","position":2,"name":"Informaci\u00f3 b\u00e0sica formulari Newsletter"}]},{"@type":"WebSite","@id":"https:\/\/www.editorialjuventud.es\/#website","url":"https:\/\/www.editorialjuventud.es\/","name":"Editorial Juventud","description":"","potentialAction":[{"@type":"SearchAction","target":{"@type":"EntryPoint","urlTemplate":"https:\/\/www.editorialjuventud.es\/?s={search_term_string}"},"query-input":{"@type":"PropertyValueSpecification","valueRequired":true,"valueName":"search_term_string"}}],"inLanguage":"ca"}]}},"_links":{"self":[{"href":"https:\/\/www.editorialjuventud.es\/ca\/wp-json\/wp\/v2\/pages\/35001","targetHints":{"allow":["GET"]}}],"collection":[{"href":"https:\/\/www.editorialjuventud.es\/ca\/wp-json\/wp\/v2\/pages"}],"about":[{"href":"https:\/\/www.editorialjuventud.es\/ca\/wp-json\/wp\/v2\/types\/page"}],"author":[{"embeddable":true,"href":"https:\/\/www.editorialjuventud.es\/ca\/wp-json\/wp\/v2\/users\/2"}],"replies":[{"embeddable":true,"href":"https:\/\/www.editorialjuventud.es\/ca\/wp-json\/wp\/v2\/comments?post=35001"}],"version-history":[{"count":1,"href":"https:\/\/www.editorialjuventud.es\/ca\/wp-json\/wp\/v2\/pages\/35001\/revisions"}],"predecessor-version":[{"id":35545,"href":"https:\/\/www.editorialjuventud.es\/ca\/wp-json\/wp\/v2\/pages\/35001\/revisions\/35545"}],"wp:attachment":[{"href":"https:\/\/www.editorialjuventud.es\/ca\/wp-json\/wp\/v2\/media?parent=35001"}],"curies":[{"name":"wp","href":"https:\/\/api.w.org\/{rel}","templated":true}]}}