{"id":34990,"date":"2019-12-05T15:51:45","date_gmt":"2019-12-05T14:51:45","guid":{"rendered":"http:\/\/www.editorialjuventud.es\/?page_id=34990"},"modified":"2019-12-19T12:07:47","modified_gmt":"2019-12-19T11:07:47","slug":"condicions-us-2","status":"publish","type":"page","link":"https:\/\/www.editorialjuventud.es\/ca\/condicions-us-2\/","title":{"rendered":"Condiciones generales de uso"},"content":{"rendered":"<p>Los derechos de uso y explotaci\u00f3n del presente portal web www.editorialjuventud.es corresponden a la sociedad <strong>EDITORIAL JUVENTUD, SA<\/strong> con domicilio en c\/ Proven\u00e7a, 101, 08029 Barcelona y con n\u00famero de CIF A08009243 (en adelante \u201cEDITORIAL JUVENTUD\u201d). La compa\u00f1\u00eda est\u00e1 inscrita en el Registro Mercantil de Barcelona el 11 de enero de 1924, en el Tomo 29.285, Folio 215, Hoja B-73785.<\/p>\n<p>Vd. puede contactarnos en <strong><a href=\"mailto:info@editorialjuventud.es\">info@editorialjuventud.es<\/a><\/strong><\/p>\n\n\n<div style=\"height:50px\" aria-hidden=\"true\" class=\"wp-block-spacer\"><\/div>\n\n\n\n<h4 class=\"wp-block-heading\"><strong>1. Objeto y alcance<\/strong><\/h4>\n\n\n\n<p>El portal web <a href=\"http:\/\/www.editorialjuventud.es\"><strong>www.editorialjuventud.es<\/strong><\/a> tiene car\u00e1cter informativo. Los objetivos y alcances principales del portal web son los siguientes:<\/p>\n\n\n\n<div style=\"height:20px\" aria-hidden=\"true\" class=\"wp-block-spacer\"><\/div>\n\n\n\n<p>a) facilitar informaci\u00f3n relativa a EDITORIAL JUVENTUD a los usuarios, en cuanto a sus&nbsp; actividades, acciones, noticias, presencia en prensa, etc.<\/p>\n\n\n\n<p>b) formalizar y ejecutar la compraventa de libros as\u00ed como su correspondiente env\u00edo.<\/p>\n\n\n\n<p>c) formalizar suscripci\u00f3n a la Newsletter.<\/p>\n\n\n\n<div style=\"height:20px\" aria-hidden=\"true\" class=\"wp-block-spacer\"><\/div>\n\n\n\n<p>El portal web <a href=\"http:\/\/www.webdelalbum.org\">www.editorialjuventud.es<\/a> ser\u00e1 denominado en adelante \u201cla Web\u201d.<\/p>\n\n\n\n<div style=\"height:50px\" aria-hidden=\"true\" class=\"wp-block-spacer\"><\/div>\n\n\n\n<h4 class=\"wp-block-heading\"><strong>2. Condiciones de uso<\/strong><\/h4>\n\n\n\n<p>Estas condiciones generales de uso (en adelante las \u201cCondiciones de Uso\u201d) regulan el acceso y utilizaci\u00f3n de la Web. El acceso a la Web implica la aceptaci\u00f3n sin reservas de las presentes Condiciones de Uso.<\/p>\n\n\n\n<p>El usuario es el \u00fanico responsable por el uso que pueda dar a la Web, por todo el contenido que reproduzca en, o a trav\u00e9s, de la Web y por cualquier consecuencia que se pueda derivar de este uso.<\/p>\n\n\n\n<p>El usuario se compromete a utilizar la presente Web, sus contenidos y servicios de acuerdo con la Ley, las presentes Condiciones de Uso, las buenas costumbres y el orden p\u00fablico. Del mismo modo se obliga a no utilizar la Web, sus contenidos o los servicios que se presten a trav\u00e9s de esta con fines il\u00edcitos o lesivos de los intereses o derechos de terceros, o que de cualquier forma puedan da\u00f1ar, inutilizar, hacer inaccesibles o deteriorar la Web, sus contenidos o sus servicios o impedir un normal disfrute de esta por otros usuarios.<\/p>\n\n\n\n<p>El usuario se compromete expresamente a no destruir, alterar, inutilizar o, de cualquier otra forma, da\u00f1ar los datos, programas o documentos electr\u00f3nicos que se encuentren en la Web, y a no obstaculizar el acceso de otros usuarios mediante el consumo masivo de los recursos inform\u00e1ticos a trav\u00e9s del cual EDITORIAL JUVENTUD presta el servicio, as\u00ed como a no realizar acciones que da\u00f1en, interrumpan o generen errores en dichos sistemas o servicios.<\/p>\n\n\n\n<p>Del mismo modo, se compromete a no introducir programas, virus, macros, applets, controles ActiveX o cualquier otro dispositivo l\u00f3gico o secuencia de caracteres que puedan causar cualquier tipo de alteraci\u00f3n en los sistemas inform\u00e1ticos de EDITORIAL JUVENTUD o de terceros.<\/p>\n\n\n\n<p>Los documentos y gr\u00e1ficos publicados en este servidor podr\u00edan incluir incorrecciones t\u00e9cnicas y errores tipogr\u00e1ficos. Los cambios son peri\u00f3dicamente a\u00f1adidos a la informaci\u00f3n disponible. EDITORIAL JUVENTUD y\/o su respectivo suministrador pueden realizar mejoras y\/o cambios en el programa en cualquier momento.<\/p>\n\n\n\n<p>EDITORIAL JUVENTUD se reserva el derecho a deshabilitar o bloquear el acceso a la Web al usuario en caso de que infrinja estas Condiciones de Uso, los derechos de terceros o la legislaci\u00f3n aplicable.<\/p>\n\n\n\n<p>EDITORIAL JUVENTUD no se hace responsable de los posibles errores de seguridad que se puedan producir, ni de los posibles da\u00f1os que puedan causarse al dispositivo del usuario (hardware y software) y los ficheros o documentos almacenados en el mismo, como consecuencia de la presencia de virus en el dispositivo del usuario utilizado para la conexi\u00f3n a los servicios y contenidos de la Web, de un mal funcionamiento de Internet, de aver\u00edas telef\u00f3nicas, interferencias, omisiones o desconexiones en el funcionamiento operativo de la Web motivados por causas ajenas a EDITORIAL JUVENTUD.<\/p>\n\n\n\n<div style=\"height:50px\" aria-hidden=\"true\" class=\"wp-block-spacer\"><\/div>\n\n\n\n<h4 class=\"wp-block-heading\"><strong>3. Licencia de Uso de la Web<\/strong><\/h4>\n\n\n\n<p>EDITORIAL JUVENTUD es el propietario y titular de todos los derechos sobre la Web y, en este sentido, otorga al usuario una licencia de uso gratuita, para utilizar el contenido y las funcionalidades disponibles en la Web conforme a los usos para los que ha sido dise\u00f1ada y, en particular, conforme a lo previsto en estas Condiciones de Uso o en la ley aplicable.<\/p>\n\n\n\n<p>La licencia de uso de la Web se limita al \u00e1mbito territorial europeo, por lo que, pese a que el usuario pueda acceder a la Web desde fuera de Europa, su uso est\u00e1 \u00fanicamente autorizado dentro de Europa.<\/p>\n\n\n\n<div style=\"height:50px\" aria-hidden=\"true\" class=\"wp-block-spacer\"><\/div>\n\n\n\n<h4 class=\"wp-block-heading\"><strong>4. Propiedad intelectual e industrial<\/strong><\/h4>\n\n\n\n<p>Todos los derechos de Propiedad Intelectual e Industrial sobre la informaci\u00f3n, datos, gr\u00e1ficos, dise\u00f1os, software, marcas y otros contenidos de la Web son propiedad de EDITORIAL JUVENTUD y\/o de sus licenciantes, por lo que queda prohibida su utilizaci\u00f3n, reproducci\u00f3n, transmisi\u00f3n, transformaci\u00f3n, distribuci\u00f3n, o explotaci\u00f3n de cualquier modo por parte del usuario, salvo como parte del servicio en el que se encuentra integrada la Web y con fines exclusivamente privados. El incumplimiento podr\u00e1 dar lugar al ejercicio de cuantas acciones judiciales o extrajudiciales les pudieran corresponder en el ejercicio de sus derechos.<\/p>\n\n\n\n<p>EDITORIAL JUVENTUD proh\u00edbe cualquier acci\u00f3n contraria a la legislaci\u00f3n vigente, de la documentaci\u00f3n\/contenidos que pueda ser descargado desde la Web, en concreto no se permite manipular ni realizar un uso distinto de los contenidos.<\/p>\n\n\n\n<div style=\"height:50px\" aria-hidden=\"true\" class=\"wp-block-spacer\"><\/div>\n\n\n\n<h4 class=\"wp-block-heading\"><strong>5. Pol\u00edtica de Privacidad<\/strong><\/h4>\n\n\n\n<p>Si desea m\u00e1s informaci\u00f3n sobre el tratamiento de sus datos dir\u00edjase a nuestra <strong><a href=\"\/politica-de-privacidad\/\">Pol\u00edtica de Privacidad<\/a><\/strong>.<\/p>\n\n\n\n<div style=\"height:50px\" aria-hidden=\"true\" class=\"wp-block-spacer\"><\/div>\n\n\n\n<h4 class=\"wp-block-heading\"><strong>6. Servicios de contrataci\u00f3n por Internet<\/strong><\/h4>\n\n\n\n<p>Ciertos contenidos de la Web contienen la posibilidad de contrataci\u00f3n por Internet.<\/p>\n\n\n\n<p>El uso de los mismos requerir\u00e1 la lectura y aceptaci\u00f3n obligatoria de nuestras <strong><a href=\"\/condiciones-generales-de-contratacion\/\">Condiciones Generales de Contrataci\u00f3n<\/a><\/strong>.<\/p>\n\n\n\n<div style=\"height:50px\" aria-hidden=\"true\" class=\"wp-block-spacer\"><\/div>\n\n\n\n<h4 class=\"wp-block-heading\"><strong>7. Interrupciones y modificaciones<\/strong><\/h4>\n\n\n\n<p>Los servicios de la Web pueden verse interrumpidos debido a trabajos de mantenimiento o fallos ajenos al control de EDITORIAL JUVENTUD, que ser\u00e1n solventados en un periodo de tiempo razonable.<\/p>\n\n\n\n<p>EDITORIAL JUVENTUD, se reserva el derecho de modificar en cualquier momento y sin previo aviso las caracter\u00edsticas, funciones o el alcance de los servicios de la Web, as\u00ed como cualquier informaci\u00f3n aqu\u00ed recogida.<\/p>\n\n\n\n<div style=\"height:50px\" aria-hidden=\"true\" class=\"wp-block-spacer\"><\/div>\n\n\n\n<h4 class=\"wp-block-heading\"><strong>8. Jurisdicci\u00f3n y Ley aplicable<\/strong><\/h4>\n\n\n\n<p>La Web se regir\u00e1 e interpretar\u00e1 de conformidad con la legislaci\u00f3n espa\u00f1ola. En el supuesto que surja alguna discrepancia o conflicto, ambas partes se subscriben a los Juzgados y Tribunales de Barcelona.<\/p>\n","protected":false},"excerpt":{"rendered":"Los derechos de uso y explotaci\u00f3n del presente portal web www.editorialjuventud.es corresponden a la sociedad EDITORIAL JUVENTUD, SA con domicilio en c\/ Proven\u00e7a, 101, 08029 Barcelona y con n\u00famero de CIF A08009243 (en adelante \u201cEDITORIAL JUVENTUD\u201d). La compa\u00f1\u00eda est\u00e1 inscrita [&hellip;]","protected":false},"author":2,"featured_media":0,"parent":0,"menu_order":0,"comment_status":"closed","ping_status":"closed","template":"page-template.php","meta":{"_acf_changed":false,"_exactmetrics_skip_tracking":false,"_exactmetrics_sitenote_active":false,"_exactmetrics_sitenote_note":"","_exactmetrics_sitenote_category":0,"footnotes":""},"class_list":["post-34990","page","type-page","status-publish","hentry"],"acf":[],"yoast_head":"<!-- This site is optimized with the Yoast SEO plugin v27.3 - https:\/\/yoast.com\/product\/yoast-seo-wordpress\/ -->\n<title>Condiciones generales de uso - Editorial Juventud<\/title>\n<meta name=\"description\" content=\"Los derechos de uso y explotaci\u00f3n del presente portal web www.editorialjuventud.es corresponden a la sociedad EDITORIAL JUVENTUD, SA con domicilio en c\/\" \/>\n<meta name=\"robots\" content=\"index, follow, max-snippet:-1, max-image-preview:large, max-video-preview:-1\" \/>\n<link rel=\"canonical\" href=\"https:\/\/www.editorialjuventud.es\/ca\/condicions-us-2\/\" \/>\n<meta property=\"og:locale\" content=\"ca_ES\" \/>\n<meta property=\"og:type\" content=\"article\" \/>\n<meta property=\"og:title\" content=\"Condiciones generales de uso - Editorial Juventud\" \/>\n<meta property=\"og:description\" content=\"Los derechos de uso y explotaci\u00f3n del presente portal web www.editorialjuventud.es corresponden a la sociedad EDITORIAL JUVENTUD, SA con domicilio en c\/\" \/>\n<meta property=\"og:url\" content=\"https:\/\/www.editorialjuventud.es\/ca\/condicions-us-2\/\" \/>\n<meta property=\"og:site_name\" content=\"Editorial Juventud\" \/>\n<meta property=\"article:modified_time\" content=\"2019-12-19T11:07:47+00:00\" \/>\n<meta name=\"twitter:card\" content=\"summary_large_image\" \/>\n<meta name=\"twitter:label1\" content=\"Temps estimat de lectura\" \/>\n\t<meta name=\"twitter:data1\" content=\"5 minuts\" \/>\n<script type=\"application\/ld+json\" class=\"yoast-schema-graph\">{\"@context\":\"https:\\\/\\\/schema.org\",\"@graph\":[{\"@type\":\"WebPage\",\"@id\":\"https:\\\/\\\/www.editorialjuventud.es\\\/ca\\\/condicions-us-2\\\/\",\"url\":\"https:\\\/\\\/www.editorialjuventud.es\\\/ca\\\/condicions-us-2\\\/\",\"name\":\"Condiciones generales de uso - Editorial Juventud\",\"isPartOf\":{\"@id\":\"https:\\\/\\\/www.editorialjuventud.es\\\/#website\"},\"datePublished\":\"2019-12-05T14:51:45+00:00\",\"dateModified\":\"2019-12-19T11:07:47+00:00\",\"description\":\"Los derechos de uso y explotaci\u00f3n del presente portal web www.editorialjuventud.es corresponden a la sociedad EDITORIAL JUVENTUD, SA con domicilio en c\\\/\",\"breadcrumb\":{\"@id\":\"https:\\\/\\\/www.editorialjuventud.es\\\/ca\\\/condicions-us-2\\\/#breadcrumb\"},\"inLanguage\":\"ca\",\"potentialAction\":[{\"@type\":\"ReadAction\",\"target\":[\"https:\\\/\\\/www.editorialjuventud.es\\\/ca\\\/condicions-us-2\\\/\"]}]},{\"@type\":\"BreadcrumbList\",\"@id\":\"https:\\\/\\\/www.editorialjuventud.es\\\/ca\\\/condicions-us-2\\\/#breadcrumb\",\"itemListElement\":[{\"@type\":\"ListItem\",\"position\":1,\"name\":\"Portada\",\"item\":\"https:\\\/\\\/www.editorialjuventud.es\\\/\"},{\"@type\":\"ListItem\",\"position\":2,\"name\":\"Condiciones generales de uso\"}]},{\"@type\":\"WebSite\",\"@id\":\"https:\\\/\\\/www.editorialjuventud.es\\\/#website\",\"url\":\"https:\\\/\\\/www.editorialjuventud.es\\\/\",\"name\":\"Editorial Juventud\",\"description\":\"\",\"potentialAction\":[{\"@type\":\"SearchAction\",\"target\":{\"@type\":\"EntryPoint\",\"urlTemplate\":\"https:\\\/\\\/www.editorialjuventud.es\\\/?s={search_term_string}\"},\"query-input\":{\"@type\":\"PropertyValueSpecification\",\"valueRequired\":true,\"valueName\":\"search_term_string\"}}],\"inLanguage\":\"ca\"}]}<\/script>\n<!-- \/ Yoast SEO plugin. -->","yoast_head_json":{"title":"Condiciones generales de uso - Editorial Juventud","description":"Los derechos de uso y explotaci\u00f3n del presente portal web www.editorialjuventud.es corresponden a la sociedad EDITORIAL JUVENTUD, SA con domicilio en c\/","robots":{"index":"index","follow":"follow","max-snippet":"max-snippet:-1","max-image-preview":"max-image-preview:large","max-video-preview":"max-video-preview:-1"},"canonical":"https:\/\/www.editorialjuventud.es\/ca\/condicions-us-2\/","og_locale":"ca_ES","og_type":"article","og_title":"Condiciones generales de uso - Editorial Juventud","og_description":"Los derechos de uso y explotaci\u00f3n del presente portal web www.editorialjuventud.es corresponden a la sociedad EDITORIAL JUVENTUD, SA con domicilio en c\/","og_url":"https:\/\/www.editorialjuventud.es\/ca\/condicions-us-2\/","og_site_name":"Editorial Juventud","article_modified_time":"2019-12-19T11:07:47+00:00","twitter_card":"summary_large_image","twitter_misc":{"Temps estimat de lectura":"5 minuts"},"schema":{"@context":"https:\/\/schema.org","@graph":[{"@type":"WebPage","@id":"https:\/\/www.editorialjuventud.es\/ca\/condicions-us-2\/","url":"https:\/\/www.editorialjuventud.es\/ca\/condicions-us-2\/","name":"Condiciones generales de uso - Editorial Juventud","isPartOf":{"@id":"https:\/\/www.editorialjuventud.es\/#website"},"datePublished":"2019-12-05T14:51:45+00:00","dateModified":"2019-12-19T11:07:47+00:00","description":"Los derechos de uso y explotaci\u00f3n del presente portal web www.editorialjuventud.es corresponden a la sociedad EDITORIAL JUVENTUD, SA con domicilio en c\/","breadcrumb":{"@id":"https:\/\/www.editorialjuventud.es\/ca\/condicions-us-2\/#breadcrumb"},"inLanguage":"ca","potentialAction":[{"@type":"ReadAction","target":["https:\/\/www.editorialjuventud.es\/ca\/condicions-us-2\/"]}]},{"@type":"BreadcrumbList","@id":"https:\/\/www.editorialjuventud.es\/ca\/condicions-us-2\/#breadcrumb","itemListElement":[{"@type":"ListItem","position":1,"name":"Portada","item":"https:\/\/www.editorialjuventud.es\/"},{"@type":"ListItem","position":2,"name":"Condiciones generales de uso"}]},{"@type":"WebSite","@id":"https:\/\/www.editorialjuventud.es\/#website","url":"https:\/\/www.editorialjuventud.es\/","name":"Editorial Juventud","description":"","potentialAction":[{"@type":"SearchAction","target":{"@type":"EntryPoint","urlTemplate":"https:\/\/www.editorialjuventud.es\/?s={search_term_string}"},"query-input":{"@type":"PropertyValueSpecification","valueRequired":true,"valueName":"search_term_string"}}],"inLanguage":"ca"}]}},"_links":{"self":[{"href":"https:\/\/www.editorialjuventud.es\/ca\/wp-json\/wp\/v2\/pages\/34990","targetHints":{"allow":["GET"]}}],"collection":[{"href":"https:\/\/www.editorialjuventud.es\/ca\/wp-json\/wp\/v2\/pages"}],"about":[{"href":"https:\/\/www.editorialjuventud.es\/ca\/wp-json\/wp\/v2\/types\/page"}],"author":[{"embeddable":true,"href":"https:\/\/www.editorialjuventud.es\/ca\/wp-json\/wp\/v2\/users\/2"}],"replies":[{"embeddable":true,"href":"https:\/\/www.editorialjuventud.es\/ca\/wp-json\/wp\/v2\/comments?post=34990"}],"version-history":[{"count":4,"href":"https:\/\/www.editorialjuventud.es\/ca\/wp-json\/wp\/v2\/pages\/34990\/revisions"}],"predecessor-version":[{"id":35612,"href":"https:\/\/www.editorialjuventud.es\/ca\/wp-json\/wp\/v2\/pages\/34990\/revisions\/35612"}],"wp:attachment":[{"href":"https:\/\/www.editorialjuventud.es\/ca\/wp-json\/wp\/v2\/media?parent=34990"}],"curies":[{"name":"wp","href":"https:\/\/api.w.org\/{rel}","templated":true}]}}