{"id":2940,"date":"2018-08-21T23:24:49","date_gmt":"2018-08-21T21:24:49","guid":{"rendered":"http:\/\/www.editorialjuventud.es\/gastos-de-envio\/"},"modified":"2019-12-20T12:22:50","modified_gmt":"2019-12-20T11:22:50","slug":"despeses","status":"publish","type":"page","link":"https:\/\/www.editorialjuventud.es\/ca\/despeses\/","title":{"rendered":"Gastos de env\u00edo y plazos de entrega"},"content":{"rendered":"\n<p>Actualmente solo realizamos env\u00edos a Espa\u00f1a y Portugal peninsular, Andorra, Gibraltar, Baleares y Canarias. Puedes consultar los precios desglosados y los plazos de entrega descargando el siguiente documento:<\/p>\n\n\n\n<div class=\"wp-block-spacer\" aria-hidden=\"true\"><\/div>\n\n\n\n<div class=\"wp-block-file aligncenter\"><a href=\"https:\/\/www.editorialjuventud.es\/wp-content\/uploads\/Gastos-de-env\u00edo.pdf\">Gastos de env\u00edo y plazos de entrega<\/a><a href=\"https:\/\/www.editorialjuventud.es\/wp-content\/uploads\/Gastos-de-env\u00edo.pdf\" class=\"wp-block-file__button\" download>Descarga<\/a><\/div>\n\n\n\n<div class=\"wp-block-spacer\" aria-hidden=\"true\"><\/div>\n\n\n\n<p>Para env\u00edos a otros destinos, por favor, consultar antes a <a href=\"mailto:info@editorialjuventud.es\"><strong>info@editorialjuventud.es<\/strong><\/a><\/p>\n\n\n\n<div class=\"wp-block-spacer\" aria-hidden=\"true\"><\/div>\n","protected":false},"excerpt":{"rendered":"Actualmente solo realizamos env\u00edos a Espa\u00f1a y Portugal peninsular, Andorra, Gibraltar, Baleares y Canarias. Puedes consultar los precios desglosados y los plazos de entrega descargando el siguiente documento: Para env\u00edos a otros destinos, por favor, consultar antes a info@editorialjuventud.es","protected":false},"author":1,"featured_media":0,"parent":0,"menu_order":0,"comment_status":"closed","ping_status":"closed","template":"page-template.php","meta":{"_acf_changed":false,"_exactmetrics_skip_tracking":false,"_exactmetrics_sitenote_active":false,"_exactmetrics_sitenote_note":"","_exactmetrics_sitenote_category":0,"footnotes":""},"class_list":["post-2940","page","type-page","status-publish","hentry"],"acf":[],"yoast_head":"<!-- This site is optimized with the Yoast SEO plugin v27.5 - https:\/\/yoast.com\/product\/yoast-seo-wordpress\/ -->\n<title>Gastos de env\u00edo y plazos de entrega - Editorial Juventud<\/title>\n<meta name=\"description\" content=\"Actualmente solo realizamos env\u00edos a Espa\u00f1a y Portugal peninsular, Andorra, Gibraltar, Baleares y Canarias. Puedes consultar los precios desglosados y los\" \/>\n<meta name=\"robots\" content=\"index, follow, max-snippet:-1, max-image-preview:large, max-video-preview:-1\" \/>\n<link rel=\"canonical\" href=\"https:\/\/www.editorialjuventud.es\/ca\/despeses\/\" \/>\n<meta property=\"og:locale\" content=\"ca_ES\" \/>\n<meta property=\"og:type\" content=\"article\" \/>\n<meta property=\"og:title\" content=\"Gastos de env\u00edo y plazos de entrega - Editorial Juventud\" \/>\n<meta property=\"og:description\" content=\"Actualmente solo realizamos env\u00edos a Espa\u00f1a y Portugal peninsular, Andorra, Gibraltar, Baleares y Canarias. Puedes consultar los precios desglosados y los\" \/>\n<meta property=\"og:url\" content=\"https:\/\/www.editorialjuventud.es\/ca\/despeses\/\" \/>\n<meta property=\"og:site_name\" content=\"Editorial Juventud\" \/>\n<meta property=\"article:modified_time\" content=\"2019-12-20T11:22:50+00:00\" \/>\n<meta name=\"twitter:card\" content=\"summary_large_image\" \/>\n<script type=\"application\/ld+json\" class=\"yoast-schema-graph\">{\"@context\":\"https:\\\/\\\/schema.org\",\"@graph\":[{\"@type\":\"WebPage\",\"@id\":\"https:\\\/\\\/www.editorialjuventud.es\\\/ca\\\/despeses\\\/\",\"url\":\"https:\\\/\\\/www.editorialjuventud.es\\\/ca\\\/despeses\\\/\",\"name\":\"Gastos de env\u00edo y plazos de entrega - Editorial Juventud\",\"isPartOf\":{\"@id\":\"https:\\\/\\\/www.editorialjuventud.es\\\/#website\"},\"datePublished\":\"2018-08-21T21:24:49+00:00\",\"dateModified\":\"2019-12-20T11:22:50+00:00\",\"description\":\"Actualmente solo realizamos env\u00edos a Espa\u00f1a y Portugal peninsular, Andorra, Gibraltar, Baleares y Canarias. Puedes consultar los precios desglosados y los\",\"breadcrumb\":{\"@id\":\"https:\\\/\\\/www.editorialjuventud.es\\\/ca\\\/despeses\\\/#breadcrumb\"},\"inLanguage\":\"ca\",\"potentialAction\":[{\"@type\":\"ReadAction\",\"target\":[\"https:\\\/\\\/www.editorialjuventud.es\\\/ca\\\/despeses\\\/\"]}]},{\"@type\":\"BreadcrumbList\",\"@id\":\"https:\\\/\\\/www.editorialjuventud.es\\\/ca\\\/despeses\\\/#breadcrumb\",\"itemListElement\":[{\"@type\":\"ListItem\",\"position\":1,\"name\":\"Portada\",\"item\":\"https:\\\/\\\/www.editorialjuventud.es\\\/\"},{\"@type\":\"ListItem\",\"position\":2,\"name\":\"Gastos de env\u00edo y plazos de entrega\"}]},{\"@type\":\"WebSite\",\"@id\":\"https:\\\/\\\/www.editorialjuventud.es\\\/#website\",\"url\":\"https:\\\/\\\/www.editorialjuventud.es\\\/\",\"name\":\"Editorial Juventud\",\"description\":\"\",\"potentialAction\":[{\"@type\":\"SearchAction\",\"target\":{\"@type\":\"EntryPoint\",\"urlTemplate\":\"https:\\\/\\\/www.editorialjuventud.es\\\/?s={search_term_string}\"},\"query-input\":{\"@type\":\"PropertyValueSpecification\",\"valueRequired\":true,\"valueName\":\"search_term_string\"}}],\"inLanguage\":\"ca\"}]}<\/script>\n<!-- \/ Yoast SEO plugin. -->","yoast_head_json":{"title":"Gastos de env\u00edo y plazos de entrega - Editorial Juventud","description":"Actualmente solo realizamos env\u00edos a Espa\u00f1a y Portugal peninsular, Andorra, Gibraltar, Baleares y Canarias. Puedes consultar los precios desglosados y los","robots":{"index":"index","follow":"follow","max-snippet":"max-snippet:-1","max-image-preview":"max-image-preview:large","max-video-preview":"max-video-preview:-1"},"canonical":"https:\/\/www.editorialjuventud.es\/ca\/despeses\/","og_locale":"ca_ES","og_type":"article","og_title":"Gastos de env\u00edo y plazos de entrega - Editorial Juventud","og_description":"Actualmente solo realizamos env\u00edos a Espa\u00f1a y Portugal peninsular, Andorra, Gibraltar, Baleares y Canarias. Puedes consultar los precios desglosados y los","og_url":"https:\/\/www.editorialjuventud.es\/ca\/despeses\/","og_site_name":"Editorial Juventud","article_modified_time":"2019-12-20T11:22:50+00:00","twitter_card":"summary_large_image","schema":{"@context":"https:\/\/schema.org","@graph":[{"@type":"WebPage","@id":"https:\/\/www.editorialjuventud.es\/ca\/despeses\/","url":"https:\/\/www.editorialjuventud.es\/ca\/despeses\/","name":"Gastos de env\u00edo y plazos de entrega - Editorial Juventud","isPartOf":{"@id":"https:\/\/www.editorialjuventud.es\/#website"},"datePublished":"2018-08-21T21:24:49+00:00","dateModified":"2019-12-20T11:22:50+00:00","description":"Actualmente solo realizamos env\u00edos a Espa\u00f1a y Portugal peninsular, Andorra, Gibraltar, Baleares y Canarias. Puedes consultar los precios desglosados y los","breadcrumb":{"@id":"https:\/\/www.editorialjuventud.es\/ca\/despeses\/#breadcrumb"},"inLanguage":"ca","potentialAction":[{"@type":"ReadAction","target":["https:\/\/www.editorialjuventud.es\/ca\/despeses\/"]}]},{"@type":"BreadcrumbList","@id":"https:\/\/www.editorialjuventud.es\/ca\/despeses\/#breadcrumb","itemListElement":[{"@type":"ListItem","position":1,"name":"Portada","item":"https:\/\/www.editorialjuventud.es\/"},{"@type":"ListItem","position":2,"name":"Gastos de env\u00edo y plazos de entrega"}]},{"@type":"WebSite","@id":"https:\/\/www.editorialjuventud.es\/#website","url":"https:\/\/www.editorialjuventud.es\/","name":"Editorial Juventud","description":"","potentialAction":[{"@type":"SearchAction","target":{"@type":"EntryPoint","urlTemplate":"https:\/\/www.editorialjuventud.es\/?s={search_term_string}"},"query-input":{"@type":"PropertyValueSpecification","valueRequired":true,"valueName":"search_term_string"}}],"inLanguage":"ca"}]}},"_links":{"self":[{"href":"https:\/\/www.editorialjuventud.es\/ca\/wp-json\/wp\/v2\/pages\/2940","targetHints":{"allow":["GET"]}}],"collection":[{"href":"https:\/\/www.editorialjuventud.es\/ca\/wp-json\/wp\/v2\/pages"}],"about":[{"href":"https:\/\/www.editorialjuventud.es\/ca\/wp-json\/wp\/v2\/types\/page"}],"author":[{"embeddable":true,"href":"https:\/\/www.editorialjuventud.es\/ca\/wp-json\/wp\/v2\/users\/1"}],"replies":[{"embeddable":true,"href":"https:\/\/www.editorialjuventud.es\/ca\/wp-json\/wp\/v2\/comments?post=2940"}],"version-history":[{"count":2,"href":"https:\/\/www.editorialjuventud.es\/ca\/wp-json\/wp\/v2\/pages\/2940\/revisions"}],"predecessor-version":[{"id":35710,"href":"https:\/\/www.editorialjuventud.es\/ca\/wp-json\/wp\/v2\/pages\/2940\/revisions\/35710"}],"wp:attachment":[{"href":"https:\/\/www.editorialjuventud.es\/ca\/wp-json\/wp\/v2\/media?parent=2940"}],"curies":[{"name":"wp","href":"https:\/\/api.w.org\/{rel}","templated":true}]}}