{"id":2901,"date":"2017-11-21T13:10:47","date_gmt":"2017-11-21T12:10:47","guid":{"rendered":"http:\/\/www.editorialjuventud.es\/quienes-somos\/"},"modified":"2024-01-31T16:48:49","modified_gmt":"2024-01-31T15:48:49","slug":"sobre-nosaltres","status":"publish","type":"page","link":"https:\/\/www.editorialjuventud.es\/ca\/sobre-nosaltres\/","title":{"rendered":"Sobre nosaltres"},"content":{"rendered":"<h2><span style=\"color: #008ca9;\"><strong>100 Aniversari d&#8217;Editorial Joventut <\/strong><\/span><\/h2>\n<h3><span style=\"color: #000000;\"><strong>M\u00e9s joves que mai!<\/strong><\/span><\/h3>\n<p>Fa 100 anys, l\u2019octubre de 1923, va n\u00e9ixer aqu\u00ed, a Barcelona, l\u2019Editorial Joventut, una empresa familiar i independent. Cent anys despr\u00e9s ho segueix sent. L\u2019editorial s\u2019ha anat adaptant als temps i a les necessitats lectores de cada \u00e8poca, per\u00f2 la il\u00b7lusi\u00f3 i el comprom\u00eds de fer arribar obres de qualitat als lectors romanen immutables.<\/p>\n<p>Que fem cent anys<strong> ha estat possible gr\u00e0cies a la feina i l\u2019esfor\u00e7 de totes les persones que en el transcurs d\u2019aquest temps han format part del nostre equip<\/strong>&#8211; moltes d\u2019elles, han passat a formar part de la nostra fam\u00edlia editorial-: editors, correctors, traductors, dissenyadors, maquetistes&#8230; Sens dubte, <strong>el m\u00e8rit s\u2019ha de compartir amb tots aquells col\u00b7laboradors que\u00a0 dia rere dia ho han fet i ho fan possible<\/strong>: <strong>els autors i il\u00b7lustradors<\/strong>, pel seu talent i la seva m\u00e0gia; <strong>els impressors<\/strong>, pel seu <em>savoir faire<\/em>; <strong>els comercials i distribu\u00efdors<\/strong>, per la seva perseveran\u00e7a; <strong>els transportistes<\/strong>, per fer arribar als seus destinataris els nostres llibres; <strong>els llibreters i llibreteres<\/strong>, per acollir-los a les seves llibreries i recomanar-los personalment als seus clients; <strong>els bibliotecaris i altres prescriptors<\/strong> per animar-nos a cultivar una literatura de qualitat, i amb tots aquells que han fet possible que, despr\u00e9s d\u2019un segle, seguim publicant llibres.<\/p>\n<p>Els llibres s\u00f3n fascinants, les seves paraules i imatges ens transmeten hist\u00f2ries, emocions, i ens fan viatjar, no nom\u00e9s en l\u2019espai, tamb\u00e9 en el temps. Algunes vegades, simplement ens omplen de joia; d\u2019altres, ens converteixen en lectors lliures i ind\u00f2mits, i, sens dubte poden ser les millors armes contra les guerres; per\u00f2 el que sempre fan \u00e9s comunicar, connectar-nos.<\/p>\n<p>Com deia Jella Lepman,<strong> els llibres serveixen per construir ponts d\u2019entesa entre les persones, per entendre millor el m\u00f3n i sentir-nos m\u00e9s connectats amb ell i entre nosaltres<\/strong>, i no hi podem estar m\u00e9s d\u2019acord. Aquest centenari no hagu\u00e9s estat possible sense tota la xarxa de persones connectades per les incre\u00efbles hist\u00f2ries que ens transmeten els llibres. <strong>Si hem pogut arribar fins aqu\u00ed \u00e9s sobretot gr\u00e0cies als lectors i lectores<\/strong> que, en obrir les p\u00e0gines dels nostres llibres, es deixen endur i connecten amb les hist\u00f2ries que a nosaltres ens han fet vibrar d\u2019una manera especial. No podem estar-los m\u00e9s agra\u00efts per confiar en nosaltres. Celebrem 100 anys compartint bones lectures i ens agradaria continuar fent-ho durant molts anys m\u00e9s.<\/p>\n<p>Per moltes m\u00e9s lectures junts! Gr\u00e0cies!<\/p>\n<p>&nbsp;<\/p>\n<p>Les activitats de commemoraci\u00f3 del nostre centenari han rebut el suport de:<\/p>\n<p><img loading=\"lazy\" decoding=\"async\" class=\"alignnone  wp-image-77914\" src=\"https:\/\/www.editorialjuventud.es\/wp-content\/uploads\/cultura_bn_h2.png\" alt=\"\" width=\"272\" height=\"42\" srcset=\"https:\/\/www.editorialjuventud.es\/wp-content\/uploads\/cultura_bn_h2.png 685w, https:\/\/www.editorialjuventud.es\/wp-content\/uploads\/cultura_bn_h2-190x30.png 190w, https:\/\/www.editorialjuventud.es\/wp-content\/uploads\/cultura_bn_h2-566x90.png 566w\" sizes=\"auto, (max-width: 272px) 100vw, 272px\" \/><\/p>\n","protected":false},"excerpt":{"rendered":"100 Aniversari d&#8217;Editorial Joventut M\u00e9s joves que mai! Fa 100 anys, l\u2019octubre de 1923, va n\u00e9ixer aqu\u00ed, a Barcelona, l\u2019Editorial Joventut, una empresa familiar i independent. Cent anys despr\u00e9s ho segueix sent. L\u2019editorial s\u2019ha anat adaptant als temps i a [&hellip;]","protected":false},"author":1,"featured_media":0,"parent":0,"menu_order":0,"comment_status":"closed","ping_status":"closed","template":"page-template.php","meta":{"_acf_changed":false,"_exactmetrics_skip_tracking":false,"_exactmetrics_sitenote_active":false,"_exactmetrics_sitenote_note":"","_exactmetrics_sitenote_category":0,"footnotes":""},"class_list":["post-2901","page","type-page","status-publish","hentry"],"acf":[],"yoast_head":"<!-- This site is optimized with the Yoast SEO plugin v27.3 - https:\/\/yoast.com\/product\/yoast-seo-wordpress\/ -->\n<title>Sobre nosaltres - Editorial Juventud<\/title>\n<meta name=\"description\" content=\"100 Aniversari d&#039;Editorial Joventut M\u00e9s joves que mai! Fa 100 anys, l\u2019octubre de 1923, va n\u00e9ixer aqu\u00ed, a Barcelona, l\u2019Editorial Joventut, una empresa\" \/>\n<meta name=\"robots\" content=\"index, follow, max-snippet:-1, max-image-preview:large, max-video-preview:-1\" \/>\n<link rel=\"canonical\" href=\"https:\/\/www.editorialjuventud.es\/quienes-somos\/\" \/>\n<meta property=\"og:locale\" content=\"ca_ES\" \/>\n<meta property=\"og:type\" content=\"article\" \/>\n<meta property=\"og:title\" content=\"Sobre nosaltres - Editorial Juventud\" \/>\n<meta property=\"og:description\" content=\"100 Aniversari d&#039;Editorial Joventut M\u00e9s joves que mai! Fa 100 anys, l\u2019octubre de 1923, va n\u00e9ixer aqu\u00ed, a Barcelona, l\u2019Editorial Joventut, una empresa\" \/>\n<meta property=\"og:url\" content=\"https:\/\/www.editorialjuventud.es\/quienes-somos\/\" \/>\n<meta property=\"og:site_name\" content=\"Editorial Juventud\" \/>\n<meta property=\"article:modified_time\" content=\"2024-01-31T15:48:49+00:00\" \/>\n<meta property=\"og:image\" content=\"https:\/\/www.editorialjuventud.es\/wp-content\/uploads\/cultura_bn_h2.png\" \/>\n\t<meta property=\"og:image:width\" content=\"685\" \/>\n\t<meta property=\"og:image:height\" content=\"109\" \/>\n\t<meta property=\"og:image:type\" content=\"image\/png\" \/>\n<meta name=\"twitter:card\" content=\"summary_large_image\" \/>\n<meta name=\"twitter:label1\" content=\"Temps estimat de lectura\" \/>\n\t<meta name=\"twitter:data1\" content=\"2 minuts\" \/>\n<script type=\"application\/ld+json\" class=\"yoast-schema-graph\">{\"@context\":\"https:\\\/\\\/schema.org\",\"@graph\":[{\"@type\":\"WebPage\",\"@id\":\"https:\\\/\\\/www.editorialjuventud.es\\\/quienes-somos\\\/\",\"url\":\"https:\\\/\\\/www.editorialjuventud.es\\\/quienes-somos\\\/\",\"name\":\"Sobre nosaltres - Editorial Juventud\",\"isPartOf\":{\"@id\":\"https:\\\/\\\/www.editorialjuventud.es\\\/#website\"},\"primaryImageOfPage\":{\"@id\":\"https:\\\/\\\/www.editorialjuventud.es\\\/quienes-somos\\\/#primaryimage\"},\"image\":{\"@id\":\"https:\\\/\\\/www.editorialjuventud.es\\\/quienes-somos\\\/#primaryimage\"},\"thumbnailUrl\":\"https:\\\/\\\/www.editorialjuventud.es\\\/wp-content\\\/uploads\\\/cultura_bn_h2.png\",\"datePublished\":\"2017-11-21T12:10:47+00:00\",\"dateModified\":\"2024-01-31T15:48:49+00:00\",\"description\":\"100 Aniversari d'Editorial Joventut M\u00e9s joves que mai! Fa 100 anys, l\u2019octubre de 1923, va n\u00e9ixer aqu\u00ed, a Barcelona, l\u2019Editorial Joventut, una empresa\",\"breadcrumb\":{\"@id\":\"https:\\\/\\\/www.editorialjuventud.es\\\/quienes-somos\\\/#breadcrumb\"},\"inLanguage\":\"ca\",\"potentialAction\":[{\"@type\":\"ReadAction\",\"target\":[\"https:\\\/\\\/www.editorialjuventud.es\\\/quienes-somos\\\/\"]}]},{\"@type\":\"ImageObject\",\"inLanguage\":\"ca\",\"@id\":\"https:\\\/\\\/www.editorialjuventud.es\\\/quienes-somos\\\/#primaryimage\",\"url\":\"https:\\\/\\\/www.editorialjuventud.es\\\/wp-content\\\/uploads\\\/cultura_bn_h2.png\",\"contentUrl\":\"https:\\\/\\\/www.editorialjuventud.es\\\/wp-content\\\/uploads\\\/cultura_bn_h2.png\"},{\"@type\":\"BreadcrumbList\",\"@id\":\"https:\\\/\\\/www.editorialjuventud.es\\\/quienes-somos\\\/#breadcrumb\",\"itemListElement\":[{\"@type\":\"ListItem\",\"position\":1,\"name\":\"Portada\",\"item\":\"https:\\\/\\\/www.editorialjuventud.es\\\/\"},{\"@type\":\"ListItem\",\"position\":2,\"name\":\"Sobre nosaltres\"}]},{\"@type\":\"WebSite\",\"@id\":\"https:\\\/\\\/www.editorialjuventud.es\\\/#website\",\"url\":\"https:\\\/\\\/www.editorialjuventud.es\\\/\",\"name\":\"Editorial Juventud\",\"description\":\"\",\"potentialAction\":[{\"@type\":\"SearchAction\",\"target\":{\"@type\":\"EntryPoint\",\"urlTemplate\":\"https:\\\/\\\/www.editorialjuventud.es\\\/?s={search_term_string}\"},\"query-input\":{\"@type\":\"PropertyValueSpecification\",\"valueRequired\":true,\"valueName\":\"search_term_string\"}}],\"inLanguage\":\"ca\"}]}<\/script>\n<!-- \/ Yoast SEO plugin. -->","yoast_head_json":{"title":"Sobre nosaltres - Editorial Juventud","description":"100 Aniversari d'Editorial Joventut M\u00e9s joves que mai! Fa 100 anys, l\u2019octubre de 1923, va n\u00e9ixer aqu\u00ed, a Barcelona, l\u2019Editorial Joventut, una empresa","robots":{"index":"index","follow":"follow","max-snippet":"max-snippet:-1","max-image-preview":"max-image-preview:large","max-video-preview":"max-video-preview:-1"},"canonical":"https:\/\/www.editorialjuventud.es\/quienes-somos\/","og_locale":"ca_ES","og_type":"article","og_title":"Sobre nosaltres - Editorial Juventud","og_description":"100 Aniversari d'Editorial Joventut M\u00e9s joves que mai! Fa 100 anys, l\u2019octubre de 1923, va n\u00e9ixer aqu\u00ed, a Barcelona, l\u2019Editorial Joventut, una empresa","og_url":"https:\/\/www.editorialjuventud.es\/quienes-somos\/","og_site_name":"Editorial Juventud","article_modified_time":"2024-01-31T15:48:49+00:00","og_image":[{"width":685,"height":109,"url":"https:\/\/www.editorialjuventud.es\/wp-content\/uploads\/cultura_bn_h2.png","type":"image\/png"}],"twitter_card":"summary_large_image","twitter_misc":{"Temps estimat de lectura":"2 minuts"},"schema":{"@context":"https:\/\/schema.org","@graph":[{"@type":"WebPage","@id":"https:\/\/www.editorialjuventud.es\/quienes-somos\/","url":"https:\/\/www.editorialjuventud.es\/quienes-somos\/","name":"Sobre nosaltres - Editorial Juventud","isPartOf":{"@id":"https:\/\/www.editorialjuventud.es\/#website"},"primaryImageOfPage":{"@id":"https:\/\/www.editorialjuventud.es\/quienes-somos\/#primaryimage"},"image":{"@id":"https:\/\/www.editorialjuventud.es\/quienes-somos\/#primaryimage"},"thumbnailUrl":"https:\/\/www.editorialjuventud.es\/wp-content\/uploads\/cultura_bn_h2.png","datePublished":"2017-11-21T12:10:47+00:00","dateModified":"2024-01-31T15:48:49+00:00","description":"100 Aniversari d'Editorial Joventut M\u00e9s joves que mai! Fa 100 anys, l\u2019octubre de 1923, va n\u00e9ixer aqu\u00ed, a Barcelona, l\u2019Editorial Joventut, una empresa","breadcrumb":{"@id":"https:\/\/www.editorialjuventud.es\/quienes-somos\/#breadcrumb"},"inLanguage":"ca","potentialAction":[{"@type":"ReadAction","target":["https:\/\/www.editorialjuventud.es\/quienes-somos\/"]}]},{"@type":"ImageObject","inLanguage":"ca","@id":"https:\/\/www.editorialjuventud.es\/quienes-somos\/#primaryimage","url":"https:\/\/www.editorialjuventud.es\/wp-content\/uploads\/cultura_bn_h2.png","contentUrl":"https:\/\/www.editorialjuventud.es\/wp-content\/uploads\/cultura_bn_h2.png"},{"@type":"BreadcrumbList","@id":"https:\/\/www.editorialjuventud.es\/quienes-somos\/#breadcrumb","itemListElement":[{"@type":"ListItem","position":1,"name":"Portada","item":"https:\/\/www.editorialjuventud.es\/"},{"@type":"ListItem","position":2,"name":"Sobre nosaltres"}]},{"@type":"WebSite","@id":"https:\/\/www.editorialjuventud.es\/#website","url":"https:\/\/www.editorialjuventud.es\/","name":"Editorial Juventud","description":"","potentialAction":[{"@type":"SearchAction","target":{"@type":"EntryPoint","urlTemplate":"https:\/\/www.editorialjuventud.es\/?s={search_term_string}"},"query-input":{"@type":"PropertyValueSpecification","valueRequired":true,"valueName":"search_term_string"}}],"inLanguage":"ca"}]}},"_links":{"self":[{"href":"https:\/\/www.editorialjuventud.es\/ca\/wp-json\/wp\/v2\/pages\/2901","targetHints":{"allow":["GET"]}}],"collection":[{"href":"https:\/\/www.editorialjuventud.es\/ca\/wp-json\/wp\/v2\/pages"}],"about":[{"href":"https:\/\/www.editorialjuventud.es\/ca\/wp-json\/wp\/v2\/types\/page"}],"author":[{"embeddable":true,"href":"https:\/\/www.editorialjuventud.es\/ca\/wp-json\/wp\/v2\/users\/1"}],"replies":[{"embeddable":true,"href":"https:\/\/www.editorialjuventud.es\/ca\/wp-json\/wp\/v2\/comments?post=2901"}],"version-history":[{"count":8,"href":"https:\/\/www.editorialjuventud.es\/ca\/wp-json\/wp\/v2\/pages\/2901\/revisions"}],"predecessor-version":[{"id":77916,"href":"https:\/\/www.editorialjuventud.es\/ca\/wp-json\/wp\/v2\/pages\/2901\/revisions\/77916"}],"wp:attachment":[{"href":"https:\/\/www.editorialjuventud.es\/ca\/wp-json\/wp\/v2\/media?parent=2901"}],"curies":[{"name":"wp","href":"https:\/\/api.w.org\/{rel}","templated":true}]}}