{"id":2898,"date":"2017-09-29T01:58:16","date_gmt":"2017-09-28T23:58:16","guid":{"rendered":"http:\/\/www.editorialjuventud.es\/profesionales\/"},"modified":"2024-08-27T11:39:30","modified_gmt":"2024-08-27T09:39:30","slug":"professionals","status":"publish","type":"page","link":"https:\/\/www.editorialjuventud.es\/ca\/professionals\/","title":{"rendered":"Professionals"},"content":{"rendered":"<p>Si ets professional del sector del llibre i t&#8217;interessa saber quins serveis podem oferir-te, pots posar-te en contacte amb nosaltres dirigint-te als seg\u00fcents correus electr\u00f2nics:<\/p>\n<p>Informaci\u00f3 general: <a href=\"mailto:info@editorialjuventud.es\"><u>info@editorialjuventud.es<\/u><\/a><br \/>\nDirector comercial: <a href=\"mailto:alfonso@editorialjuventud.es\"><u>alfonso@editorialjuventud.es<\/u><\/a><br \/>\nAdministraci\u00f3 llibreries: <a href=\"mailto:pedidos@editorialjuventud.es\"><u>pedidos@editorialjuventud.es<\/u><\/a><br \/>\nComunicaci\u00f3 i premsa: <a href=\"mailto:comunicacion@editorial.juventud.es\"><u>comunicacion@editorialjuventud.es<\/u><\/a><br \/>\nPromoci\u00f3 escolar: <a href=\"mailto:elena@editorialjuventud.es\"><u>elena@editorialjuventud.es<\/u><\/a><br \/>\nVenda institucional: <a href=\"mailto:icalvo@telefonica.net\"><u>icalvo@telefonica.net<\/u><\/a><br \/>\nForeign Rights: <a href=\"mailto:info@ilustrata.com\"><u>info@ilustrata.com<\/u><\/a><\/p>\n<p>A m\u00e9s, pots tenir m\u00e9s informaci\u00f3 sobre els nostres serveis a Llibreries, Escoles o sobre la nostra Distribuci\u00f3 accedint als seg\u00fcents enlla\u00e7os.<\/p>\n","protected":false},"excerpt":{"rendered":"Si ets professional del sector del llibre i t&#8217;interessa saber quins serveis podem oferir-te, pots posar-te en contacte amb nosaltres dirigint-te als seg\u00fcents correus electr\u00f2nics: Informaci\u00f3 general: info@editorialjuventud.es Director comercial: alfonso@editorialjuventud.es Administraci\u00f3 llibreries: pedidos@editorialjuventud.es Comunicaci\u00f3 i premsa: comunicacion@editorialjuventud.es Promoci\u00f3 escolar: [&hellip;]","protected":false},"author":1,"featured_media":0,"parent":0,"menu_order":0,"comment_status":"closed","ping_status":"closed","template":"page-profesionales.php","meta":{"_acf_changed":false,"_exactmetrics_skip_tracking":false,"_exactmetrics_sitenote_active":false,"_exactmetrics_sitenote_note":"","_exactmetrics_sitenote_category":0,"footnotes":""},"class_list":["post-2898","page","type-page","status-publish","hentry"],"acf":[],"yoast_head":"<!-- This site is optimized with the Yoast SEO plugin v27.5 - https:\/\/yoast.com\/product\/yoast-seo-wordpress\/ -->\n<title>Professionals - Editorial Juventud<\/title>\n<meta name=\"description\" content=\"Si ets professional del sector del llibre i t&#039;interessa saber quins serveis podem oferir-te, pots posar-te en contacte amb nosaltres dirigint-te als\" \/>\n<meta name=\"robots\" content=\"index, follow, max-snippet:-1, max-image-preview:large, max-video-preview:-1\" \/>\n<link rel=\"canonical\" href=\"https:\/\/www.editorialjuventud.es\/ca\/professionals\/\" \/>\n<meta property=\"og:locale\" content=\"ca_ES\" \/>\n<meta property=\"og:type\" content=\"article\" \/>\n<meta property=\"og:title\" content=\"Professionals - Editorial Juventud\" \/>\n<meta property=\"og:description\" content=\"Si ets professional del sector del llibre i t&#039;interessa saber quins serveis podem oferir-te, pots posar-te en contacte amb nosaltres dirigint-te als\" \/>\n<meta property=\"og:url\" content=\"https:\/\/www.editorialjuventud.es\/ca\/professionals\/\" \/>\n<meta property=\"og:site_name\" content=\"Editorial Juventud\" \/>\n<meta property=\"article:modified_time\" content=\"2024-08-27T09:39:30+00:00\" \/>\n<meta name=\"twitter:card\" content=\"summary_large_image\" \/>\n<meta name=\"twitter:label1\" content=\"Temps estimat de lectura\" \/>\n\t<meta name=\"twitter:data1\" content=\"1 minut\" \/>\n<script type=\"application\/ld+json\" class=\"yoast-schema-graph\">{\"@context\":\"https:\\\/\\\/schema.org\",\"@graph\":[{\"@type\":\"WebPage\",\"@id\":\"https:\\\/\\\/www.editorialjuventud.es\\\/ca\\\/professionals\\\/\",\"url\":\"https:\\\/\\\/www.editorialjuventud.es\\\/ca\\\/professionals\\\/\",\"name\":\"Professionals - Editorial Juventud\",\"isPartOf\":{\"@id\":\"https:\\\/\\\/www.editorialjuventud.es\\\/#website\"},\"datePublished\":\"2017-09-28T23:58:16+00:00\",\"dateModified\":\"2024-08-27T09:39:30+00:00\",\"description\":\"Si ets professional del sector del llibre i t'interessa saber quins serveis podem oferir-te, pots posar-te en contacte amb nosaltres dirigint-te als\",\"breadcrumb\":{\"@id\":\"https:\\\/\\\/www.editorialjuventud.es\\\/ca\\\/professionals\\\/#breadcrumb\"},\"inLanguage\":\"ca\",\"potentialAction\":[{\"@type\":\"ReadAction\",\"target\":[\"https:\\\/\\\/www.editorialjuventud.es\\\/ca\\\/professionals\\\/\"]}]},{\"@type\":\"BreadcrumbList\",\"@id\":\"https:\\\/\\\/www.editorialjuventud.es\\\/ca\\\/professionals\\\/#breadcrumb\",\"itemListElement\":[{\"@type\":\"ListItem\",\"position\":1,\"name\":\"Portada\",\"item\":\"https:\\\/\\\/www.editorialjuventud.es\\\/\"},{\"@type\":\"ListItem\",\"position\":2,\"name\":\"Professionals\"}]},{\"@type\":\"WebSite\",\"@id\":\"https:\\\/\\\/www.editorialjuventud.es\\\/#website\",\"url\":\"https:\\\/\\\/www.editorialjuventud.es\\\/\",\"name\":\"Editorial Juventud\",\"description\":\"\",\"potentialAction\":[{\"@type\":\"SearchAction\",\"target\":{\"@type\":\"EntryPoint\",\"urlTemplate\":\"https:\\\/\\\/www.editorialjuventud.es\\\/?s={search_term_string}\"},\"query-input\":{\"@type\":\"PropertyValueSpecification\",\"valueRequired\":true,\"valueName\":\"search_term_string\"}}],\"inLanguage\":\"ca\"}]}<\/script>\n<!-- \/ Yoast SEO plugin. -->","yoast_head_json":{"title":"Professionals - Editorial Juventud","description":"Si ets professional del sector del llibre i t'interessa saber quins serveis podem oferir-te, pots posar-te en contacte amb nosaltres dirigint-te als","robots":{"index":"index","follow":"follow","max-snippet":"max-snippet:-1","max-image-preview":"max-image-preview:large","max-video-preview":"max-video-preview:-1"},"canonical":"https:\/\/www.editorialjuventud.es\/ca\/professionals\/","og_locale":"ca_ES","og_type":"article","og_title":"Professionals - Editorial Juventud","og_description":"Si ets professional del sector del llibre i t'interessa saber quins serveis podem oferir-te, pots posar-te en contacte amb nosaltres dirigint-te als","og_url":"https:\/\/www.editorialjuventud.es\/ca\/professionals\/","og_site_name":"Editorial Juventud","article_modified_time":"2024-08-27T09:39:30+00:00","twitter_card":"summary_large_image","twitter_misc":{"Temps estimat de lectura":"1 minut"},"schema":{"@context":"https:\/\/schema.org","@graph":[{"@type":"WebPage","@id":"https:\/\/www.editorialjuventud.es\/ca\/professionals\/","url":"https:\/\/www.editorialjuventud.es\/ca\/professionals\/","name":"Professionals - Editorial Juventud","isPartOf":{"@id":"https:\/\/www.editorialjuventud.es\/#website"},"datePublished":"2017-09-28T23:58:16+00:00","dateModified":"2024-08-27T09:39:30+00:00","description":"Si ets professional del sector del llibre i t'interessa saber quins serveis podem oferir-te, pots posar-te en contacte amb nosaltres dirigint-te als","breadcrumb":{"@id":"https:\/\/www.editorialjuventud.es\/ca\/professionals\/#breadcrumb"},"inLanguage":"ca","potentialAction":[{"@type":"ReadAction","target":["https:\/\/www.editorialjuventud.es\/ca\/professionals\/"]}]},{"@type":"BreadcrumbList","@id":"https:\/\/www.editorialjuventud.es\/ca\/professionals\/#breadcrumb","itemListElement":[{"@type":"ListItem","position":1,"name":"Portada","item":"https:\/\/www.editorialjuventud.es\/"},{"@type":"ListItem","position":2,"name":"Professionals"}]},{"@type":"WebSite","@id":"https:\/\/www.editorialjuventud.es\/#website","url":"https:\/\/www.editorialjuventud.es\/","name":"Editorial Juventud","description":"","potentialAction":[{"@type":"SearchAction","target":{"@type":"EntryPoint","urlTemplate":"https:\/\/www.editorialjuventud.es\/?s={search_term_string}"},"query-input":{"@type":"PropertyValueSpecification","valueRequired":true,"valueName":"search_term_string"}}],"inLanguage":"ca"}]}},"_links":{"self":[{"href":"https:\/\/www.editorialjuventud.es\/ca\/wp-json\/wp\/v2\/pages\/2898","targetHints":{"allow":["GET"]}}],"collection":[{"href":"https:\/\/www.editorialjuventud.es\/ca\/wp-json\/wp\/v2\/pages"}],"about":[{"href":"https:\/\/www.editorialjuventud.es\/ca\/wp-json\/wp\/v2\/types\/page"}],"author":[{"embeddable":true,"href":"https:\/\/www.editorialjuventud.es\/ca\/wp-json\/wp\/v2\/users\/1"}],"replies":[{"embeddable":true,"href":"https:\/\/www.editorialjuventud.es\/ca\/wp-json\/wp\/v2\/comments?post=2898"}],"version-history":[{"count":25,"href":"https:\/\/www.editorialjuventud.es\/ca\/wp-json\/wp\/v2\/pages\/2898\/revisions"}],"predecessor-version":[{"id":79143,"href":"https:\/\/www.editorialjuventud.es\/ca\/wp-json\/wp\/v2\/pages\/2898\/revisions\/79143"}],"wp:attachment":[{"href":"https:\/\/www.editorialjuventud.es\/ca\/wp-json\/wp\/v2\/media?parent=2898"}],"curies":[{"name":"wp","href":"https:\/\/api.w.org\/{rel}","templated":true}]}}