{"id":2894,"date":"2017-12-18T09:43:56","date_gmt":"2017-12-18T08:43:56","guid":{"rendered":"http:\/\/www.editorialjuventud.es\/contacto\/"},"modified":"2019-12-20T12:24:02","modified_gmt":"2019-12-20T11:24:02","slug":"contacte","status":"publish","type":"page","link":"https:\/\/www.editorialjuventud.es\/ca\/contacte\/","title":{"rendered":"Contacte"},"content":{"rendered":"\n<div class=\"wpcf7 no-js\" id=\"wpcf7-f18881-o1\" lang=\"es-ES\" dir=\"ltr\" data-wpcf7-id=\"18881\">\n<div class=\"screen-reader-response\"><p role=\"status\" aria-live=\"polite\" aria-atomic=\"true\"><\/p> <ul><\/ul><\/div>\n<form action=\"\/ca\/wp-json\/wp\/v2\/pages\/2894#wpcf7-f18881-o1\" method=\"post\" class=\"wpcf7-form init\" aria-label=\"Formulario de contacto\" novalidate=\"novalidate\" data-status=\"init\">\n<fieldset class=\"hidden-fields-container\"><input type=\"hidden\" name=\"_wpcf7\" value=\"18881\" \/><input type=\"hidden\" name=\"_wpcf7_version\" value=\"6.1.5\" \/><input type=\"hidden\" name=\"_wpcf7_locale\" value=\"es_ES\" \/><input type=\"hidden\" name=\"_wpcf7_unit_tag\" value=\"wpcf7-f18881-o1\" \/><input type=\"hidden\" name=\"_wpcf7_container_post\" value=\"0\" \/><input type=\"hidden\" name=\"_wpcf7_posted_data_hash\" value=\"\" \/><input type=\"hidden\" name=\"_wpcf7cf_hidden_group_fields\" value=\"[]\" \/><input type=\"hidden\" name=\"_wpcf7cf_hidden_groups\" value=\"[]\" \/><input type=\"hidden\" name=\"_wpcf7cf_visible_groups\" value=\"[]\" \/><input type=\"hidden\" name=\"_wpcf7cf_repeaters\" value=\"[]\" \/><input type=\"hidden\" name=\"_wpcf7cf_steps\" value=\"{}\" \/><input type=\"hidden\" name=\"_wpcf7cf_options\" value=\"{&quot;form_id&quot;:18881,&quot;conditions&quot;:[],&quot;settings&quot;:{&quot;animation&quot;:&quot;yes&quot;,&quot;animation_intime&quot;:200,&quot;animation_outtime&quot;:200,&quot;conditions_ui&quot;:&quot;normal&quot;,&quot;notice_dismissed&quot;:false,&quot;notice_dismissed_update-cf7-5.5.6&quot;:true,&quot;notice_dismissed_update-cf7-5.9.3&quot;:true}}\" \/><input type=\"hidden\" name=\"_wpcf7_recaptcha_response\" value=\"\" \/>\n<\/fieldset>\n<div class=\"form-group your-name\"><label class=\"\">Nom <span class=\"required\">*<\/span><\/label><input class=\"wpcf7-form-control wpcf7-text wpcf7-validates-as-required form-control\" name=\"your-name\" type=\"text\" value=\"\" aria-invalid=\"false\" aria-required=\"true\" required><\/div>\n<div class=\"form-group your-email\"><label class=\"\">Correu electr\u00f2nic <span class=\"required\">*<\/span><\/label><input class=\"wpcf7-form-control wpcf7-email wpcf7-validates-as-required wpcf7-text wpcf7-validates-as-email form-control\" name=\"your-email\" type=\"email\" value=\"\" aria-invalid=\"false\" aria-required=\"true\" required><\/div>\n<div class=\"form-group menu-contacto\"><label class=\"\">Departament <span class=\"required\">*<\/span><\/label><select class=\"wpcf7-form-control wpcf7-select wpcf7-validates-as-required form-control\" name=\"menu-contacto\" aria-invalid=\"false\" aria-required=\"true\" required><option value=\"\" selected>---<\/option><option value=\"Informaci\u00f3\">Informaci\u00f3<\/option><option value=\"Promoci\u00f3 escolar\">Promoci\u00f3 escolar<\/option><option value=\"Departament comercial\">Departament comercial<\/option><option value=\"Premsa\">Premsa<\/option><option value=\"Facturaci\u00f3\">Facturaci\u00f3<\/option><\/select><\/div>\n<div class=\"form-group your-subject\"><label class=\"\">Assumpte<\/label><input class=\"wpcf7-form-control wpcf7-text form-control\" name=\"your-subject\" type=\"text\" value=\"\" aria-invalid=\"false\"><\/div>\n<div class=\"form-group your-message\"><label class=\"\">Missatge<\/label><textarea class=\"wpcf7-form-control wpcf7-textarea form-control\" name=\"your-message\" rows=\"4\" aria-invalid=\"false\"><\/textarea><\/div>\n\n<div class=\"target\"><\/div>\n<div clas='check-form' style='display: flex;'>\n<div class=\"form-group wpcf7-form-control wpcf7-checkbox wpcf7-validates-as-required checkbox-aceptacion\"><div class=\"checkbox wpcf7-form-control wpcf7-checkbox wpcf7-validates-as-required checkbox-aceptacion\"><label  for=\"checkbox-aceptacion\"><input id=\"checkbox-aceptacion\" name=\"checkbox-aceptacion\" type=\"checkbox\" value=\"true\" aria-invalid=\"false\" aria-required=\"true\" required><\/label><\/div><\/div> <div class='literal-check' style='margin-top: 10px;'>He llegit i accepto la <a href='#woocommerce-terms-and-conditions' class='woocommerce-terms-and-conditions-link' style='text-decoration: underline;'>Informaci\u00f3 B\u00e0sica<\/a> i la <a href='\/ca\/politica-de-privacitat\/' target='_blank' style='text-decoration: underline;'>Pol\u00edtica de Privacitat<\/a>.<\/div>\n<\/div>\n<div class=\"form-group\"><div><input class=\"wpcf7-form-control wpcf7-submit btn btn-primary\" type=\"submit\" value=\"Enviar\"><\/div><\/div><input type='hidden' class='wpcf7-pum' value='{\"closepopup\":false,\"closedelay\":0,\"openpopup\":false,\"openpopup_id\":0}' \/><div class=\"wpcf7-response-output alert alert-warning\"><\/div>\n<\/form>\n<\/div>\n\n<p class=\"m_1699165190914424291MsoListParagraph\"><b>ENVIAMENT DE MANUSCRITS<u><\/u><u><\/u><\/b><\/p>\n<p class=\"m_1699165190914424291MsoListParagraph\">Actualment nom\u00e9s estem considerant la publicaci\u00f3 d&#8217;<b>\u00e0lbums il\u00b7lustrats\u00a0<\/b>i\u00a0<b>c\u00f2mics infantils<\/b>. Si creus que tens un projecte que encaixi amb la nostra l\u00ednia editorial, pots enviar un arxiu a:\u00a0<a href=\"mailto:manuscritos@editorialjuventud.es\" target=\"_blank\" rel=\"noopener noreferrer\">manuscritos@editorialjuventud.<wbr \/>es<\/a><u><\/u><u><\/u><\/p>\n<p class=\"m_1699165190914424291MsoListParagraph\">Si estem interessats en el teu projecte, et contestarem en un termini m\u00e0xim de 3 mesos. Si no us hem respost en aquest termini, sentim dir-te que el teu projecte no ha estat seleccionat (ens agradaria de veritat poder contestar a tots els correus electr\u00f2nics que rebem, per\u00f2 davant el gran volum de correus ens resulta impossible &#8230;)<\/p>\n","protected":false},"excerpt":{"rendered":"ENVIAMENT DE MANUSCRITS Actualment nom\u00e9s estem considerant la publicaci\u00f3 d&#8217;\u00e0lbums il\u00b7lustrats\u00a0i\u00a0c\u00f2mics infantils. Si creus que tens un projecte que encaixi amb la nostra l\u00ednia editorial, pots enviar un arxiu a:\u00a0manuscritos@editorialjuventud.es Si estem interessats en el teu projecte, et contestarem en [&hellip;]","protected":false},"author":1,"featured_media":0,"parent":0,"menu_order":0,"comment_status":"closed","ping_status":"closed","template":"page-contacto.php","meta":{"_acf_changed":false,"_exactmetrics_skip_tracking":false,"_exactmetrics_sitenote_active":false,"_exactmetrics_sitenote_note":"","_exactmetrics_sitenote_category":0,"footnotes":""},"class_list":["post-2894","page","type-page","status-publish","hentry"],"acf":[],"yoast_head":"<!-- This site is optimized with the Yoast SEO plugin v27.3 - https:\/\/yoast.com\/product\/yoast-seo-wordpress\/ -->\n<title>Contacte - Editorial Juventud<\/title>\n<meta name=\"description\" content=\"ENVIAMENT DE MANUSCRITS Actualment nom\u00e9s estem considerant la publicaci\u00f3 d&#039;\u00e0lbums il\u00b7lustrats\u00a0i\u00a0c\u00f2mics infantils. Si creus que tens un projecte que\" \/>\n<meta name=\"robots\" content=\"index, follow, max-snippet:-1, max-image-preview:large, max-video-preview:-1\" \/>\n<link rel=\"canonical\" href=\"https:\/\/www.editorialjuventud.es\/ca\/contacte\/\" \/>\n<meta property=\"og:locale\" content=\"ca_ES\" \/>\n<meta property=\"og:type\" content=\"article\" \/>\n<meta property=\"og:title\" content=\"Contacte - Editorial Juventud\" \/>\n<meta property=\"og:description\" content=\"ENVIAMENT DE MANUSCRITS Actualment nom\u00e9s estem considerant la publicaci\u00f3 d&#039;\u00e0lbums il\u00b7lustrats\u00a0i\u00a0c\u00f2mics infantils. Si creus que tens un projecte que\" \/>\n<meta property=\"og:url\" content=\"https:\/\/www.editorialjuventud.es\/ca\/contacte\/\" \/>\n<meta property=\"og:site_name\" content=\"Editorial Juventud\" \/>\n<meta property=\"article:modified_time\" content=\"2019-12-20T11:24:02+00:00\" \/>\n<meta name=\"twitter:card\" content=\"summary_large_image\" \/>\n<meta name=\"twitter:label1\" content=\"Temps estimat de lectura\" \/>\n\t<meta name=\"twitter:data1\" content=\"1 minut\" \/>\n<script type=\"application\/ld+json\" class=\"yoast-schema-graph\">{\"@context\":\"https:\\\/\\\/schema.org\",\"@graph\":[{\"@type\":\"WebPage\",\"@id\":\"https:\\\/\\\/www.editorialjuventud.es\\\/ca\\\/contacte\\\/\",\"url\":\"https:\\\/\\\/www.editorialjuventud.es\\\/ca\\\/contacte\\\/\",\"name\":\"Contacte - Editorial Juventud\",\"isPartOf\":{\"@id\":\"https:\\\/\\\/www.editorialjuventud.es\\\/#website\"},\"datePublished\":\"2017-12-18T08:43:56+00:00\",\"dateModified\":\"2019-12-20T11:24:02+00:00\",\"description\":\"ENVIAMENT DE MANUSCRITS Actualment nom\u00e9s estem considerant la publicaci\u00f3 d'\u00e0lbums il\u00b7lustrats\u00a0i\u00a0c\u00f2mics infantils. Si creus que tens un projecte que\",\"breadcrumb\":{\"@id\":\"https:\\\/\\\/www.editorialjuventud.es\\\/ca\\\/contacte\\\/#breadcrumb\"},\"inLanguage\":\"ca\",\"potentialAction\":[{\"@type\":\"ReadAction\",\"target\":[\"https:\\\/\\\/www.editorialjuventud.es\\\/ca\\\/contacte\\\/\"]}]},{\"@type\":\"BreadcrumbList\",\"@id\":\"https:\\\/\\\/www.editorialjuventud.es\\\/ca\\\/contacte\\\/#breadcrumb\",\"itemListElement\":[{\"@type\":\"ListItem\",\"position\":1,\"name\":\"Portada\",\"item\":\"https:\\\/\\\/www.editorialjuventud.es\\\/\"},{\"@type\":\"ListItem\",\"position\":2,\"name\":\"Contacte\"}]},{\"@type\":\"WebSite\",\"@id\":\"https:\\\/\\\/www.editorialjuventud.es\\\/#website\",\"url\":\"https:\\\/\\\/www.editorialjuventud.es\\\/\",\"name\":\"Editorial Juventud\",\"description\":\"\",\"potentialAction\":[{\"@type\":\"SearchAction\",\"target\":{\"@type\":\"EntryPoint\",\"urlTemplate\":\"https:\\\/\\\/www.editorialjuventud.es\\\/?s={search_term_string}\"},\"query-input\":{\"@type\":\"PropertyValueSpecification\",\"valueRequired\":true,\"valueName\":\"search_term_string\"}}],\"inLanguage\":\"ca\"}]}<\/script>\n<!-- \/ Yoast SEO plugin. -->","yoast_head_json":{"title":"Contacte - Editorial Juventud","description":"ENVIAMENT DE MANUSCRITS Actualment nom\u00e9s estem considerant la publicaci\u00f3 d'\u00e0lbums il\u00b7lustrats\u00a0i\u00a0c\u00f2mics infantils. Si creus que tens un projecte que","robots":{"index":"index","follow":"follow","max-snippet":"max-snippet:-1","max-image-preview":"max-image-preview:large","max-video-preview":"max-video-preview:-1"},"canonical":"https:\/\/www.editorialjuventud.es\/ca\/contacte\/","og_locale":"ca_ES","og_type":"article","og_title":"Contacte - Editorial Juventud","og_description":"ENVIAMENT DE MANUSCRITS Actualment nom\u00e9s estem considerant la publicaci\u00f3 d'\u00e0lbums il\u00b7lustrats\u00a0i\u00a0c\u00f2mics infantils. Si creus que tens un projecte que","og_url":"https:\/\/www.editorialjuventud.es\/ca\/contacte\/","og_site_name":"Editorial Juventud","article_modified_time":"2019-12-20T11:24:02+00:00","twitter_card":"summary_large_image","twitter_misc":{"Temps estimat de lectura":"1 minut"},"schema":{"@context":"https:\/\/schema.org","@graph":[{"@type":"WebPage","@id":"https:\/\/www.editorialjuventud.es\/ca\/contacte\/","url":"https:\/\/www.editorialjuventud.es\/ca\/contacte\/","name":"Contacte - Editorial Juventud","isPartOf":{"@id":"https:\/\/www.editorialjuventud.es\/#website"},"datePublished":"2017-12-18T08:43:56+00:00","dateModified":"2019-12-20T11:24:02+00:00","description":"ENVIAMENT DE MANUSCRITS Actualment nom\u00e9s estem considerant la publicaci\u00f3 d'\u00e0lbums il\u00b7lustrats\u00a0i\u00a0c\u00f2mics infantils. Si creus que tens un projecte que","breadcrumb":{"@id":"https:\/\/www.editorialjuventud.es\/ca\/contacte\/#breadcrumb"},"inLanguage":"ca","potentialAction":[{"@type":"ReadAction","target":["https:\/\/www.editorialjuventud.es\/ca\/contacte\/"]}]},{"@type":"BreadcrumbList","@id":"https:\/\/www.editorialjuventud.es\/ca\/contacte\/#breadcrumb","itemListElement":[{"@type":"ListItem","position":1,"name":"Portada","item":"https:\/\/www.editorialjuventud.es\/"},{"@type":"ListItem","position":2,"name":"Contacte"}]},{"@type":"WebSite","@id":"https:\/\/www.editorialjuventud.es\/#website","url":"https:\/\/www.editorialjuventud.es\/","name":"Editorial Juventud","description":"","potentialAction":[{"@type":"SearchAction","target":{"@type":"EntryPoint","urlTemplate":"https:\/\/www.editorialjuventud.es\/?s={search_term_string}"},"query-input":{"@type":"PropertyValueSpecification","valueRequired":true,"valueName":"search_term_string"}}],"inLanguage":"ca"}]}},"_links":{"self":[{"href":"https:\/\/www.editorialjuventud.es\/ca\/wp-json\/wp\/v2\/pages\/2894","targetHints":{"allow":["GET"]}}],"collection":[{"href":"https:\/\/www.editorialjuventud.es\/ca\/wp-json\/wp\/v2\/pages"}],"about":[{"href":"https:\/\/www.editorialjuventud.es\/ca\/wp-json\/wp\/v2\/types\/page"}],"author":[{"embeddable":true,"href":"https:\/\/www.editorialjuventud.es\/ca\/wp-json\/wp\/v2\/users\/1"}],"replies":[{"embeddable":true,"href":"https:\/\/www.editorialjuventud.es\/ca\/wp-json\/wp\/v2\/comments?post=2894"}],"version-history":[{"count":4,"href":"https:\/\/www.editorialjuventud.es\/ca\/wp-json\/wp\/v2\/pages\/2894\/revisions"}],"predecessor-version":[{"id":35711,"href":"https:\/\/www.editorialjuventud.es\/ca\/wp-json\/wp\/v2\/pages\/2894\/revisions\/35711"}],"wp:attachment":[{"href":"https:\/\/www.editorialjuventud.es\/ca\/wp-json\/wp\/v2\/media?parent=2894"}],"curies":[{"name":"wp","href":"https:\/\/api.w.org\/{rel}","templated":true}]}}