{"id":2880,"date":"2018-01-23T10:04:52","date_gmt":"2018-01-23T09:04:52","guid":{"rendered":"http:\/\/www.editorialjuventud.es\/preguntas-frecuentes\/"},"modified":"2024-01-31T14:15:13","modified_gmt":"2024-01-31T13:15:13","slug":"faq","status":"publish","type":"page","link":"https:\/\/www.editorialjuventud.es\/ca\/faq\/","title":{"rendered":"FAQ"},"content":{"rendered":"<p><strong>Com puc informar-me de totes les vostres novetats?<\/strong><\/p>\n<p>Tenim un butllet\u00ed mensual amb totes les novetats i reimpressions. Si t&#8217;interessa subscriure&#8217;t, fes-ho <a href=\"http:\/\/eepurl.com\/gUqB8f\">aqu\u00ed.<\/a><\/p>\n<p><strong>Puc retornar la meva comanda?<\/strong><\/p>\n<p>Les comandes nom\u00e9s podran ser retornats en el cas que hi hagi un defecte en el llibre o que s&#8217;hagi fet malb\u00e9 en l&#8217;enviament. Per a m\u00e9s informaci\u00f3, consulta la <a href=\"https:\/\/www.editorialjuventud.es\/ca\/devolucions\/\">pol\u00edtica de devolucions<\/a>.<\/p>\n<p><strong>El pagament \u00e9s segur?<\/strong><\/p>\n<p>S\u00ed, el pagament es fa a trav\u00e9s del Comercia Global\u00a0<span class=\"hiddenSpellError\">Payment<\/span>, un servei de gesti\u00f3 de pagament que garanteix la seguretat.<\/p>\n<p><strong>Accepteu manuscrits?<\/strong><\/p>\n<p>S\u00ed, acceptem noves propostes editorials. La nostra l\u00ednia editorial se centra en \u00e0lbums il\u00b7lustrats per a nens de 0 a 7 anys, c\u00f2mics infantils i llibres n\u00e0utics.<br \/>\nSi creus que tens un projecte que encaixi amb la nostra l\u00ednia editorial, pots enviar un arxiu a: manuscritos@editorialjuventud.es<\/p>\n<p><strong>Quines s\u00f3n les pol\u00edtiques d&#8217;enviament?<\/strong><\/p>\n<p>Dins de la Pen\u00ednsula l&#8217;enviament ser\u00e0 gratu\u00eft. Pots consultar el cost de l&#8217;enviament a illes Balears, Can\u00e0ria, Ceuta i Melilla, o els enviaments internacionals <a href=\"https:\/\/www.editorialjuventud.es\/ca\/despeses\/\">aqu\u00ed<\/a>.<\/p>\n<p><strong>Soc una llibreria. Com puc vendre els vostres llibres?<\/strong><\/p>\n<p>Posa&#8217;t en contacte amb el nostre comercial <a href=\"https:\/\/www.editorialjuventud.es\/ca\/professionals\/\">aqu\u00ed.<\/a><\/p>\n","protected":false},"excerpt":{"rendered":"Com puc informar-me de totes les vostres novetats? Tenim un butllet\u00ed mensual amb totes les novetats i reimpressions. Si t&#8217;interessa subscriure&#8217;t, fes-ho aqu\u00ed. Puc retornar la meva comanda? Les comandes nom\u00e9s podran ser retornats en el cas que hi hagi [&hellip;]","protected":false},"author":1,"featured_media":0,"parent":0,"menu_order":0,"comment_status":"closed","ping_status":"closed","template":"page-template.php","meta":{"_acf_changed":false,"_exactmetrics_skip_tracking":false,"_exactmetrics_sitenote_active":false,"_exactmetrics_sitenote_note":"","_exactmetrics_sitenote_category":0,"footnotes":""},"class_list":["post-2880","page","type-page","status-publish","hentry"],"acf":[],"yoast_head":"<!-- This site is optimized with the Yoast SEO plugin v27.3 - https:\/\/yoast.com\/product\/yoast-seo-wordpress\/ -->\n<title>FAQ - Editorial Juventud<\/title>\n<meta name=\"description\" content=\"Com puc informar-me de totes les vostres novetats? Tenim un butllet\u00ed mensual amb totes les novetats i reimpressions. Si t&#039;interessa subscriure&#039;t, fes-ho\" \/>\n<meta name=\"robots\" content=\"index, follow, max-snippet:-1, max-image-preview:large, max-video-preview:-1\" \/>\n<link rel=\"canonical\" href=\"https:\/\/www.editorialjuventud.es\/ca\/faq\/\" \/>\n<meta property=\"og:locale\" content=\"ca_ES\" \/>\n<meta property=\"og:type\" content=\"article\" \/>\n<meta property=\"og:title\" content=\"FAQ - Editorial Juventud\" \/>\n<meta property=\"og:description\" content=\"Com puc informar-me de totes les vostres novetats? Tenim un butllet\u00ed mensual amb totes les novetats i reimpressions. Si t&#039;interessa subscriure&#039;t, fes-ho\" \/>\n<meta property=\"og:url\" content=\"https:\/\/www.editorialjuventud.es\/ca\/faq\/\" \/>\n<meta property=\"og:site_name\" content=\"Editorial Juventud\" \/>\n<meta property=\"article:modified_time\" content=\"2024-01-31T13:15:13+00:00\" \/>\n<meta name=\"twitter:card\" content=\"summary_large_image\" \/>\n<meta name=\"twitter:label1\" content=\"Temps estimat de lectura\" \/>\n\t<meta name=\"twitter:data1\" content=\"1 minut\" \/>\n<script type=\"application\/ld+json\" class=\"yoast-schema-graph\">{\"@context\":\"https:\\\/\\\/schema.org\",\"@graph\":[{\"@type\":\"WebPage\",\"@id\":\"https:\\\/\\\/www.editorialjuventud.es\\\/ca\\\/faq\\\/\",\"url\":\"https:\\\/\\\/www.editorialjuventud.es\\\/ca\\\/faq\\\/\",\"name\":\"FAQ - Editorial Juventud\",\"isPartOf\":{\"@id\":\"https:\\\/\\\/www.editorialjuventud.es\\\/#website\"},\"datePublished\":\"2018-01-23T09:04:52+00:00\",\"dateModified\":\"2024-01-31T13:15:13+00:00\",\"description\":\"Com puc informar-me de totes les vostres novetats? Tenim un butllet\u00ed mensual amb totes les novetats i reimpressions. Si t'interessa subscriure't, fes-ho\",\"breadcrumb\":{\"@id\":\"https:\\\/\\\/www.editorialjuventud.es\\\/ca\\\/faq\\\/#breadcrumb\"},\"inLanguage\":\"ca\",\"potentialAction\":[{\"@type\":\"ReadAction\",\"target\":[\"https:\\\/\\\/www.editorialjuventud.es\\\/ca\\\/faq\\\/\"]}]},{\"@type\":\"BreadcrumbList\",\"@id\":\"https:\\\/\\\/www.editorialjuventud.es\\\/ca\\\/faq\\\/#breadcrumb\",\"itemListElement\":[{\"@type\":\"ListItem\",\"position\":1,\"name\":\"Portada\",\"item\":\"https:\\\/\\\/www.editorialjuventud.es\\\/\"},{\"@type\":\"ListItem\",\"position\":2,\"name\":\"FAQ\"}]},{\"@type\":\"WebSite\",\"@id\":\"https:\\\/\\\/www.editorialjuventud.es\\\/#website\",\"url\":\"https:\\\/\\\/www.editorialjuventud.es\\\/\",\"name\":\"Editorial Juventud\",\"description\":\"\",\"potentialAction\":[{\"@type\":\"SearchAction\",\"target\":{\"@type\":\"EntryPoint\",\"urlTemplate\":\"https:\\\/\\\/www.editorialjuventud.es\\\/?s={search_term_string}\"},\"query-input\":{\"@type\":\"PropertyValueSpecification\",\"valueRequired\":true,\"valueName\":\"search_term_string\"}}],\"inLanguage\":\"ca\"}]}<\/script>\n<!-- \/ Yoast SEO plugin. -->","yoast_head_json":{"title":"FAQ - Editorial Juventud","description":"Com puc informar-me de totes les vostres novetats? Tenim un butllet\u00ed mensual amb totes les novetats i reimpressions. Si t'interessa subscriure't, fes-ho","robots":{"index":"index","follow":"follow","max-snippet":"max-snippet:-1","max-image-preview":"max-image-preview:large","max-video-preview":"max-video-preview:-1"},"canonical":"https:\/\/www.editorialjuventud.es\/ca\/faq\/","og_locale":"ca_ES","og_type":"article","og_title":"FAQ - Editorial Juventud","og_description":"Com puc informar-me de totes les vostres novetats? Tenim un butllet\u00ed mensual amb totes les novetats i reimpressions. Si t'interessa subscriure't, fes-ho","og_url":"https:\/\/www.editorialjuventud.es\/ca\/faq\/","og_site_name":"Editorial Juventud","article_modified_time":"2024-01-31T13:15:13+00:00","twitter_card":"summary_large_image","twitter_misc":{"Temps estimat de lectura":"1 minut"},"schema":{"@context":"https:\/\/schema.org","@graph":[{"@type":"WebPage","@id":"https:\/\/www.editorialjuventud.es\/ca\/faq\/","url":"https:\/\/www.editorialjuventud.es\/ca\/faq\/","name":"FAQ - Editorial Juventud","isPartOf":{"@id":"https:\/\/www.editorialjuventud.es\/#website"},"datePublished":"2018-01-23T09:04:52+00:00","dateModified":"2024-01-31T13:15:13+00:00","description":"Com puc informar-me de totes les vostres novetats? Tenim un butllet\u00ed mensual amb totes les novetats i reimpressions. Si t'interessa subscriure't, fes-ho","breadcrumb":{"@id":"https:\/\/www.editorialjuventud.es\/ca\/faq\/#breadcrumb"},"inLanguage":"ca","potentialAction":[{"@type":"ReadAction","target":["https:\/\/www.editorialjuventud.es\/ca\/faq\/"]}]},{"@type":"BreadcrumbList","@id":"https:\/\/www.editorialjuventud.es\/ca\/faq\/#breadcrumb","itemListElement":[{"@type":"ListItem","position":1,"name":"Portada","item":"https:\/\/www.editorialjuventud.es\/"},{"@type":"ListItem","position":2,"name":"FAQ"}]},{"@type":"WebSite","@id":"https:\/\/www.editorialjuventud.es\/#website","url":"https:\/\/www.editorialjuventud.es\/","name":"Editorial Juventud","description":"","potentialAction":[{"@type":"SearchAction","target":{"@type":"EntryPoint","urlTemplate":"https:\/\/www.editorialjuventud.es\/?s={search_term_string}"},"query-input":{"@type":"PropertyValueSpecification","valueRequired":true,"valueName":"search_term_string"}}],"inLanguage":"ca"}]}},"_links":{"self":[{"href":"https:\/\/www.editorialjuventud.es\/ca\/wp-json\/wp\/v2\/pages\/2880","targetHints":{"allow":["GET"]}}],"collection":[{"href":"https:\/\/www.editorialjuventud.es\/ca\/wp-json\/wp\/v2\/pages"}],"about":[{"href":"https:\/\/www.editorialjuventud.es\/ca\/wp-json\/wp\/v2\/types\/page"}],"author":[{"embeddable":true,"href":"https:\/\/www.editorialjuventud.es\/ca\/wp-json\/wp\/v2\/users\/1"}],"replies":[{"embeddable":true,"href":"https:\/\/www.editorialjuventud.es\/ca\/wp-json\/wp\/v2\/comments?post=2880"}],"version-history":[{"count":1,"href":"https:\/\/www.editorialjuventud.es\/ca\/wp-json\/wp\/v2\/pages\/2880\/revisions"}],"predecessor-version":[{"id":77909,"href":"https:\/\/www.editorialjuventud.es\/ca\/wp-json\/wp\/v2\/pages\/2880\/revisions\/77909"}],"wp:attachment":[{"href":"https:\/\/www.editorialjuventud.es\/ca\/wp-json\/wp\/v2\/media?parent=2880"}],"curies":[{"name":"wp","href":"https:\/\/api.w.org\/{rel}","templated":true}]}}