{"id":2877,"date":"2017-12-04T12:47:30","date_gmt":"2017-12-04T11:47:30","guid":{"rendered":"http:\/\/www.editorialjuventud.es\/politica-de-privacidad-y-condiciones-de-uso\/"},"modified":"2019-12-19T16:08:31","modified_gmt":"2019-12-19T15:08:31","slug":"politica-de-privacitat","status":"publish","type":"page","link":"https:\/\/www.editorialjuventud.es\/ca\/politica-de-privacitat\/","title":{"rendered":"Pol\u00edtica de Privacidad"},"content":{"rendered":"La presente Pol\u00edtica de Privacidad tiene por objeto facilitar y poner al alcance de los usuarios tota la informaci\u00f3n relativa al tratamiento de sus datos personales fruto del uso de la web <a href=\"http:\/\/www.editorialjuventud.es\">www.editorialjuventud.es<\/a> (en adelante \u201dla Web\u201d) conforme a lo dispuesto en el Reglamento General de Protecci\u00f3n de Datos 679\/2016 (en adelante \u201cRGPD\u201d) y la Ley Org\u00e1nica de Protecci\u00f3n de Datos Personales y Garant\u00eda de Derechos Digitales 3\/2018 (en adelante \u201cLOPDGDD\u201d).\n\n\n<div class=\"wp-block-spacer\" style=\"height: 50px;\" aria-hidden=\"true\"><\/div>\n \n<h4 class=\"wp-block-heading\"><strong>1. Responsable del tratamiento de datos<\/strong><\/h4>\n \n\nDe conformidad al art\u00edculo 13 del RGPD le informamos que el responsable del tratamiento de los datos personales de la Web es la sociedad <strong>EDITORIAL JUVENTUD, SA<\/strong> con domicilio en c\/ Proven\u00e7a, 101, 08029 Barcelona y con n\u00famero de CIF A08009243 (en adelante \u201cEDITORIAL JUVENTUD\u201d o el \u201cResponsable\u201d indistintamente).\n\n \n<div class=\"wp-block-spacer\" style=\"height: 50px;\" aria-hidden=\"true\"><\/div>\n \n<h4 class=\"wp-block-heading\"><strong>2. Finalidades del tratamiento de datos<\/strong><\/h4>\n \n\nEn funci\u00f3n de las funcionalidades que el usuario quiera disfrutar durante su navegaci\u00f3n en la Web podremos tener acceso a los siguientes datos:\n\n \n<div class=\"wp-block-spacer\" style=\"height: 20px;\" aria-hidden=\"true\"><\/div>\n \n\n<strong>a) Datos identificativos:<\/strong> nombre, apellido, direcci\u00f3n, etc.\n\n \n\n<strong>b) Datos econ\u00f3micos:<\/strong> n\u00famero de cuenta corriente, n\u00famero de tarjeta, etc.\n\n \n\n<strong>c) Datos de contacto:<\/strong> tel\u00e9fono, email.\n\n \n<div class=\"wp-block-spacer\" style=\"height: 20px;\" aria-hidden=\"true\"><\/div>\n \n\nEl Responsable tratar\u00e1 los datos para las siguientes finalidades:\n\n \n<div class=\"wp-block-spacer\" style=\"height: 20px;\" aria-hidden=\"true\"><\/div>\n \n\n-Gestionar y formalizar el registro en el formulario del apartado \u201cContacto\u201d.\n\n \n\n-Formalizar, ejecutar y gestionar la compra y env\u00edo de los productos en el apartado \u201cLa Compra\u201d, as\u00ed como la coordinaci\u00f3n y gesti\u00f3n del cobro.\n\n \n\n-Gestionar y formalizar el derecho de desistimiento contemplado en las Condiciones generales de contrataci\u00f3n.\n\n \n\n-Responder y atender a las solicitudes y consultas que el usuario pueda hacer por cualquier medio de contacto con el Responsable.\n\n \n\n-Enviar informaciones sobre el cat\u00e1logo y los libros de EDITORIAL JUVENTUD a trav\u00e9s de su Newsletter en aquellos casos en que el usuario se haya suscrito a la misma y de acuerdo con el detalle contenido en el apartado 3 de la presente Pol\u00edtica General de Privacidad.\n\n \n\n-Mejorar los servicios y contenidos de la Web.\n\n \n\n-Dar cumplimiento a obligaciones legales o relativas a una relaci\u00f3n contractual con el usuario.\n\n \n\n-Para fines de marketing, tal como se desarrolla en el punto 7.\n\n \n<div class=\"wp-block-spacer\" style=\"height: 50px;\" aria-hidden=\"true\"><\/div>\n \n<h4 class=\"wp-block-heading\"><strong>3. Env\u00edo de informaciones de la Newsletter<\/strong><\/h4>\n \n\nEn el supuesto que el usuario haya autorizado, mediante la marcaci\u00f3n de la casilla pertinente en los formularios, la suscripci\u00f3n a la Newsletter, EDITORIAL JUVENTUD le enviar\u00e1 informaci\u00f3n sobre sus actividades, formaciones, servicios, novedades, etc.\n\n \n\nEl usuario inscrito a la Newsletter podr\u00e1 revocar su consentimiento a recibir comunicaciones en cualquier momento, mediante el link o bot\u00f3n habilitado al efecto en cada una de las comunicaciones, o comunicando su voluntad de revocar el consentimiento a trav\u00e9s de los siguientes canales: un correo electr\u00f3nico que deber\u00e1 dirigir a <a href=\"mailto:prensa@editorialjuventud.es\"><strong>prensa@editorialjuventud.es<\/strong><\/a> o un correo postal dirigido a EDITORIAL JUVENTUD, c\/ Proven\u00e7a, 101, 08029 Barcelona.\n\n \n<div class=\"wp-block-spacer\" style=\"height: 50px;\" aria-hidden=\"true\"><\/div>\n \n<h4 class=\"wp-block-heading\"><strong>4. Destinatarios<\/strong><\/h4>\n \n\nEDITORIAL JUVENTUD es el destinatario principal de los datos personales de los usuarios. En ning\u00fan caso los datos ser\u00e1n tratados para finalidades propias.\n\n \n\nLos datos personales obtenidos del usuario no ser\u00e1n vendidos, alquilados, cedidos o puestos a disposici\u00f3n de terceros, salvo a aquellos proveedores de servicios de EDITORIAL JUVENTUD que requieran acceso a los datos. En cualquier caso, dicho acceso se har\u00e1 con las garant\u00edas legales pertinentes y en ning\u00fan caso, se tratar\u00e1n los datos para finalidades propias de dichos proveedores.\n\n \n<div class=\"wp-block-spacer\" style=\"height: 50px;\" aria-hidden=\"true\"><\/div>\n \n<h4 class=\"wp-block-heading\"><strong>5.\u00a0 Duraci\u00f3n del Tratamiento y plazo de conservaci\u00f3n de los datos<\/strong><\/h4>\n \n\nEl Responsable tratar\u00e1 los datos personales de los usuarios mientras \u00e9stos sean necesarios para el servicio\u00a0 y\/o hasta que el usuario solicite el borrado de los mismos.\n\n \n\nEn cualquier caso, y aunque el usuario solicite el borrado de sus datos, EDITORIAL JUVENTUD podr\u00e1 conservarlos y mantenerlos, bajo el debido bloqueo, durante el plazo necesario para cumplir con sus obligaciones legales y para su puesta a disposici\u00f3n de las autoridades con competencia en las distintas materias que sean de aplicaci\u00f3n.\n\n \n<div class=\"wp-block-spacer\" style=\"height: 50px;\" aria-hidden=\"true\"><\/div>\n \n<h4 class=\"wp-block-heading\"><strong>6. Transferencias internacionales de datos<\/strong><\/h4>\n \n\nEl tratamiento de los datos de los usuarios no est\u00e1 sujeto a transferencias internacionales de datos. No obstante lo anterior, en el caso de que se requiriera, el Responsable se asegurar\u00e1 de que dichos tratamientos de datos se protejan siempre con las garant\u00edas oportunas, que podr\u00e1n incluir:\n\n \n<div class=\"wp-block-spacer\" style=\"height: 20px;\" aria-hidden=\"true\"><\/div>\n \n\n<strong>Cl\u00e1usulas Tipo aprobadas por la UE:<\/strong> Se trata de contratos aprobados por el legislador Europeo, y que proporcionan las garant\u00edas suficientes para garantizar que el tratamiento cumple con los requisitos establecidos por el RGPD.\n\n \n<div class=\"wp-block-spacer\" style=\"height: 20px;\" aria-hidden=\"true\"><\/div>\n \n\n<strong>Certificaciones de los terceros:<\/strong> Por ejemplo, el Privacy Shield, acuerdo marco entre la UE y Estados Unidos que establece un marco estandarizado para el tratamiento de datos acorde a los requisitos del RGPD.\n\n \n<div class=\"wp-block-spacer\" style=\"height: 50px;\" aria-hidden=\"true\"><\/div>\n \n<h4 class=\"wp-block-heading\"><strong>7. Elaboraci\u00f3n de perfiles y tratamientos automatizados de datos<\/strong><\/h4>\n \n\nPara algunos servicios, el Responsable puede tratar sus datos personales utilizando medios automatizados. Esto significa que determinadas decisiones se toman de forma autom\u00e1tica, sin intervenci\u00f3n humana.\n\n \n\nOtros tratamientos que se pueden llevar a cabo es el de elaborar un perfil con la finalidad de predecir su comportamiento en la web, mostrando en la p\u00e1gina principal productos que puedan ser del inter\u00e9s del usuario, en base a las preferencias que haya demostrado mediante su navegaci\u00f3n, o informaci\u00f3n obtenida a trav\u00e9s de las cookies. Por ejemplo, en base a su historial de compra y navegaci\u00f3n (en funci\u00f3n de los libros sobre los que haya hecho click), se le har\u00e1 llegar sugerencias acerca de libros que EDITORIAL JUVENTUD cree que le puedan interesar.\n\n \n\nPara ello, el usuario puede configurar sus cookies en su navegador tal y como se detalla en la <strong><a href=\"\/politica-de-cookies\/\">Pol\u00edtica de Cookies<\/a><\/strong>.\n\n \n<div class=\"wp-block-spacer\" style=\"height: 50px;\" aria-hidden=\"true\"><\/div>\n \n<h4 class=\"wp-block-heading\"><strong>8. Ejercicio de derechos<\/strong><\/h4>\n \n\nLa legislaci\u00f3n vigente otorga una serie de derechos a los usuarios por raz\u00f3n del tratamiento de sus datos, los cuales se resumen a continuaci\u00f3n:\n\n \n<div class=\"wp-block-spacer\" style=\"height: 20px;\" aria-hidden=\"true\"><\/div>\n \n\n<strong>Derecho de acceso<\/strong>: el usuario tendr\u00e1 derecho a conocer sus datos personales tratados por el Responsable y las finalidades que se les dar\u00e1n a estos datos personales.\n\n \n<div class=\"wp-block-spacer\" style=\"height: 20px;\" aria-hidden=\"true\"><\/div>\n \n\n<strong>Derecho de rectificaci\u00f3n<\/strong>: el usuario puede solicitar la rectificaci\u00f3n de sus datos en cualquier momento.\n\n \n<div class=\"wp-block-spacer\" style=\"height: 20px;\" aria-hidden=\"true\"><\/div>\n \n\n<strong>Derecho de supresi\u00f3n<\/strong>: el usuario podr\u00e1 solicitar, en cualquier momento, que sus datos personales sean suprimidos de los ficheros del Responsable. Sin embargo, y tal y como indicamos en el apartado de conservaci\u00f3n de datos, en determinadas circunstancias, el cumplimiento de la legislaci\u00f3n vigente puede impedir el efectivo ejercicio de este derecho.\n\n \n<div class=\"wp-block-spacer\" style=\"height: 20px;\" aria-hidden=\"true\"><\/div>\n \n\n<strong>Derecho de oposici\u00f3n:<\/strong> el usuario podr\u00e1 oponerse al tratamiento de sus datos en relaci\u00f3n con cualesquiera de las finalidades con las que el Responsable trate sus datos, de acuerdo con las pol\u00edticas de privacidad aplicables en cada caso.\n\n \n<div class=\"wp-block-spacer\" style=\"height: 20px;\" aria-hidden=\"true\"><\/div>\n \n\n<strong>Derecho de limitaci\u00f3n del tratamiento: <\/strong>el usuario podr\u00e1 solicitar la limitaci\u00f3n del tratamiento en los siguientes casos:\n\n \n\n<strong>a)<\/strong> Si considera que los datos no son correctos o exactos;\n\n \n\n<strong>b)<\/strong> Si considera que no se est\u00e1n tratando sus datos de forma leg\u00edtima, pero prefiere que limitemos el tratamiento de los mismos a su eliminaci\u00f3n;\n\n \n\n<strong>c)<\/strong> Si los datos ya no nos son necesarios conforme a la finalidad para los que fueron recabados, pero necesita que se conserven para interponer reclamaciones legales;\n\n \n\n<strong>d)<\/strong> Si, habiendo ejercido el derecho de oposici\u00f3n a alg\u00fan tratamiento, est\u00e1 pendiente de respuesta al respecto por parte del Responsable\n\n \n<div class=\"wp-block-spacer\" style=\"height: 20px;\" aria-hidden=\"true\"><\/div>\n \n\n<strong>Derecho a la portabilidad de sus datos:<\/strong> el usuario tendr\u00e1 derecho a, siempre que sea posible t\u00e9cnicamente y sea razonable, solicitar que los datos personales que haya proporcionado directamente sean comunicados a otro responsable del tratamiento.\n\n \n<div class=\"wp-block-spacer\" style=\"height: 20px;\" aria-hidden=\"true\"><\/div>\n \n\nA pesar de que los datos se hayan recabado mediante el consentimiento del usuario, este podr\u00e1 revocarlo en cualquier momento, sin que tenga consecuencias para \u00e9l m\u00e1s all\u00e1 de, seg\u00fan el derecho ejercido, no poder prestarle determinados servicios.\n\n \n\nEl ejercicio de los derechos que el usuario ostenta podr\u00e1 hacerlo efectivo dirigi\u00e9ndose a \u00a0EDITORIAL JUVENTUD a trav\u00e9s de alguno de los siguientes medios, acompa\u00f1ando copia de su DNI o documento identificativo equivalente: un correo electr\u00f3nico que deber\u00e1 dirigir a <strong><a href=\"mailto:prensa@editorialjuventud.es\">prensa@editorialjuventud.es<\/a><\/strong> o un correo postal dirigio a EDITORIAL JUVENTUD, c\/ Proven\u00e7a, 101, 08029 Barcelona.\n\n \n\nEl usuario podr\u00e1 realizar consultas o sugerencias en relaci\u00f3n con el tratamiento de sus datos de car\u00e1cter personal dirigi\u00e9ndose a las direcciones facilitadas para el ejercicio de los derechos.\n\n \n\nEl usuario, podr\u00e1 presentar una reclamaci\u00f3n ante la autoridad competente en materia de protecci\u00f3n de datos si considera que no se han tratado sus datos de forma l\u00edcita o que no se han atendido sus solicitudes o derechos.\n\n \n\nEn Espa\u00f1a, dicha autoridad competente es la Agencia Espa\u00f1ola de Protecci\u00f3n de Datos.\n\n \n<div class=\"wp-block-spacer\" style=\"height: 50px;\" aria-hidden=\"true\"><\/div>\n","protected":false},"excerpt":{"rendered":"La presente Pol\u00edtica de Privacidad tiene por objeto facilitar y poner al alcance de los usuarios tota la informaci\u00f3n relativa al tratamiento de sus datos personales fruto del uso de la web www.editorialjuventud.es (en adelante \u201dla Web\u201d) conforme a lo [&hellip;]","protected":false},"author":1,"featured_media":0,"parent":0,"menu_order":0,"comment_status":"closed","ping_status":"closed","template":"page-template.php","meta":{"_acf_changed":false,"_exactmetrics_skip_tracking":false,"_exactmetrics_sitenote_active":false,"_exactmetrics_sitenote_note":"","_exactmetrics_sitenote_category":0,"footnotes":""},"class_list":["post-2877","page","type-page","status-publish","hentry"],"acf":[],"yoast_head":"<!-- This site is optimized with the Yoast SEO plugin v27.5 - https:\/\/yoast.com\/product\/yoast-seo-wordpress\/ -->\n<title>Pol\u00edtica de Privacidad - Editorial Juventud<\/title>\n<meta name=\"description\" content=\"La presente Pol\u00edtica de Privacidad tiene por objeto facilitar y poner al alcance de los usuarios tota la informaci\u00f3n relativa al tratamiento de sus datos\" \/>\n<meta name=\"robots\" content=\"index, follow, max-snippet:-1, max-image-preview:large, max-video-preview:-1\" \/>\n<link rel=\"canonical\" href=\"https:\/\/www.editorialjuventud.es\/ca\/politica-de-privacitat\/\" \/>\n<meta property=\"og:locale\" content=\"ca_ES\" \/>\n<meta property=\"og:type\" content=\"article\" \/>\n<meta property=\"og:title\" content=\"Pol\u00edtica de Privacidad - Editorial Juventud\" \/>\n<meta property=\"og:description\" content=\"La presente Pol\u00edtica de Privacidad tiene por objeto facilitar y poner al alcance de los usuarios tota la informaci\u00f3n relativa al tratamiento de sus datos\" \/>\n<meta property=\"og:url\" content=\"https:\/\/www.editorialjuventud.es\/ca\/politica-de-privacitat\/\" \/>\n<meta property=\"og:site_name\" content=\"Editorial Juventud\" \/>\n<meta property=\"article:modified_time\" content=\"2019-12-19T15:08:31+00:00\" \/>\n<meta name=\"twitter:card\" content=\"summary_large_image\" \/>\n<meta name=\"twitter:label1\" content=\"Temps estimat de lectura\" \/>\n\t<meta name=\"twitter:data1\" content=\"7 minuts\" \/>\n<script type=\"application\/ld+json\" class=\"yoast-schema-graph\">{\"@context\":\"https:\\\/\\\/schema.org\",\"@graph\":[{\"@type\":\"WebPage\",\"@id\":\"https:\\\/\\\/www.editorialjuventud.es\\\/ca\\\/politica-de-privacitat\\\/\",\"url\":\"https:\\\/\\\/www.editorialjuventud.es\\\/ca\\\/politica-de-privacitat\\\/\",\"name\":\"Pol\u00edtica de Privacidad - Editorial Juventud\",\"isPartOf\":{\"@id\":\"https:\\\/\\\/www.editorialjuventud.es\\\/#website\"},\"datePublished\":\"2017-12-04T11:47:30+00:00\",\"dateModified\":\"2019-12-19T15:08:31+00:00\",\"description\":\"La presente Pol\u00edtica de Privacidad tiene por objeto facilitar y poner al alcance de los usuarios tota la informaci\u00f3n relativa al tratamiento de sus datos\",\"breadcrumb\":{\"@id\":\"https:\\\/\\\/www.editorialjuventud.es\\\/ca\\\/politica-de-privacitat\\\/#breadcrumb\"},\"inLanguage\":\"ca\",\"potentialAction\":[{\"@type\":\"ReadAction\",\"target\":[\"https:\\\/\\\/www.editorialjuventud.es\\\/ca\\\/politica-de-privacitat\\\/\"]}]},{\"@type\":\"BreadcrumbList\",\"@id\":\"https:\\\/\\\/www.editorialjuventud.es\\\/ca\\\/politica-de-privacitat\\\/#breadcrumb\",\"itemListElement\":[{\"@type\":\"ListItem\",\"position\":1,\"name\":\"Portada\",\"item\":\"https:\\\/\\\/www.editorialjuventud.es\\\/\"},{\"@type\":\"ListItem\",\"position\":2,\"name\":\"Pol\u00edtica de Privacidad\"}]},{\"@type\":\"WebSite\",\"@id\":\"https:\\\/\\\/www.editorialjuventud.es\\\/#website\",\"url\":\"https:\\\/\\\/www.editorialjuventud.es\\\/\",\"name\":\"Editorial Juventud\",\"description\":\"\",\"potentialAction\":[{\"@type\":\"SearchAction\",\"target\":{\"@type\":\"EntryPoint\",\"urlTemplate\":\"https:\\\/\\\/www.editorialjuventud.es\\\/?s={search_term_string}\"},\"query-input\":{\"@type\":\"PropertyValueSpecification\",\"valueRequired\":true,\"valueName\":\"search_term_string\"}}],\"inLanguage\":\"ca\"}]}<\/script>\n<!-- \/ Yoast SEO plugin. -->","yoast_head_json":{"title":"Pol\u00edtica de Privacidad - Editorial Juventud","description":"La presente Pol\u00edtica de Privacidad tiene por objeto facilitar y poner al alcance de los usuarios tota la informaci\u00f3n relativa al tratamiento de sus datos","robots":{"index":"index","follow":"follow","max-snippet":"max-snippet:-1","max-image-preview":"max-image-preview:large","max-video-preview":"max-video-preview:-1"},"canonical":"https:\/\/www.editorialjuventud.es\/ca\/politica-de-privacitat\/","og_locale":"ca_ES","og_type":"article","og_title":"Pol\u00edtica de Privacidad - Editorial Juventud","og_description":"La presente Pol\u00edtica de Privacidad tiene por objeto facilitar y poner al alcance de los usuarios tota la informaci\u00f3n relativa al tratamiento de sus datos","og_url":"https:\/\/www.editorialjuventud.es\/ca\/politica-de-privacitat\/","og_site_name":"Editorial Juventud","article_modified_time":"2019-12-19T15:08:31+00:00","twitter_card":"summary_large_image","twitter_misc":{"Temps estimat de lectura":"7 minuts"},"schema":{"@context":"https:\/\/schema.org","@graph":[{"@type":"WebPage","@id":"https:\/\/www.editorialjuventud.es\/ca\/politica-de-privacitat\/","url":"https:\/\/www.editorialjuventud.es\/ca\/politica-de-privacitat\/","name":"Pol\u00edtica de Privacidad - Editorial Juventud","isPartOf":{"@id":"https:\/\/www.editorialjuventud.es\/#website"},"datePublished":"2017-12-04T11:47:30+00:00","dateModified":"2019-12-19T15:08:31+00:00","description":"La presente Pol\u00edtica de Privacidad tiene por objeto facilitar y poner al alcance de los usuarios tota la informaci\u00f3n relativa al tratamiento de sus datos","breadcrumb":{"@id":"https:\/\/www.editorialjuventud.es\/ca\/politica-de-privacitat\/#breadcrumb"},"inLanguage":"ca","potentialAction":[{"@type":"ReadAction","target":["https:\/\/www.editorialjuventud.es\/ca\/politica-de-privacitat\/"]}]},{"@type":"BreadcrumbList","@id":"https:\/\/www.editorialjuventud.es\/ca\/politica-de-privacitat\/#breadcrumb","itemListElement":[{"@type":"ListItem","position":1,"name":"Portada","item":"https:\/\/www.editorialjuventud.es\/"},{"@type":"ListItem","position":2,"name":"Pol\u00edtica de Privacidad"}]},{"@type":"WebSite","@id":"https:\/\/www.editorialjuventud.es\/#website","url":"https:\/\/www.editorialjuventud.es\/","name":"Editorial Juventud","description":"","potentialAction":[{"@type":"SearchAction","target":{"@type":"EntryPoint","urlTemplate":"https:\/\/www.editorialjuventud.es\/?s={search_term_string}"},"query-input":{"@type":"PropertyValueSpecification","valueRequired":true,"valueName":"search_term_string"}}],"inLanguage":"ca"}]}},"_links":{"self":[{"href":"https:\/\/www.editorialjuventud.es\/ca\/wp-json\/wp\/v2\/pages\/2877","targetHints":{"allow":["GET"]}}],"collection":[{"href":"https:\/\/www.editorialjuventud.es\/ca\/wp-json\/wp\/v2\/pages"}],"about":[{"href":"https:\/\/www.editorialjuventud.es\/ca\/wp-json\/wp\/v2\/types\/page"}],"author":[{"embeddable":true,"href":"https:\/\/www.editorialjuventud.es\/ca\/wp-json\/wp\/v2\/users\/1"}],"replies":[{"embeddable":true,"href":"https:\/\/www.editorialjuventud.es\/ca\/wp-json\/wp\/v2\/comments?post=2877"}],"version-history":[{"count":13,"href":"https:\/\/www.editorialjuventud.es\/ca\/wp-json\/wp\/v2\/pages\/2877\/revisions"}],"predecessor-version":[{"id":35635,"href":"https:\/\/www.editorialjuventud.es\/ca\/wp-json\/wp\/v2\/pages\/2877\/revisions\/35635"}],"wp:attachment":[{"href":"https:\/\/www.editorialjuventud.es\/ca\/wp-json\/wp\/v2\/media?parent=2877"}],"curies":[{"name":"wp","href":"https:\/\/api.w.org\/{rel}","templated":true}]}}