{"id":2874,"date":"2017-12-04T13:16:54","date_gmt":"2017-12-04T12:16:54","guid":{"rendered":"http:\/\/www.editorialjuventud.es\/politica-de-cookies\/"},"modified":"2019-12-19T16:16:53","modified_gmt":"2019-12-19T15:16:53","slug":"politica-de-cookies","status":"publish","type":"page","link":"https:\/\/www.editorialjuventud.es\/ca\/politica-de-cookies\/","title":{"rendered":"Pol\u00edtica de cookies"},"content":{"rendered":"<p>Las cookies o dispositivos de almacenamiento y recuperaci\u00f3n de datos son unos ficheros enviados por una p\u00e1gina web al navegador del usuario y que se almacenan autom\u00e1ticamente en el terminal de este para que la p\u00e1gina web en cuesti\u00f3n pueda consultar la actividad previa del usuario y \u201creconocerle\u201d.<\/p>\n<p>Las cookies pueden recordar otros tipos de informaci\u00f3n personal, como la contrase\u00f1a de un usuario, de manera que no haya que volver a escribirla cada vez que el usuario visita el mismo sitio, o sus preferencias en cuanto a la configuraci\u00f3n de la p\u00e1gina web (idioma, resoluci\u00f3n de pantalla, entre otros).<\/p>\n<p>Las cookies son esenciales para el funcionamiento de internet, aportando innumerables ventajas en la prestaci\u00f3n de servicios interactivos, facilit\u00e1ndole la navegaci\u00f3n y usabilidad de la web. Las cookies no pueden da\u00f1ar su equipo y que est\u00e9n activadas ayuda a identificar y resolver los errores.<\/p>\n<p>En definitiva, una cookie no es m\u00e1s que una sucesi\u00f3n de datos de navegaci\u00f3n que se almacenan en el equipo del usuario y que las p\u00e1ginas web detectan y reconocen para \u201crecordar\u201d dicha navegaci\u00f3n.<\/p>\n<p>A continuaci\u00f3n, proporcionamos m\u00e1s informaci\u00f3n sobre el uso de cookies utilizadas en el Sitio Web, distinguiendo:<\/p>\n\n\n<div style=\"height:20px\" aria-hidden=\"true\" class=\"wp-block-spacer\"><\/div>\n\n\n\n<p><strong>a)<\/strong> <strong>Cookies de sesi\u00f3n:<\/strong> son un tipo de cookies dise\u00f1adas para recabar y almacenar datos mientras el usuario accede a una p\u00e1gina web y caducan al terminar la sesi\u00f3n. La informaci\u00f3n obtenida por medio de estas cookies sirve para analizar pautas de tr\u00e1fico en la web. A la larga, esto permite proporcionar una mejor experiencia para mejorar el contenido y facilitar su uso.<\/p>\n\n\n\n<p><strong>b) Cookies anal\u00edticas: <\/strong>Son aquellas que permiten al responsable de las mismas, el seguimiento y an\u00e1lisis del comportamiento de los usuarios de los sitios web a los que est\u00e1n vinculadas.<\/p>\n\n\n\n<div style=\"height:20px\" aria-hidden=\"true\" class=\"wp-block-spacer\"><\/div>\n\n\n\n<p><strong>Este Sitio Web utiliza cookies de sesi\u00f3n y cookies anal\u00edticas para asegurar la mejor experiencia<\/strong><\/p>\n\n\n\n<div style=\"height:20px\" aria-hidden=\"true\" class=\"wp-block-spacer\"><\/div>\n\n\n\n<p>La aplicaci\u00f3n utilizada para obtener la informaci\u00f3n suministrada por las cookies anal\u00edticas es Google Analytics (Proveedor: Google; m\u00e1s informaci\u00f3n <strong><a href=\"http:\/\/www.google.es\/intl\/es\/policies\/\">aqu\u00ed<\/a><\/strong>).<\/p>\n\n\n\n<p>A continuaci\u00f3n se presenta el listado completo de las cookies utilizadas en este Sitio Web:<\/p>\n\n\n\n<div style=\"height:20px\" aria-hidden=\"true\" class=\"wp-block-spacer\"><\/div>\n\n\n\n<p><strong>Nombre: <\/strong> _ga<br><strong>Finalidad:<\/strong> Es una de las cookies principales establecidas por el servicio de Google Analytics que permite a los propietarios de sitios web rastrear el comportamiento del visitante y medir el rendimiento del Sitio Web.<br><strong>Duraci\u00f3n:<\/strong> 2 a\u00f1os por defecto y distingue entre los usuarios y las sesiones.<\/p>\n\n\n\n<div style=\"height:20px\" aria-hidden=\"true\" class=\"wp-block-spacer\"><\/div>\n\n\n\n<p><strong>Nombre:<\/strong> _gid<br><strong>Finalidad:<\/strong> Es una de las cookies principales establecidas por el servicio de Google Analytics que permite a los propietarios de sitios web rastrear el comportamiento del visitante y medir el rendimiento del Sitio Web<br><strong>Duraci\u00f3n:<\/strong> 24 horas por defecto y distingue entre los usuarios y las sesiones.<\/p>\n\n\n\n<div style=\"height:20px\" aria-hidden=\"true\" class=\"wp-block-spacer\"><\/div>\n\n\n\n<p><strong>Nombre:<\/strong> _gat<br><strong>Finalidad: <\/strong>Esta cookie la establece Google Analytics y su finalidad es minimizar la tasa de solicitud del servicio, limitando la recogida de datos en los sitios de tr\u00e1fico alto.<br><strong>Duraci\u00f3n:<\/strong> 1 d\u00eda.<\/p>\n\n\n\n<div style=\"height:20px\" aria-hidden=\"true\" class=\"wp-block-spacer\"><\/div>\n\n\n\n<p><strong>Nombre: <\/strong>_icl_current_admin_language\n<strong>Finalidad: <\/strong>Esta cookie la establece WordPress para gestionar el idioma del web.\n<strong>Duraci\u00f3n: <\/strong>1 d\u00eda.<\/p>\n\n\n\n<div style=\"height:20px\" aria-hidden=\"true\" class=\"wp-block-spacer\"><\/div>\n\n\n\n<p><strong>Nombre: <\/strong>_icl_current_language<br><strong>Finalidad: <\/strong>Esta cookie la establece WordPress para identificar el idioma del web.<br><strong>Duraci\u00f3n: <\/strong>1 d\u00eda.<\/p>\n\n\n\n<div style=\"height:20px\" aria-hidden=\"true\" class=\"wp-block-spacer\"><\/div>\n\n\n\n<p><strong>Nombre: <\/strong>cookie_notice_accepted<br><strong>Finalidad: <\/strong>Esta cookie se utiliza para mostrar o no mostrar el aviso de pol\u00edtica de cookies en funci\u00f3n de si ya se ha aceptado o no.<br><strong>Duraci\u00f3n: <\/strong>68 a\u00f1os por defecto.<\/p>\n\n\n\n<div style=\"height:20px\" aria-hidden=\"true\" class=\"wp-block-spacer\"><\/div>\n\n\n\n<p><strong>Nombre: <\/strong>cookielawinfo-checkbox-non-necessary<br><strong>Finalidad: <\/strong>Esta cookie se utiliza para el control de los checkbox confirmativos.<br><strong>Duraci\u00f3n: <\/strong>1 d\u00eda.<\/p>\n\n\n\n<div style=\"height:20px\" aria-hidden=\"true\" class=\"wp-block-spacer\"><\/div>\n\n\n\n<p><strong>Nombre: <\/strong>view_cookie_policy<br><strong>Finalidad: <\/strong>Esta cookie se utiliza para el control de los checkbox confirmativos.<br><strong>Duraci\u00f3n: <\/strong>1 a\u00f1o.<\/p>\n\n\n\n<div style=\"height:20px\" aria-hidden=\"true\" class=\"wp-block-spacer\"><\/div>\n\n\n\n<p><strong>Nombre: <\/strong>WordPress_test_cookie\n<strong>Finalidad: <\/strong>Esta cookie se usa para que el gestor de contenidos WordPress compruebe si el navegador tiene cookies activadas.\n<strong>Duraci\u00f3n: <\/strong>Expira al finalizar la sesi\u00f3n.<\/p>\n\n\n\n<div style=\"height:20px\" aria-hidden=\"true\" class=\"wp-block-spacer\"><\/div>\n\n\n\n<p><strong>Nombre: <\/strong>bid_1_password_protected_auth<br><strong>Finalidad: <\/strong>Esta cookie se usa para que el gestor de contenidos WordPress compruebe si el navegador tiene cookies activadas.<br><strong>Duraci\u00f3n: <\/strong>Expira al finalizar la sesi\u00f3n.<\/p>\n\n\n\n<div style=\"height:20px\" aria-hidden=\"true\" class=\"wp-block-spacer\"><\/div>\n\n\n\n<p><strong>Nombre: <\/strong>woocommerce_items_in_cart<br><strong>Finalidad: <\/strong>Esta cookie se utiliza para realizar un seguimiento de los datos de compre, contienen informaci\u00f3n acerca de la compra de su conjunto y ayuda a WooCommerce, cuando en el carro de la compra se cambian los datos.<br><strong>Duraci\u00f3n: <\/strong>Expira al finalizar la sesi\u00f3n.<\/p>\n\n\n\n<div style=\"height:20px\" aria-hidden=\"true\" class=\"wp-block-spacer\"><\/div>\n\n\n\n<p><strong>Nombre: <\/strong>woocommerce_cart_hash<br><strong>Finalidad: <\/strong>Esta cookie se utiliza para realizar un seguimiento de los datos de compra, contienen informaci\u00f3n acerca de la compra en su conjunto y ayuda a WooCommerce cuando se cambian datos en el carro de la compra.<br><strong>Duraci\u00f3n: <\/strong>Expira al finalizar la sesi\u00f3n.<\/p>\n\n\n\n<div style=\"height:20px\" aria-hidden=\"true\" class=\"wp-block-spacer\"><\/div>\n\n\n\n<p><strong>Nombre: <\/strong>wp_woocommerce_sessio<br><strong> Finalidad: <\/strong>Esta cookie contiene un c\u00f3digo \u00fanico para que cada cliente sepa encontrar los datos de compra.<br><strong>Duraci\u00f3n: <\/strong>Expira a las 24 horas.<\/p>\n\n\n\n<div style=\"height:20px\" aria-hidden=\"true\" class=\"wp-block-spacer\"><\/div>\n\n\n\n<p>Todos los navegadores de Internet permiten limitar el comportamiento de una cookie o desactivar las cookies dentro de la configuraci\u00f3n o las opciones del navegador. Los pasos para hacerlo son diferentes para cada navegador, pudi\u00e9ndose encontrar instrucciones en el men\u00fa de ayuda de tu navegador.<\/p>\n\n\n\n<p>Asimismo, el usuario puede activar, seg\u00fan el navegador utilizado, cualesquiera de las siguientes opciones para limitar el alcance de las cookies instaladas o su funcionamiento:<\/p>\n\n\n\n<div style=\"height:20px\" aria-hidden=\"true\" class=\"wp-block-spacer\"><\/div>\n\n\n\n<p>&#8211; La navegaci\u00f3n privada, mediante la cual su navegador deja de guardar el historial de navegaci\u00f3n, contrase\u00f1as de sitios web, cookies y otra informaci\u00f3n de las p\u00e1ginas que visita.<\/p>\n\n\n\n<p>&#8211; La funci\u00f3n de no rastrear, por la que el navegador pide a los sitios web que visita que no rastreen sus h\u00e1bitos de navegaci\u00f3n, para por ejemplo, ofrecerle publicidad de su inter\u00e9s en los sitios que visita.<\/p>\n\n\n\n<div style=\"height:20px\" aria-hidden=\"true\" class=\"wp-block-spacer\"><\/div>\n\n\n\n<p>Dependiendo de cada navegador este modo privado, puede tener diferentes nombres. A continuaci\u00f3n, se puede encontrar una lista de los navegadores m\u00e1s comunes con un enlace a la configuraci\u00f3n de cookies y los diferentes nombres de este \u201cmodo privado\u201d:<\/p>\n\n\n\n<div style=\"height:20px\" aria-hidden=\"true\" class=\"wp-block-spacer\"><\/div>\n\n\n\n<p><strong>Internet Explorer 8 y superior; <em>InPrivate<\/em><\/strong>\n<a href=\"http:\/\/windows.microsoft.com\/es-es\/windows-vista\/block-or-allow-cookies\">http:\/\/windows.microsoft.com\/es-es\/windows-vista\/block-or-allow-cookies<\/a><\/p>\n\n\n\n<p><strong>Safari 2 y superior; <em>Navegaci\u00f3n Privada<\/em>\n<\/strong><a href=\"http:\/\/support.apple.com\/kb\/ht1677?viewlocale=es_es&amp;locale=es_es\">http:\/\/support.apple.com\/kb\/ht1677?viewlocale=es_es&amp;locale=es_es<\/a><\/p>\n\n\n\n<p><strong>Opera 10.5 y superior; <\/strong><em><strong>Navegaci\u00f3n Privada<\/strong><\/em>\n<a href=\"http:\/\/help.opera.com\/Windows\/11.50\/es-ES\/cookies.html\">http:\/\/help.opera.com\/Windows\/11.50\/es-ES\/cookies.html<\/a><\/p>\n\n\n\n<p><strong>FireFox 3.5 y superior; <em>Navegaci\u00f3n Privada<\/em>\n<\/strong><a href=\"http:\/\/support.mozilla.org\/es\/kb\/habilitar-y-deshabilitar-cookies-que-los-sitios-we\">http:\/\/support.mozilla.org\/es\/kb\/habilitar-y-deshabilitar-cookies-que-los-sitios-we<\/a><\/p>\n\n\n\n<p><strong>Google Chrome 10 y superior; <em>Inc\u00f3gnito<\/em><\/strong>\n<a href=\"https:\/\/support.google.com\/chrome\/answer\/95647?hl=es\">https:\/\/support.google.com\/chrome\/answer\/95647?hl=es<\/a><\/p>\n\n\n\n<div style=\"height:20px\" aria-hidden=\"true\" class=\"wp-block-spacer\"><\/div>\n\n\n\n<p>Si desea tener un mayor control sobre la instalaci\u00f3n de Cookies, puede instalar programas o complementos a su navegador, conocidos como herramientas de \u201c<em>Do Not Track<\/em>\u201d, que le permitir\u00e1n escoger aquellas cookies que desea permitir.<\/p>\n\n\n\n<p>Finalmente, le informamos de que tiene la posibilidad de revocar en cualquier momento el consentimiento prestado para la utilizaci\u00f3n de cookies por parte de EDITORIAL JUVENTUD, SA configurando para ello su navegador en los t\u00e9rminos previstos en el punto anterior.<\/p>\n","protected":false},"excerpt":{"rendered":"Las cookies o dispositivos de almacenamiento y recuperaci\u00f3n de datos son unos ficheros enviados por una p\u00e1gina web al navegador del usuario y que se almacenan autom\u00e1ticamente en el terminal de este para que la p\u00e1gina web en cuesti\u00f3n pueda [&hellip;]","protected":false},"author":1,"featured_media":0,"parent":0,"menu_order":0,"comment_status":"closed","ping_status":"closed","template":"page-template.php","meta":{"_acf_changed":false,"_exactmetrics_skip_tracking":false,"_exactmetrics_sitenote_active":false,"_exactmetrics_sitenote_note":"","_exactmetrics_sitenote_category":0,"footnotes":""},"class_list":["post-2874","page","type-page","status-publish","hentry"],"acf":[],"yoast_head":"<!-- This site is optimized with the Yoast SEO plugin v27.5 - https:\/\/yoast.com\/product\/yoast-seo-wordpress\/ -->\n<title>Pol\u00edtica de cookies - Editorial Juventud<\/title>\n<meta name=\"description\" content=\"Las cookies o dispositivos de almacenamiento y recuperaci\u00f3n de datos son unos ficheros enviados por una p\u00e1gina web al navegador del usuario y que se\" \/>\n<meta name=\"robots\" content=\"index, follow, max-snippet:-1, max-image-preview:large, max-video-preview:-1\" \/>\n<link rel=\"canonical\" href=\"https:\/\/www.editorialjuventud.es\/ca\/politica-de-cookies\/\" \/>\n<meta property=\"og:locale\" content=\"ca_ES\" \/>\n<meta property=\"og:type\" content=\"article\" \/>\n<meta property=\"og:title\" content=\"Pol\u00edtica de cookies - Editorial Juventud\" \/>\n<meta property=\"og:description\" content=\"Las cookies o dispositivos de almacenamiento y recuperaci\u00f3n de datos son unos ficheros enviados por una p\u00e1gina web al navegador del usuario y que se\" \/>\n<meta property=\"og:url\" content=\"https:\/\/www.editorialjuventud.es\/ca\/politica-de-cookies\/\" \/>\n<meta property=\"og:site_name\" content=\"Editorial Juventud\" \/>\n<meta property=\"article:modified_time\" content=\"2019-12-19T15:16:53+00:00\" \/>\n<meta name=\"twitter:card\" content=\"summary_large_image\" \/>\n<meta name=\"twitter:label1\" content=\"Temps estimat de lectura\" \/>\n\t<meta name=\"twitter:data1\" content=\"6 minuts\" \/>\n<script type=\"application\/ld+json\" class=\"yoast-schema-graph\">{\"@context\":\"https:\\\/\\\/schema.org\",\"@graph\":[{\"@type\":\"WebPage\",\"@id\":\"https:\\\/\\\/www.editorialjuventud.es\\\/ca\\\/politica-de-cookies\\\/\",\"url\":\"https:\\\/\\\/www.editorialjuventud.es\\\/ca\\\/politica-de-cookies\\\/\",\"name\":\"Pol\u00edtica de cookies - Editorial Juventud\",\"isPartOf\":{\"@id\":\"https:\\\/\\\/www.editorialjuventud.es\\\/#website\"},\"datePublished\":\"2017-12-04T12:16:54+00:00\",\"dateModified\":\"2019-12-19T15:16:53+00:00\",\"description\":\"Las cookies o dispositivos de almacenamiento y recuperaci\u00f3n de datos son unos ficheros enviados por una p\u00e1gina web al navegador del usuario y que se\",\"breadcrumb\":{\"@id\":\"https:\\\/\\\/www.editorialjuventud.es\\\/ca\\\/politica-de-cookies\\\/#breadcrumb\"},\"inLanguage\":\"ca\",\"potentialAction\":[{\"@type\":\"ReadAction\",\"target\":[\"https:\\\/\\\/www.editorialjuventud.es\\\/ca\\\/politica-de-cookies\\\/\"]}]},{\"@type\":\"BreadcrumbList\",\"@id\":\"https:\\\/\\\/www.editorialjuventud.es\\\/ca\\\/politica-de-cookies\\\/#breadcrumb\",\"itemListElement\":[{\"@type\":\"ListItem\",\"position\":1,\"name\":\"Portada\",\"item\":\"https:\\\/\\\/www.editorialjuventud.es\\\/\"},{\"@type\":\"ListItem\",\"position\":2,\"name\":\"Pol\u00edtica de cookies\"}]},{\"@type\":\"WebSite\",\"@id\":\"https:\\\/\\\/www.editorialjuventud.es\\\/#website\",\"url\":\"https:\\\/\\\/www.editorialjuventud.es\\\/\",\"name\":\"Editorial Juventud\",\"description\":\"\",\"potentialAction\":[{\"@type\":\"SearchAction\",\"target\":{\"@type\":\"EntryPoint\",\"urlTemplate\":\"https:\\\/\\\/www.editorialjuventud.es\\\/?s={search_term_string}\"},\"query-input\":{\"@type\":\"PropertyValueSpecification\",\"valueRequired\":true,\"valueName\":\"search_term_string\"}}],\"inLanguage\":\"ca\"}]}<\/script>\n<!-- \/ Yoast SEO plugin. -->","yoast_head_json":{"title":"Pol\u00edtica de cookies - Editorial Juventud","description":"Las cookies o dispositivos de almacenamiento y recuperaci\u00f3n de datos son unos ficheros enviados por una p\u00e1gina web al navegador del usuario y que se","robots":{"index":"index","follow":"follow","max-snippet":"max-snippet:-1","max-image-preview":"max-image-preview:large","max-video-preview":"max-video-preview:-1"},"canonical":"https:\/\/www.editorialjuventud.es\/ca\/politica-de-cookies\/","og_locale":"ca_ES","og_type":"article","og_title":"Pol\u00edtica de cookies - Editorial Juventud","og_description":"Las cookies o dispositivos de almacenamiento y recuperaci\u00f3n de datos son unos ficheros enviados por una p\u00e1gina web al navegador del usuario y que se","og_url":"https:\/\/www.editorialjuventud.es\/ca\/politica-de-cookies\/","og_site_name":"Editorial Juventud","article_modified_time":"2019-12-19T15:16:53+00:00","twitter_card":"summary_large_image","twitter_misc":{"Temps estimat de lectura":"6 minuts"},"schema":{"@context":"https:\/\/schema.org","@graph":[{"@type":"WebPage","@id":"https:\/\/www.editorialjuventud.es\/ca\/politica-de-cookies\/","url":"https:\/\/www.editorialjuventud.es\/ca\/politica-de-cookies\/","name":"Pol\u00edtica de cookies - Editorial Juventud","isPartOf":{"@id":"https:\/\/www.editorialjuventud.es\/#website"},"datePublished":"2017-12-04T12:16:54+00:00","dateModified":"2019-12-19T15:16:53+00:00","description":"Las cookies o dispositivos de almacenamiento y recuperaci\u00f3n de datos son unos ficheros enviados por una p\u00e1gina web al navegador del usuario y que se","breadcrumb":{"@id":"https:\/\/www.editorialjuventud.es\/ca\/politica-de-cookies\/#breadcrumb"},"inLanguage":"ca","potentialAction":[{"@type":"ReadAction","target":["https:\/\/www.editorialjuventud.es\/ca\/politica-de-cookies\/"]}]},{"@type":"BreadcrumbList","@id":"https:\/\/www.editorialjuventud.es\/ca\/politica-de-cookies\/#breadcrumb","itemListElement":[{"@type":"ListItem","position":1,"name":"Portada","item":"https:\/\/www.editorialjuventud.es\/"},{"@type":"ListItem","position":2,"name":"Pol\u00edtica de cookies"}]},{"@type":"WebSite","@id":"https:\/\/www.editorialjuventud.es\/#website","url":"https:\/\/www.editorialjuventud.es\/","name":"Editorial Juventud","description":"","potentialAction":[{"@type":"SearchAction","target":{"@type":"EntryPoint","urlTemplate":"https:\/\/www.editorialjuventud.es\/?s={search_term_string}"},"query-input":{"@type":"PropertyValueSpecification","valueRequired":true,"valueName":"search_term_string"}}],"inLanguage":"ca"}]}},"_links":{"self":[{"href":"https:\/\/www.editorialjuventud.es\/ca\/wp-json\/wp\/v2\/pages\/2874","targetHints":{"allow":["GET"]}}],"collection":[{"href":"https:\/\/www.editorialjuventud.es\/ca\/wp-json\/wp\/v2\/pages"}],"about":[{"href":"https:\/\/www.editorialjuventud.es\/ca\/wp-json\/wp\/v2\/types\/page"}],"author":[{"embeddable":true,"href":"https:\/\/www.editorialjuventud.es\/ca\/wp-json\/wp\/v2\/users\/1"}],"replies":[{"embeddable":true,"href":"https:\/\/www.editorialjuventud.es\/ca\/wp-json\/wp\/v2\/comments?post=2874"}],"version-history":[{"count":48,"href":"https:\/\/www.editorialjuventud.es\/ca\/wp-json\/wp\/v2\/pages\/2874\/revisions"}],"predecessor-version":[{"id":35638,"href":"https:\/\/www.editorialjuventud.es\/ca\/wp-json\/wp\/v2\/pages\/2874\/revisions\/35638"}],"wp:attachment":[{"href":"https:\/\/www.editorialjuventud.es\/ca\/wp-json\/wp\/v2\/media?parent=2874"}],"curies":[{"name":"wp","href":"https:\/\/api.w.org\/{rel}","templated":true}]}}